{"id":46882,"date":"2024-01-26T14:29:40","date_gmt":"2024-01-26T11:29:40","guid":{"rendered":"https:\/\/teidakademi.com\/?page_id=46882"},"modified":"2024-01-30T13:29:26","modified_gmt":"2024-01-30T10:29:26","slug":"teid-academy-x-coca-cola-icecek-corporate-ethics-and-compliance-management-training","status":"publish","type":"page","link":"https:\/\/teidakademi.com\/en\/index.php\/teid-academy-x-coca-cola-icecek-corporate-ethics-and-compliance-management-training\/","title":{"rendered":"TE\u0130D Academy x Coca-Cola \u0130\u00e7ecek \u201cCorporate Ethics and Compliance Management\u201d Training"},"content":{"rendered":"\t\t<div data-elementor-type=\"wp-page\" data-elementor-id=\"46882\" class=\"elementor elementor-46882 elementor-46872\" data-elementor-settings=\"{&quot;ha_cmc_init_switcher&quot;:&quot;no&quot;}\" data-elementor-post-type=\"page\">\n\t\t\t\t\t\t<section class=\"elementor-section elementor-top-section elementor-element elementor-element-bc39e38 elementor-section-boxed elementor-section-height-default elementor-section-height-default\" data-id=\"bc39e38\" data-element_type=\"section\" data-e-type=\"section\" data-settings=\"{&quot;_ha_eqh_enable&quot;:false}\">\n\t\t\t\t\t\t<div class=\"elementor-container elementor-column-gap-default\">\n\t\t\t\t\t<div class=\"elementor-column elementor-col-100 elementor-top-column elementor-element elementor-element-8a8309a\" data-id=\"8a8309a\" data-element_type=\"column\" data-e-type=\"column\">\n\t\t\t<div class=\"elementor-widget-wrap elementor-element-populated\">\n\t\t\t\t\t\t<div class=\"elementor-element elementor-element-73037e2 elementor-widget elementor-widget-text-editor\" data-id=\"73037e2\" data-element_type=\"widget\" data-e-type=\"widget\" data-widget_type=\"text-editor.default\">\n\t\t\t\t<div class=\"elementor-widget-container\">\n\t\t\t\t\t\t\t\t\t<p style=\"text-align: center;\"><strong><span style=\"font-size: 10.5pt;\"><span lang=\"TR\">TE\u0130D Academy x Coca-Cola \u0130\u00e7ecek \u201cCorporate Ethics and Compliance Management\u201d Training Program Started!<\/span><\/span><\/strong><\/p><p style=\"font-weight: 400; text-align: center;\">TE\u0130D Academy x Coca Cola \u0130\u00e7ecek &#8220;Corporate Ethics and Compliance Management&#8221; training program in English started on January 24, 2024.<\/p><p style=\"font-weight: 400; text-align: center;\">The regional program has been designed especially for 64 participants from Kyrgyzstan, Kazakhstan, Pakistan, T\u00fcrkiye, Uzbekistan, Jordan, Iraq, Azerbaycan, Tajikistan and Turkmenistan.<\/p><p style=\"font-weight: 400; text-align: center;\"><strong>The 19-hours program consists of 12 lectures from 12 different lecturers.<\/strong><\/p>\t\t\t\t\t\t\t\t<\/div>\n\t\t\t\t<\/div>\n\t\t\t\t\t<\/div>\n\t\t<\/div>\n\t\t\t\t\t<\/div>\n\t\t<\/section>\n\t\t\t\t<\/div>\n\t\t","protected":false},"excerpt":{"rendered":"<p>TE\u0130D Academy x Coca-Cola \u0130\u00e7ecek \u201cCorporate Ethics and Compliance Management\u201d Training Program Started! TE\u0130D Academy x Coca Cola \u0130\u00e7ecek &#8220;Corporate Ethics and Compliance Management&#8221; training program in English started on January 24, 2024. The regional program has been designed especially for 64 participants from Kyrgyzstan, Kazakhstan, Pakistan, T\u00fcrkiye, Uzbekistan, Jordan, Iraq, Azerbaycan, Tajikistan and Turkmenistan. [&hellip;]<\/p>\n","protected":false},"author":1,"featured_media":0,"parent":0,"menu_order":0,"comment_status":"closed","ping_status":"closed","template":"elementor_header_footer","meta":{"_bbp_topic_count":0,"_bbp_reply_count":0,"_bbp_total_topic_count":0,"_bbp_total_reply_count":0,"_bbp_voice_count":0,"_bbp_anonymous_reply_count":0,"_bbp_topic_count_hidden":0,"_bbp_reply_count_hidden":0,"_bbp_forum_subforum_count":0,"footnotes":""},"class_list":["post-46882","page","type-page","status-publish","hentry"],"_links":{"self":[{"href":"https:\/\/teidakademi.com\/en\/index.php\/wp-json\/wp\/v2\/pages\/46882","targetHints":{"allow":["GET"]}}],"collection":[{"href":"https:\/\/teidakademi.com\/en\/index.php\/wp-json\/wp\/v2\/pages"}],"about":[{"href":"https:\/\/teidakademi.com\/en\/index.php\/wp-json\/wp\/v2\/types\/page"}],"author":[{"embeddable":true,"href":"https:\/\/teidakademi.com\/en\/index.php\/wp-json\/wp\/v2\/users\/1"}],"replies":[{"embeddable":true,"href":"https:\/\/teidakademi.com\/en\/index.php\/wp-json\/wp\/v2\/comments?post=46882"}],"version-history":[{"count":8,"href":"https:\/\/teidakademi.com\/en\/index.php\/wp-json\/wp\/v2\/pages\/46882\/revisions"}],"predecessor-version":[{"id":46928,"href":"https:\/\/teidakademi.com\/en\/index.php\/wp-json\/wp\/v2\/pages\/46882\/revisions\/46928"}],"wp:attachment":[{"href":"https:\/\/teidakademi.com\/en\/index.php\/wp-json\/wp\/v2\/media?parent=46882"}],"curies":[{"name":"wp","href":"https:\/\/api.w.org\/{rel}","templated":true}]}}