{"id":1013,"date":"2021-11-10T12:59:05","date_gmt":"2021-11-10T09:59:05","guid":{"rendered":"https:\/\/teidakademi.mucizefikironline.com\/?page_id=1013"},"modified":"2023-01-17T13:13:13","modified_gmt":"2023-01-17T10:13:13","slug":"kurumsal-egitimlerimiz","status":"publish","type":"page","link":"https:\/\/teidakademi.com\/index.php\/kurumsal-egitimlerimiz\/","title":{"rendered":"Kurumsal E\u011fitimlerimiz"},"content":{"rendered":"\t\t<div data-elementor-type=\"wp-page\" data-elementor-id=\"1013\" class=\"elementor elementor-1013\" data-elementor-settings=\"{&quot;ha_cmc_init_switcher&quot;:&quot;no&quot;}\" data-elementor-post-type=\"page\">\n\t\t\t\t\t\t<section class=\"elementor-section elementor-top-section elementor-element elementor-element-bc39e38 elementor-section-boxed elementor-section-height-default elementor-section-height-default\" data-id=\"bc39e38\" data-element_type=\"section\" data-e-type=\"section\" data-settings=\"{&quot;_ha_eqh_enable&quot;:false}\">\n\t\t\t\t\t\t<div class=\"elementor-container elementor-column-gap-default\">\n\t\t\t\t\t<div class=\"elementor-column elementor-col-100 elementor-top-column elementor-element elementor-element-8a8309a\" data-id=\"8a8309a\" data-element_type=\"column\" data-e-type=\"column\">\n\t\t\t<div class=\"elementor-widget-wrap elementor-element-populated\">\n\t\t\t\t\t\t<div class=\"elementor-element elementor-element-4d104dc elementor-widget elementor-widget-heading\" data-id=\"4d104dc\" data-element_type=\"widget\" data-e-type=\"widget\" data-widget_type=\"heading.default\">\n\t\t\t\t<div class=\"elementor-widget-container\">\n\t\t\t\t\t<h2 class=\"elementor-heading-title elementor-size-default\">TE\u0130D Akademi Kurumunuza \u00d6zel E\u011fitimler tasarl\u0131yor!\n<\/h2>\t\t\t\t<\/div>\n\t\t\t\t<\/div>\n\t\t\t\t<div class=\"elementor-element elementor-element-420fcf7 elementor-widget elementor-widget-heading\" data-id=\"420fcf7\" data-element_type=\"widget\" data-e-type=\"widget\" data-widget_type=\"heading.default\">\n\t\t\t\t<div class=\"elementor-widget-container\">\n\t\t\t\t\t<h2 class=\"elementor-heading-title elementor-size-default\">TE\u0130D\u2019in uzman kadrosu taraf\u0131ndan sizler i\u00e7in \u00f6zel tasarlanan kurumsal e\u011fitim i\u00e7eriklerimizden \u00f6rnekleri a\u015fa\u011f\u0131da bulabilirsiniz.\n\n<\/h2>\t\t\t\t<\/div>\n\t\t\t\t<\/div>\n\t\t\t\t<div class=\"elementor-element elementor-element-487b4d7 elementor-widget elementor-widget-text-editor\" data-id=\"487b4d7\" data-element_type=\"widget\" data-e-type=\"widget\" data-widget_type=\"text-editor.default\">\n\t\t\t\t<div class=\"elementor-widget-container\">\n\t\t\t\t\t\t\t\t\t<p>Uyum Program\u0131n\u0131n Yarat\u0131lmas\u0131<br \/>Uyum Politikalar\u0131n\u0131n Haz\u0131rlanmas\u0131 ve Yaz\u0131lmas\u0131<br \/>Etik ve Uyum Risk Y\u00f6netim Program\u0131n\u0131n Temelleri: Program Elementleri ve Etkin Y\u00f6netimi<br \/>Etik ve Uyum Program\u0131n\u0131n Temel Ad\u0131mlar\u0131<br \/>Etik ve Uyum Y\u00f6neticisinin \u0130lk 90 G\u00fcn\u00fc<br \/>\u00c7\u0131kar \u00c7at\u0131\u015fmas\u0131: Nedir? Neden \u00f6nemli? Nas\u0131l Y\u00f6netilmeli?<br \/>Etik Kod nas\u0131l yaz\u0131l\u0131r, nas\u0131l hayata ge\u00e7er?<br \/>Etik Raporlama-De\u011ferlendirme Nas\u0131l Yap\u0131lmal\u0131?<br \/>Etik Program\u0131n Etkinli\u011finin \u00d6l\u00e7\u00fcm Ara\u00e7lar\u0131<br \/>Yolsuzlukla M\u00fccadele Politikas\u0131<br \/>Etik Risk Haritas\u0131n\u0131n Yap\u0131lmas\u0131<br \/>Dijitalde Etik<br \/>Etik K\u00fclt\u00fcr\u00fcn\u00fcn Yarat\u0131lmas\u0131 ve Peki\u015ftirilmesi<br \/>Etkin \u0130\u00e7 Soru\u015fturma Y\u00f6ntemleri \/ Beyaz Su\u00e7lar\u0131<br \/>\u0130hbar, Misillemenin \u00d6nlenmesi<br \/>Ki\u015fisel Verilerin Korunmas\u0131 Kanununa Uyum Program\u0131n\u0131n Geli\u015ftirilmesi<br \/>Uyum \u0130hlallerinde \u0130\u015f Hukuku Uygulamalar\u0131<br \/>\u00dc\u00e7\u00fcnc\u00fc Taraflar Risk De\u011ferlendirmesi<br \/>Antitr\u00f6st ve Rekabet Hukuku Riskleri<br \/>Devlet \u0130haleleri ve kamu ili\u015fkileri: Zorluklar\u0131, Risk Y\u00f6netimi<br \/>FCPA \u00c7er\u00e7evesinde T\u00fcrk \u015eirketlerinin Y\u00fck\u00fcml\u00fcl\u00fckleri ve Uymalar\u0131 Gereken Kurallar<br \/>Geli\u015fmekte Olan Pazarlarda Etik Risklerin Y\u00f6netimi<br \/>Kurumsal Y\u00f6netimde Etik<\/p><p>Bu konular\u0131n d\u0131\u015f\u0131nda taleplerinize de cevap verebilecek geni\u015f bir e\u011fitmen\/konu\u015fmac\u0131 havuzuna sahip olan TE\u0130D Akademi sizlere yar\u0131m g\u00fcnl\u00fck, tam g\u00fcnl\u00fck, birka\u00e7 g\u00fcnl\u00fck veya seri e\u011fitimleri talep ve ihtiya\u00e7lar\u0131n\u0131z do\u011frultusunda sekt\u00f6r\u00fcn\u00fcze \u00f6zel de tasarlayabilir.<\/p>\t\t\t\t\t\t\t\t<\/div>\n\t\t\t\t<\/div>\n\t\t\t\t\t<\/div>\n\t\t<\/div>\n\t\t\t\t\t<\/div>\n\t\t<\/section>\n\t\t\t\t<\/div>\n\t\t","protected":false},"excerpt":{"rendered":"<p>TE\u0130D Akademi Kurumunuza \u00d6zel E\u011fitimler tasarl\u0131yor! TE\u0130D\u2019in uzman kadrosu taraf\u0131ndan sizler i\u00e7in \u00f6zel tasarlanan kurumsal e\u011fitim i\u00e7eriklerimizden \u00f6rnekleri a\u015fa\u011f\u0131da bulabilirsiniz. Uyum Program\u0131n\u0131n Yarat\u0131lmas\u0131Uyum Politikalar\u0131n\u0131n Haz\u0131rlanmas\u0131 ve Yaz\u0131lmas\u0131Etik ve Uyum Risk Y\u00f6netim Program\u0131n\u0131n Temelleri: Program Elementleri ve Etkin Y\u00f6netimiEtik ve Uyum Program\u0131n\u0131n Temel Ad\u0131mlar\u0131Etik ve Uyum Y\u00f6neticisinin \u0130lk 90 G\u00fcn\u00fc\u00c7\u0131kar \u00c7at\u0131\u015fmas\u0131: Nedir? Neden \u00f6nemli? Nas\u0131l Y\u00f6netilmeli?Etik [&hellip;]<\/p>\n","protected":false},"author":497,"featured_media":0,"parent":0,"menu_order":0,"comment_status":"closed","ping_status":"closed","template":"elementor_header_footer","meta":{"_bbp_topic_count":0,"_bbp_reply_count":0,"_bbp_total_topic_count":0,"_bbp_total_reply_count":0,"_bbp_voice_count":0,"_bbp_anonymous_reply_count":0,"_bbp_topic_count_hidden":0,"_bbp_reply_count_hidden":0,"_bbp_forum_subforum_count":0,"footnotes":""},"class_list":["post-1013","page","type-page","status-publish","hentry"],"_links":{"self":[{"href":"https:\/\/teidakademi.com\/index.php\/wp-json\/wp\/v2\/pages\/1013","targetHints":{"allow":["GET"]}}],"collection":[{"href":"https:\/\/teidakademi.com\/index.php\/wp-json\/wp\/v2\/pages"}],"about":[{"href":"https:\/\/teidakademi.com\/index.php\/wp-json\/wp\/v2\/types\/page"}],"author":[{"embeddable":true,"href":"https:\/\/teidakademi.com\/index.php\/wp-json\/wp\/v2\/users\/497"}],"replies":[{"embeddable":true,"href":"https:\/\/teidakademi.com\/index.php\/wp-json\/wp\/v2\/comments?post=1013"}],"version-history":[{"count":13,"href":"https:\/\/teidakademi.com\/index.php\/wp-json\/wp\/v2\/pages\/1013\/revisions"}],"predecessor-version":[{"id":44357,"href":"https:\/\/teidakademi.com\/index.php\/wp-json\/wp\/v2\/pages\/1013\/revisions\/44357"}],"wp:attachment":[{"href":"https:\/\/teidakademi.com\/index.php\/wp-json\/wp\/v2\/media?parent=1013"}],"curies":[{"name":"wp","href":"https:\/\/api.w.org\/{rel}","templated":true}]}}