{"id":1124,"date":"2021-11-10T16:12:10","date_gmt":"2021-11-10T13:12:10","guid":{"rendered":"https:\/\/teidakademi.mucizefikironline.com\/?page_id=1124"},"modified":"2022-06-28T22:42:10","modified_gmt":"2022-06-28T19:42:10","slug":"teid-akademi-gizlilik-politikasi","status":"publish","type":"page","link":"https:\/\/teidakademi.com\/index.php\/teid-akademi-gizlilik-politikasi\/","title":{"rendered":"TE\u0130D Akademi Gizlilik Politikas\u0131"},"content":{"rendered":"\t\t<div data-elementor-type=\"wp-page\" data-elementor-id=\"1124\" class=\"elementor elementor-1124\" data-elementor-settings=\"{&quot;ha_cmc_init_switcher&quot;:&quot;no&quot;}\" data-elementor-post-type=\"page\">\n\t\t\t\t\t\t<section class=\"elementor-section elementor-top-section elementor-element elementor-element-bc39e38 elementor-section-boxed elementor-section-height-default elementor-section-height-default\" data-id=\"bc39e38\" data-element_type=\"section\" data-e-type=\"section\" data-settings=\"{&quot;_ha_eqh_enable&quot;:false}\">\n\t\t\t\t\t\t<div class=\"elementor-container elementor-column-gap-default\">\n\t\t\t\t\t<div class=\"elementor-column elementor-col-100 elementor-top-column elementor-element elementor-element-8a8309a\" data-id=\"8a8309a\" data-element_type=\"column\" data-e-type=\"column\">\n\t\t\t<div class=\"elementor-widget-wrap elementor-element-populated\">\n\t\t\t\t\t\t<div class=\"elementor-element elementor-element-4904fc2 elementor-widget elementor-widget-text-editor\" data-id=\"4904fc2\" data-element_type=\"widget\" data-e-type=\"widget\" data-widget_type=\"text-editor.default\">\n\t\t\t\t<div class=\"elementor-widget-container\">\n\t\t\t\t\t\t\t\t\t<p>TE\u0130D Akademi olarak, bizimle payla\u015ft\u0131\u011f\u0131n\u0131z ki\u015fisel olarak tan\u0131mlanabilecek bilgilerin gizlili\u011finin korunmas\u0131 gere\u011fine y\u00fcrekten inanmaktay\u0131z. Ki\u015fisel bilgilerinizi ne \u015fekilde kullanaca\u011f\u0131m\u0131z hakk\u0131nda size bilgi vermenin ve bu bilgilerin kullan\u0131m \u015fekli konusunda se\u00e7enekler sunman\u0131n da \u00f6nemli oldu\u011funa inan\u0131yoruz. Bu nedenle, bu Gizlilik Politikas\u0131\u2019n\u0131 dikkatlice okuman\u0131z\u0131 \u00f6neriyoruz.<\/p><p>Bu Gizlilik Politikas\u0131\u2019n\u0131n Kapsam\u0131<\/p><p>Genel olarak bu Gizlilik Politikas\u0131, TE\u0130D Akademi taraf\u0131ndan toplanan ve kullan\u0131lan t\u00fcm kullan\u0131c\u0131 bilgileri i\u00e7in ge\u00e7erlidir. Bu bilgiler, TE\u0130D Akademi kay\u0131t ba\u015fvuru formu arac\u0131l\u0131\u011f\u0131 ile (hem kurumsal hem de bireysel e\u011fitimlerde kullan\u0131lan formlar i\u00e7in ge\u00e7erlidir) taraf\u0131n\u0131zca sa\u011flanan bilgilerdir.<\/p><p>Ki\u015fisel bilgilerinizi TE\u0130D Akademi ile payla\u015fma nedenleri<\/p><p>Ki\u015fisel olarak tan\u0131mlanabilecek bilgilerinizi bizimle payla\u015fman\u0131z, size bir dizi f\u0131rsat sunabilmemize olanak tan\u0131r. B\u00f6ylelikle daha kolay ve rahat bir \u015fekilde\u2026<\/p><p>* \u0130leti\u015fim sa\u011flayabilir ve etkinliklerimiz ile ilgili bilgi verebiliriz.<\/p><p>* E-B\u00fclten gibi yay\u0131nlar\u0131m\u0131z\u0131 sizlere ula\u015ft\u0131rabiliriz.<\/p><p>* Blog sayfam\u0131zda fikirlerinizi payla\u015fabilirsiniz.<\/p><p>* Sertifikasyon Program\u0131na kay\u0131tl\u0131 \u00f6\u011frencilere \u00f6zel e\u011fitim materyallerinden faydalanabilirsiniz.<\/p><p>Bazen TE\u0130D Akademi ki\u015fisel bilgilerinizi TE\u0130D Akademi d\u0131\u015f\u0131ndaki \u00fc\u00e7\u00fcnc\u00fc \u015fah\u0131slardan da edinebilir. Bu, kat\u0131ld\u0131\u011f\u0131n\u0131z bir konferans\u0131n kayd\u0131, \u00fcyesi oldu\u011funuz bir derne\u011fin ileti\u015fim listesi olabilir.<\/p><p>E\u011fer bizzat vermedi\u011finiz ki\u015fisel bilgilerinizin taraf\u0131m\u0131zca kullan\u0131lmas\u0131n\u0131 istemiyorsan\u0131z, a\u015fa\u011f\u0131daki adresten bizimle temasa ge\u00e7ip bunu bildirebilirsiniz. akademi@teid.org.tr<\/p><p>Bilgilerin payla\u015f\u0131lmas\u0131<\/p><p>Size daha iyi hizmet verebilmek i\u00e7in sizi daha yak\u0131ndan tan\u0131mak isteriz.<\/p><p>E\u011fer ki\u015fiye \u00f6zel taraf\u0131n\u0131za g\u00f6nderilmesini istemiyorsan\u0131z, kay\u0131t formunda ya da yan\u0131t kart\u0131nda ilgili kutuyu i\u015faretleyerek bu konuda bizi bilgilendirebilirsiniz. Ya da akademi@teid.org.tr adresimize ileti\u015fim listemizden \u00e7\u0131kmak istedi\u011finizi bildiren bir mesaj atabilirsiniz.<\/p><p>TE\u0130D Akademi yaln\u0131zca a\u015fa\u011f\u0131daki durumlarda bilgilerinizi TE\u0130D Akademi d\u0131\u015f\u0131ndaki \u00fc\u00e7\u00fcnc\u00fc \u015fah\u0131slarla payla\u015facakt\u0131r:<\/p><p>* TE\u0130D Akademi, ba\u015fka \u015firketlerin deste\u011fi ile ara\u015ft\u0131rma \u00e7al\u0131\u015fmas\u0131 yapt\u0131\u011f\u0131nda.<\/p><p>* B\u00f6yle durumlarda, TE\u0130D Akademi taraf\u0131ndan b\u00f6yle bir \u00e7al\u0131\u015fman\u0131n y\u00fcr\u00fct\u00fcld\u00fc\u011f\u00fc ve orta\u011f\u0131m\u0131z\u0131n kim oldu\u011fu hususunda size \u00f6nceden bilgi verilecektir.<\/p><p>* Bu ortak \u015firketlerin \u00e7o\u011funlukla ki\u015fisel bilgilerinizi kullan\u0131\u015f bi\u00e7imlerini d\u00fczenleyen kendi gizlilik politikalar\u0131 oldu\u011funu unutmay\u0131n\u0131z.<\/p><p>* TE\u0130D Akademi ki\u015fisel olarak tan\u0131mlanabilecek bilgilerinizi ancak yasa ile zorunlu k\u0131l\u0131nd\u0131\u011f\u0131 hallerde yay\u0131nlayacakt\u0131r.<\/p><p>TE\u0130D Akademi, ki\u015fisel bilgilerinizi ba\u015fka \u00fc\u00e7\u00fcnc\u00fc \u015fah\u0131slara, kendi ama\u00e7lar\u0131 i\u00e7in kullanmalar\u0131na olanak verecek \u015fekilde satmayacak ve sa\u011flamayacakt\u0131r.<\/p><p>TE\u0130D Akademi, sipari\u015f i\u015flemleri, fatura i\u015flemleri ya da sahtekarl\u0131\u011f\u0131 \u00f6nleme veya sahtekarl\u0131kla m\u00fccadele etme ama\u00e7lar\u0131yla gerekli oldu\u011fu haller d\u0131\u015f\u0131nda, verdi\u011finiz mali bilgileri (kredi kart\u0131 bilgileri gibi) ba\u015fkalar\u0131yla payla\u015fmayacakt\u0131r.<\/p><p>Zaman zaman bu Web Sitesinden ba\u015fka web sitelerine linkler verilebilir. Bu sitelerin gizlilik politikalar\u0131n\u0131 dikkatli bir \u015fekilde incelemeniz gerekir; TE\u0130D Akademi Gizlilik Politikas\u0131\u2019ndan farkl\u0131 olabilirler.<\/p><p>Bizimle payla\u015ft\u0131\u011f\u0131n\u0131z bilgilerin korunmas\u0131<\/p><p>Bize emanet etti\u011finiz bilgileri koruma konusundaki sorumlulu\u011fumuzun fark\u0131nday\u0131z. TE\u0130D Akademi, g\u00fcvenli sunucular, firewall\u2019lar (g\u00fcvenlik yaz\u0131l\u0131mlar\u0131) ve mali bilgilerin \u015fifrelenmesi dahil, bilgilerinizi korumak i\u00e7in \u00e7e\u015fitli g\u00fcvenli teknikler kullan\u0131r.<\/p><p>TE\u0130D Akademi web sitelerinde ayr\u0131ca sohbet odalar\u0131n\u0131, forumlar\u0131, mesaj panolar\u0131n\u0131 ve\/veya haber gruplar\u0131n\u0131 da kullanabilirsiniz. L\u00fctfen bu alanlarda verdi\u011finiz, ki\u015fisel olarak tan\u0131mlanabilecek bilgilerin di\u011fer kullan\u0131c\u0131lara da a\u00e7\u0131k oldu\u011funu ve bu bilgileri a\u00e7\u0131klamaya karar vermeden \u00f6nce dikkatli d\u00fc\u015f\u00fcnmeniz gerekti\u011fini unutmay\u0131n\u0131z.<\/p><p>Haklar\u0131n\u0131z<\/p><p>Ki\u015fisel olarak tan\u0131mlanabilecek bilgilerinizi bize verdikten sonra bu bilgileri de\u011fi\u015ftirebilmek ya da silebilmek i\u00e7in makul eri\u015fime sahip olacaks\u0131n\u0131z. Bunu http:\/\/www.teidakademi.org.tr\/ adresimizden talep edebilirsiniz.<\/p><p>Tabii ki, herhangi bir TE\u0130D Akademi aboneli\u011fini iptal etme ya da ki\u015fisel profilinizin bilgilerini de\u011fi\u015ftirme se\u00e7ene\u011finiz her zaman olacakt\u0131r.\u00a0<\/p>\t\t\t\t\t\t\t\t<\/div>\n\t\t\t\t<\/div>\n\t\t\t\t\t<\/div>\n\t\t<\/div>\n\t\t\t\t\t<\/div>\n\t\t<\/section>\n\t\t\t\t<\/div>\n\t\t","protected":false},"excerpt":{"rendered":"<p>TE\u0130D Akademi olarak, bizimle payla\u015ft\u0131\u011f\u0131n\u0131z ki\u015fisel olarak tan\u0131mlanabilecek bilgilerin gizlili\u011finin korunmas\u0131 gere\u011fine y\u00fcrekten inanmaktay\u0131z. Ki\u015fisel bilgilerinizi ne \u015fekilde kullanaca\u011f\u0131m\u0131z hakk\u0131nda size bilgi vermenin ve bu bilgilerin kullan\u0131m \u015fekli konusunda se\u00e7enekler sunman\u0131n da \u00f6nemli oldu\u011funa inan\u0131yoruz. Bu nedenle, bu Gizlilik Politikas\u0131\u2019n\u0131 dikkatlice okuman\u0131z\u0131 \u00f6neriyoruz. Bu Gizlilik Politikas\u0131\u2019n\u0131n Kapsam\u0131 Genel olarak bu Gizlilik Politikas\u0131, TE\u0130D Akademi taraf\u0131ndan [&hellip;]<\/p>\n","protected":false},"author":497,"featured_media":0,"parent":0,"menu_order":0,"comment_status":"closed","ping_status":"closed","template":"elementor_header_footer","meta":{"_bbp_topic_count":0,"_bbp_reply_count":0,"_bbp_total_topic_count":0,"_bbp_total_reply_count":0,"_bbp_voice_count":0,"_bbp_anonymous_reply_count":0,"_bbp_topic_count_hidden":0,"_bbp_reply_count_hidden":0,"_bbp_forum_subforum_count":0,"footnotes":""},"class_list":["post-1124","page","type-page","status-publish","hentry"],"_links":{"self":[{"href":"https:\/\/teidakademi.com\/index.php\/wp-json\/wp\/v2\/pages\/1124","targetHints":{"allow":["GET"]}}],"collection":[{"href":"https:\/\/teidakademi.com\/index.php\/wp-json\/wp\/v2\/pages"}],"about":[{"href":"https:\/\/teidakademi.com\/index.php\/wp-json\/wp\/v2\/types\/page"}],"author":[{"embeddable":true,"href":"https:\/\/teidakademi.com\/index.php\/wp-json\/wp\/v2\/users\/497"}],"replies":[{"embeddable":true,"href":"https:\/\/teidakademi.com\/index.php\/wp-json\/wp\/v2\/comments?post=1124"}],"version-history":[{"count":1,"href":"https:\/\/teidakademi.com\/index.php\/wp-json\/wp\/v2\/pages\/1124\/revisions"}],"predecessor-version":[{"id":43469,"href":"https:\/\/teidakademi.com\/index.php\/wp-json\/wp\/v2\/pages\/1124\/revisions\/43469"}],"wp:attachment":[{"href":"https:\/\/teidakademi.com\/index.php\/wp-json\/wp\/v2\/media?parent=1124"}],"curies":[{"name":"wp","href":"https:\/\/api.w.org\/{rel}","templated":true}]}}