{"id":1228,"date":"2021-11-16T08:04:29","date_gmt":"2021-11-16T08:04:29","guid":{"rendered":"https:\/\/teidakademi.mucizefikironline.com\/?page_id=1228"},"modified":"2021-11-16T08:04:29","modified_gmt":"2021-11-16T08:04:29","slug":"burcak-unsal","status":"publish","type":"page","link":"https:\/\/teidakademi.com\/index.php\/ekibimiz\/burcak-unsal\/","title":{"rendered":"Av. Bur\u00e7ak \u00dcnsal"},"content":{"rendered":"\t\t<div data-elementor-type=\"wp-page\" data-elementor-id=\"1228\" class=\"elementor elementor-1228\" data-elementor-settings=\"{&quot;ha_cmc_init_switcher&quot;:&quot;no&quot;}\" data-elementor-post-type=\"page\">\n\t\t\t\t\t\t<section class=\"elementor-section elementor-top-section elementor-element elementor-element-bc39e38 elementor-section-boxed elementor-section-height-default elementor-section-height-default\" data-id=\"bc39e38\" data-element_type=\"section\" data-e-type=\"section\" data-settings=\"{&quot;_ha_eqh_enable&quot;:false}\">\n\t\t\t\t\t\t<div class=\"elementor-container elementor-column-gap-default\">\n\t\t\t\t\t<div class=\"elementor-column elementor-col-100 elementor-top-column elementor-element elementor-element-8a8309a\" data-id=\"8a8309a\" data-element_type=\"column\" data-e-type=\"column\">\n\t\t\t<div class=\"elementor-widget-wrap elementor-element-populated\">\n\t\t\t\t\t\t<div class=\"elementor-element elementor-element-ab264a5 elementor-widget elementor-widget-image\" data-id=\"ab264a5\" data-element_type=\"widget\" data-e-type=\"widget\" data-widget_type=\"image.default\">\n\t\t\t\t<div class=\"elementor-widget-container\">\n\t\t\t\t\t\t\t\t\t\t\t\t\t\t\t<img decoding=\"async\" src=\"http:\/\/teidakademi.mucizefikironline.com\/wp-content\/uploads\/2021\/11\/Burcak-Unsal-Pro-Siyah-1.png\" title=\"\" alt=\"\" loading=\"lazy\" \/>\t\t\t\t\t\t\t\t\t\t\t\t\t\t\t<\/div>\n\t\t\t\t<\/div>\n\t\t\t\t<div class=\"elementor-element elementor-element-7199dcd elementor-widget elementor-widget-heading\" data-id=\"7199dcd\" data-element_type=\"widget\" data-e-type=\"widget\" data-widget_type=\"heading.default\">\n\t\t\t\t<div class=\"elementor-widget-container\">\n\t\t\t\t\t<h2 class=\"elementor-heading-title elementor-size-default\">Av. Bur\u00e7ak \u00dcnsal<\/h2>\t\t\t\t<\/div>\n\t\t\t\t<\/div>\n\t\t\t\t<div class=\"elementor-element elementor-element-be5a027 elementor-widget elementor-widget-heading\" data-id=\"be5a027\" data-element_type=\"widget\" data-e-type=\"widget\" data-widget_type=\"heading.default\">\n\t\t\t\t<div class=\"elementor-widget-container\">\n\t\t\t\t\t<h2 class=\"elementor-heading-title elementor-size-default\">\u00dcnsal Hukuk B\u00fcrosu<\/h2>\t\t\t\t<\/div>\n\t\t\t\t<\/div>\n\t\t\t\t<div class=\"elementor-element elementor-element-a5e92dd elementor-widget elementor-widget-text-editor\" data-id=\"a5e92dd\" data-element_type=\"widget\" data-e-type=\"widget\" data-widget_type=\"text-editor.default\">\n\t\t\t\t<div class=\"elementor-widget-container\">\n\t\t\t\t\t\t\t\t\t<p>Bur\u00e7ak \u00dcnsal, New York ve \u0130stanbul Barolar\u0131na kay\u0131tl\u0131 bir avukat olup, Avrupa Patent Enstit\u00fcs\u00fc ve T\u00fcrk Patent Enstit\u00fcs\u00fc patent ve marka vekilidir.<\/p><p>\u00dcnsal Hukuk B\u00fcrosu\u2019nun kurmadan \u00f6nce Google ve YouTube \u015firketlerinin b\u00f6lgesel hukuk m\u00fc\u015favirli\u011fini yapm\u0131\u015f; Baker Botts, DLA Piper, Kobayashi Todo ve Herg\u00fcner gibi hukuk \u015firketlerinde Washington DC, Tokyo, Londra ve \u0130stanbul\u2019da hukuk uygulamas\u0131nda bulunmu\u015ftur.<\/p><p>\u00dcnsal, \u00e7al\u0131\u015fmalar\u0131n\u0131 bilgi teknolojileri, finans teknolojileri, ya\u015fam bilimleri, telekom\u00fcnikasyon ve \u015firketler hukuku \u00fczerine yo\u011funla\u015ft\u0131rmakta olup sekt\u00f6rlerinin lideri konumundaki bir\u00e7ok \u015firketin hukuk m\u00fc\u015favirli\u011fini ve temsilcili\u011fini yapm\u0131\u015ft\u0131r veya yapmaktad\u0131r.<\/p><p>Hukuk lisans\u0131n\u0131n \u00fczerine, Ege \u00dcniversitesi Fen Bilimleri Enstit\u00fcs\u00fc\u2019nden ve University of Virginia Law School\u2019dan y\u00fcksek lisans dereceleri alan \u00dcnsal, hukuk uygulamas\u0131n\u0131n yan\u0131 s\u0131ra, Bo\u011fazi\u00e7i \u00dcniversitesi Bilgi Sistemleri Ara\u015ft\u0131rma Merkezi \u00fcyesi olup, ABD Kongre K\u00fct\u00fcphanesi taraf\u0131ndan da yay\u0131mlanm\u0131\u015f \u00e7al\u0131\u015fmalar\u0131 bulunmaktad\u0131r.\u00a0<\/p>\t\t\t\t\t\t\t\t<\/div>\n\t\t\t\t<\/div>\n\t\t\t\t\t<\/div>\n\t\t<\/div>\n\t\t\t\t\t<\/div>\n\t\t<\/section>\n\t\t\t\t<\/div>\n\t\t","protected":false},"excerpt":{"rendered":"<p>Av. Bur\u00e7ak \u00dcnsal \u00dcnsal Hukuk B\u00fcrosu Bur\u00e7ak \u00dcnsal, New York ve \u0130stanbul Barolar\u0131na kay\u0131tl\u0131 bir avukat olup, Avrupa Patent Enstit\u00fcs\u00fc ve T\u00fcrk Patent Enstit\u00fcs\u00fc patent ve marka vekilidir. \u00dcnsal Hukuk B\u00fcrosu\u2019nun kurmadan \u00f6nce Google ve YouTube \u015firketlerinin b\u00f6lgesel hukuk m\u00fc\u015favirli\u011fini yapm\u0131\u015f; Baker Botts, DLA Piper, Kobayashi Todo ve Herg\u00fcner gibi hukuk \u015firketlerinde Washington DC, Tokyo, [&hellip;]<\/p>\n","protected":false},"author":497,"featured_media":0,"parent":1166,"menu_order":0,"comment_status":"closed","ping_status":"closed","template":"elementor_header_footer","meta":{"_bbp_topic_count":0,"_bbp_reply_count":0,"_bbp_total_topic_count":0,"_bbp_total_reply_count":0,"_bbp_voice_count":0,"_bbp_anonymous_reply_count":0,"_bbp_topic_count_hidden":0,"_bbp_reply_count_hidden":0,"_bbp_forum_subforum_count":0,"footnotes":""},"class_list":["post-1228","page","type-page","status-publish","hentry"],"_links":{"self":[{"href":"https:\/\/teidakademi.com\/index.php\/wp-json\/wp\/v2\/pages\/1228","targetHints":{"allow":["GET"]}}],"collection":[{"href":"https:\/\/teidakademi.com\/index.php\/wp-json\/wp\/v2\/pages"}],"about":[{"href":"https:\/\/teidakademi.com\/index.php\/wp-json\/wp\/v2\/types\/page"}],"author":[{"embeddable":true,"href":"https:\/\/teidakademi.com\/index.php\/wp-json\/wp\/v2\/users\/497"}],"replies":[{"embeddable":true,"href":"https:\/\/teidakademi.com\/index.php\/wp-json\/wp\/v2\/comments?post=1228"}],"version-history":[{"count":0,"href":"https:\/\/teidakademi.com\/index.php\/wp-json\/wp\/v2\/pages\/1228\/revisions"}],"up":[{"embeddable":true,"href":"https:\/\/teidakademi.com\/index.php\/wp-json\/wp\/v2\/pages\/1166"}],"wp:attachment":[{"href":"https:\/\/teidakademi.com\/index.php\/wp-json\/wp\/v2\/media?parent=1228"}],"curies":[{"name":"wp","href":"https:\/\/api.w.org\/{rel}","templated":true}]}}