{"id":1258,"date":"2021-11-16T09:19:34","date_gmt":"2021-11-16T09:19:34","guid":{"rendered":"https:\/\/teidakademi.mucizefikironline.com\/?page_id=1258"},"modified":"2023-07-19T16:13:12","modified_gmt":"2023-07-19T13:13:12","slug":"av-kayra-ucer","status":"publish","type":"page","link":"https:\/\/teidakademi.com\/index.php\/ekibimiz\/av-kayra-ucer\/","title":{"rendered":"Av. Kayra \u00dc\u00e7er"},"content":{"rendered":"\t\t<div data-elementor-type=\"wp-page\" data-elementor-id=\"1258\" class=\"elementor elementor-1258\" data-elementor-settings=\"{&quot;ha_cmc_init_switcher&quot;:&quot;no&quot;}\" data-elementor-post-type=\"page\">\n\t\t\t\t\t\t<section class=\"elementor-section elementor-top-section elementor-element elementor-element-bc39e38 elementor-section-boxed elementor-section-height-default elementor-section-height-default\" data-id=\"bc39e38\" data-element_type=\"section\" data-e-type=\"section\" data-settings=\"{&quot;_ha_eqh_enable&quot;:false}\">\n\t\t\t\t\t\t<div class=\"elementor-container elementor-column-gap-default\">\n\t\t\t\t\t<div class=\"elementor-column elementor-col-100 elementor-top-column elementor-element elementor-element-8a8309a\" data-id=\"8a8309a\" data-element_type=\"column\" data-e-type=\"column\">\n\t\t\t<div class=\"elementor-widget-wrap elementor-element-populated\">\n\t\t\t\t\t\t<div class=\"elementor-element elementor-element-ab264a5 elementor-widget elementor-widget-image\" data-id=\"ab264a5\" data-element_type=\"widget\" data-e-type=\"widget\" data-widget_type=\"image.default\">\n\t\t\t\t<div class=\"elementor-widget-container\">\n\t\t\t\t\t\t\t\t\t\t\t\t\t\t\t<img decoding=\"async\" src=\"http:\/\/teidakademi.mucizefikironline.com\/wp-content\/uploads\/2022\/03\/kayra_ucer150x150.jpg\" title=\"\" alt=\"\" loading=\"lazy\" \/>\t\t\t\t\t\t\t\t\t\t\t\t\t\t\t<\/div>\n\t\t\t\t<\/div>\n\t\t\t\t<div class=\"elementor-element elementor-element-7199dcd elementor-widget elementor-widget-heading\" data-id=\"7199dcd\" data-element_type=\"widget\" data-e-type=\"widget\" data-widget_type=\"heading.default\">\n\t\t\t\t<div class=\"elementor-widget-container\">\n\t\t\t\t\t<h2 class=\"elementor-heading-title elementor-size-default\">Av. Kayra \u00dc\u00e7er\n<\/h2>\t\t\t\t<\/div>\n\t\t\t\t<\/div>\n\t\t\t\t<div class=\"elementor-element elementor-element-be5a027 elementor-widget elementor-widget-heading\" data-id=\"be5a027\" data-element_type=\"widget\" data-e-type=\"widget\" data-widget_type=\"heading.default\">\n\t\t\t\t<div class=\"elementor-widget-container\">\n\t\t\t\t\t<h2 class=\"elementor-heading-title elementor-size-default\">Herg\u00fcner Bilgen \u00dc\u00e7er<\/h2>\t\t\t\t<\/div>\n\t\t\t\t<\/div>\n\t\t\t\t<div class=\"elementor-element elementor-element-2a264ab elementor-widget elementor-widget-text-editor\" data-id=\"2a264ab\" data-element_type=\"widget\" data-e-type=\"widget\" data-widget_type=\"text-editor.default\">\n\t\t\t\t<div class=\"elementor-widget-container\">\n\t\t\t\t\t\t\t\t\t<p><strong>TE\u0130D Y\u00f6netim Kurulu \u00dcyesi, Herg\u00fcner Bilgen \u00d6zeke<\/strong><\/p><p>Marmara \u00dcniversitesi hukuk fak\u00fcltesinden mezun olmu\u015f ve uluslararas\u0131 hukuk y\u00fcksek lisans derecesini Georgetown \u00dcniversitesi\u2019nde tamamlam\u0131\u015ft\u0131r. 2000 y\u0131l\u0131ndan beri Herg\u00fcner Bilgen \u00d6zeke Avukatl\u0131k Ortakl\u0131\u011f\u0131\u2019nda \u00e7al\u0131\u015fmakta olan \u00dc\u00e7er hali haz\u0131rda y\u00f6netici ortak g\u00f6revini s\u00fcrd\u00fcrmektedir. \u015eirketler hukuku alan\u0131nda deneyim sahibidir. \u015eirket birle\u015fme ve devralmalar\u0131, kurumsal y\u00f6netim, y\u00f6netim kurulu sorumluluklar\u0131 ve \u00f6zl\u00fck haklar\u0131, uyum s\u00fcre\u00e7leri ve \u015firket i\u00e7i yolsuzluklar\u0131n engellenmesi, aile malvarl\u0131klar\u0131n\u0131n gelecek planlamas\u0131 ve \u00e7al\u0131\u015fanlara hisse edindirme konular\u0131 \u00dc\u00e7er\u2019in ba\u015fl\u0131ca \u00e7al\u0131\u015fma alanlar\u0131 olarak say\u0131labilir. Etik ve \u0130tibar Derne\u011fi\u2019nin yan\u0131 s\u0131ra T\u00fcrkiye Kurumsal Y\u00f6netim Derne\u011fi (TKYD), ILI \u0130stanbul Uluslararas\u0131 Hukuk Derne\u011fi, \u015eeffafl\u0131k Derne\u011fi, Saint Joseph\u2019liler Derne\u011fi, EDMER, SAJEV gibi dernek ve vak\u0131flarda \u00fcye, y\u00f6netim kurulu \u00fcyesi, denetim kurulu \u00fcyesi gibi roller \u00fcstlenerek sivil toplum kurulu\u015flar\u0131nda da faaliyet g\u00f6stermektedir.<\/p><p>TE\u0130D<span class=\"apple-converted-space\">\u00a0<\/span>6. D\u00f6neminde<span class=\"apple-converted-space\">\u00a0<\/span>de<span class=\"apple-converted-space\">\u00a0<\/span>Y\u00f6netim Kurulu<span class=\"apple-converted-space\">\u00a0<\/span>Yedek<span class=\"apple-converted-space\">\u00a0<\/span>\u00dcyesi olarak da g\u00f6rev yapm\u0131\u015ft\u0131r.<\/p>\t\t\t\t\t\t\t\t<\/div>\n\t\t\t\t<\/div>\n\t\t\t\t\t<\/div>\n\t\t<\/div>\n\t\t\t\t\t<\/div>\n\t\t<\/section>\n\t\t\t\t<\/div>\n\t\t","protected":false},"excerpt":{"rendered":"<p>Av. Kayra \u00dc\u00e7er Herg\u00fcner Bilgen \u00dc\u00e7er TE\u0130D Y\u00f6netim Kurulu \u00dcyesi, Herg\u00fcner Bilgen \u00d6zeke Marmara \u00dcniversitesi hukuk fak\u00fcltesinden mezun olmu\u015f ve uluslararas\u0131 hukuk y\u00fcksek lisans derecesini Georgetown \u00dcniversitesi\u2019nde tamamlam\u0131\u015ft\u0131r. 2000 y\u0131l\u0131ndan beri Herg\u00fcner Bilgen \u00d6zeke Avukatl\u0131k Ortakl\u0131\u011f\u0131\u2019nda \u00e7al\u0131\u015fmakta olan \u00dc\u00e7er hali haz\u0131rda y\u00f6netici ortak g\u00f6revini s\u00fcrd\u00fcrmektedir. \u015eirketler hukuku alan\u0131nda deneyim sahibidir. \u015eirket birle\u015fme ve devralmalar\u0131, kurumsal [&hellip;]<\/p>\n","protected":false},"author":497,"featured_media":0,"parent":1166,"menu_order":0,"comment_status":"closed","ping_status":"closed","template":"elementor_header_footer","meta":{"_bbp_topic_count":0,"_bbp_reply_count":0,"_bbp_total_topic_count":0,"_bbp_total_reply_count":0,"_bbp_voice_count":0,"_bbp_anonymous_reply_count":0,"_bbp_topic_count_hidden":0,"_bbp_reply_count_hidden":0,"_bbp_forum_subforum_count":0,"footnotes":""},"class_list":["post-1258","page","type-page","status-publish","hentry"],"_links":{"self":[{"href":"https:\/\/teidakademi.com\/index.php\/wp-json\/wp\/v2\/pages\/1258","targetHints":{"allow":["GET"]}}],"collection":[{"href":"https:\/\/teidakademi.com\/index.php\/wp-json\/wp\/v2\/pages"}],"about":[{"href":"https:\/\/teidakademi.com\/index.php\/wp-json\/wp\/v2\/types\/page"}],"author":[{"embeddable":true,"href":"https:\/\/teidakademi.com\/index.php\/wp-json\/wp\/v2\/users\/497"}],"replies":[{"embeddable":true,"href":"https:\/\/teidakademi.com\/index.php\/wp-json\/wp\/v2\/comments?post=1258"}],"version-history":[{"count":3,"href":"https:\/\/teidakademi.com\/index.php\/wp-json\/wp\/v2\/pages\/1258\/revisions"}],"predecessor-version":[{"id":44644,"href":"https:\/\/teidakademi.com\/index.php\/wp-json\/wp\/v2\/pages\/1258\/revisions\/44644"}],"up":[{"embeddable":true,"href":"https:\/\/teidakademi.com\/index.php\/wp-json\/wp\/v2\/pages\/1166"}],"wp:attachment":[{"href":"https:\/\/teidakademi.com\/index.php\/wp-json\/wp\/v2\/media?parent=1258"}],"curies":[{"name":"wp","href":"https:\/\/api.w.org\/{rel}","templated":true}]}}