{"id":1268,"date":"2021-11-16T09:23:08","date_gmt":"2021-11-16T09:23:08","guid":{"rendered":"https:\/\/teidakademi.mucizefikironline.com\/?page_id=1268"},"modified":"2021-11-16T09:23:08","modified_gmt":"2021-11-16T09:23:08","slug":"dr-gokhan-yilmaz","status":"publish","type":"page","link":"https:\/\/teidakademi.com\/index.php\/ekibimiz\/dr-gokhan-yilmaz\/","title":{"rendered":"Dr. G\u00f6khan Y\u0131lmaz"},"content":{"rendered":"\t\t<div data-elementor-type=\"wp-page\" data-elementor-id=\"1268\" class=\"elementor elementor-1268\" data-elementor-settings=\"{&quot;ha_cmc_init_switcher&quot;:&quot;no&quot;}\" data-elementor-post-type=\"page\">\n\t\t\t\t\t\t<section class=\"elementor-section elementor-top-section elementor-element elementor-element-bc39e38 elementor-section-boxed elementor-section-height-default elementor-section-height-default\" data-id=\"bc39e38\" data-element_type=\"section\" data-e-type=\"section\" data-settings=\"{&quot;_ha_eqh_enable&quot;:false}\">\n\t\t\t\t\t\t<div class=\"elementor-container elementor-column-gap-default\">\n\t\t\t\t\t<div class=\"elementor-column elementor-col-100 elementor-top-column elementor-element elementor-element-8a8309a\" data-id=\"8a8309a\" data-element_type=\"column\" data-e-type=\"column\">\n\t\t\t<div class=\"elementor-widget-wrap elementor-element-populated\">\n\t\t\t\t\t\t<div class=\"elementor-element elementor-element-ab264a5 elementor-widget elementor-widget-image\" data-id=\"ab264a5\" data-element_type=\"widget\" data-e-type=\"widget\" data-widget_type=\"image.default\">\n\t\t\t\t<div class=\"elementor-widget-container\">\n\t\t\t\t\t\t\t\t\t\t\t\t\t\t\t<img decoding=\"async\" src=\"http:\/\/teidakademi.mucizefikironline.com\/wp-content\/uploads\/2021\/11\/gokhan_yilmaz.jpg\" title=\"\" alt=\"\" loading=\"lazy\" \/>\t\t\t\t\t\t\t\t\t\t\t\t\t\t\t<\/div>\n\t\t\t\t<\/div>\n\t\t\t\t<div class=\"elementor-element elementor-element-7199dcd elementor-widget elementor-widget-heading\" data-id=\"7199dcd\" data-element_type=\"widget\" data-e-type=\"widget\" data-widget_type=\"heading.default\">\n\t\t\t\t<div class=\"elementor-widget-container\">\n\t\t\t\t\t<h2 class=\"elementor-heading-title elementor-size-default\">Dr. G\u00f6khan Y\u0131lmaz\n<\/h2>\t\t\t\t<\/div>\n\t\t\t\t<\/div>\n\t\t\t\t<div class=\"elementor-element elementor-element-be5a027 elementor-widget elementor-widget-heading\" data-id=\"be5a027\" data-element_type=\"widget\" data-e-type=\"widget\" data-widget_type=\"heading.default\">\n\t\t\t\t<div class=\"elementor-widget-container\">\n\t\t\t\t\t<h2 class=\"elementor-heading-title elementor-size-default\">PwC\n\n<\/h2>\t\t\t\t<\/div>\n\t\t\t\t<\/div>\n\t\t\t\t<div class=\"elementor-element elementor-element-a5e92dd elementor-widget elementor-widget-text-editor\" data-id=\"a5e92dd\" data-element_type=\"widget\" data-e-type=\"widget\" data-widget_type=\"text-editor.default\">\n\t\t\t\t<div class=\"elementor-widget-container\">\n\t\t\t\t\t\t\t\t\t<p class=\"p1\"><strong>TE\u0130D 2021-2023 D\u00f6nemi Denetim Kurulu Ba\u015fkan\u0131, PwC T\u00fcrkiye Forensic B\u00f6l\u00fcm Lideri<\/strong><\/p><p>20 y\u0131l\u0131 a\u015fk\u0131n uyum, etik, i\u00e7 denetim, suistimal inceleme, veri analiti\u011fi ve risk y\u00f6netimi tecr\u00fcbesine sahip olan Dr. G\u00f6khan Y\u0131lmaz, \u00a0uzun y\u0131llar i\u00e7 denet\u00e7ilik g\u00f6revlerinde bulunduktan sonra KPMG\u2019de k\u0131demli m\u00fcd\u00fcr olarak d\u00fcnyan\u0131n \u00f6nde gelen firmalar\u0131 i\u00e7in bir\u00e7ok i\u00e7 denetim, risk y\u00f6netimi ve uyum projesi y\u00f6netti.<\/p><p>Bunun ard\u0131ndan, Royal Bank of Scotland EMEA b\u00f6lgesi\u00a0i\u00e7 denetim direkt\u00f6r\u00fc olarak g\u00f6rev yapan G\u00f6khan, g\u00f6revi kapsam\u0131nda T\u00fcrkiye ve \u0130ngiltere ba\u015fta olmak \u00fczere bir\u00e7ok \u00fclkede i\u00e7 denetim ve \u00f6zel inceleme \u00e7al\u0131\u015fmalar\u0131nda bulundu. G\u00f6khan halen PwC T\u00fcrkiye\u2019de Forensic b\u00f6l\u00fcm\u00fc lideri olarak, ticari anla\u015fmazl\u0131klar, suistimal incelemeleri, veri analiti\u011fi, uyum, etik ve kriz y\u00f6netimi gibi konularda\u00a0dan\u0131\u015fmanl\u0131k faaliyetlerini y\u00f6netmektedir.<\/p><p>G\u00f6khan, Marmara \u00dcniversitesi \u0130\u015fletme b\u00f6l\u00fcm\u00fcn\u00fc tamamlad\u0131ktan sonra bilgisayar destekli denetim ara\u00e7lar\u0131n\u0131n kullan\u0131m\u0131 ile ilgili y\u00fcksek lisans tezini tamamlad\u0131. \u0130kinci y\u00fcksek lisans\u0131n\u0131 ise \u00dcsk\u00fcdar \u00dcniversitesi Adli Bilimler Enstit\u00fcs\u00fcnde Adli Psikoloji ve Davran\u0131\u015f Delilleri b\u00f6l\u00fcm\u00fcnde bitirdi. Doktora \u00e7al\u0131\u015fmas\u0131n\u0131 ise, Marmara \u00dcniversitesi Muhasebe ve Finansman anabilim dal\u0131nda suistimallerin b\u00fcy\u00fck veri analiti\u011fi yoluyla tespiti konusunda yapt\u0131.\u00a0<\/p><p>Suistimal \u0130nceleme, Soru\u015fturma, M\u00fclakat ve Sorgu Teknikleri, Etik ve Uyum, \u0130\u00e7 Denetim ve Risk Y\u00f6netimi, Yalan\u0131 Anlama ve Manip\u00fclasyon Teknikleri gibi konularda e\u011fitim ve seminerler veren Dr. G\u00f6khan Y\u0131lmaz halen Uluslararas\u0131 Suistimal \u0130nceleme Uzmanlar\u0131 Derne\u011fi ve ACFE T\u00fcrkiye\u2019nin Ba\u015fkanl\u0131\u011f\u0131n\u0131 y\u00fcr\u00fctmektedir. Mesle\u011fiyle ilgili bir\u00e7ok ara\u015ft\u0131rma ve makale \u00e7al\u0131\u015fmas\u0131 ger\u00e7ekle\u015ftiren G\u00f6khan CFE, CIA, CISA, SMMM, CCSA ve CRMA sertifikalar\u0131na sahiptir.<\/p><p>6. D\u00f6nemde Denetim Kurulu \u00dcyesi olarak da g\u00f6rev yapm\u0131\u015ft\u0131r.\u00a0\u00a0<\/p>\t\t\t\t\t\t\t\t<\/div>\n\t\t\t\t<\/div>\n\t\t\t\t\t<\/div>\n\t\t<\/div>\n\t\t\t\t\t<\/div>\n\t\t<\/section>\n\t\t\t\t<\/div>\n\t\t","protected":false},"excerpt":{"rendered":"<p>Dr. G\u00f6khan Y\u0131lmaz PwC TE\u0130D 2021-2023 D\u00f6nemi Denetim Kurulu Ba\u015fkan\u0131, PwC T\u00fcrkiye Forensic B\u00f6l\u00fcm Lideri 20 y\u0131l\u0131 a\u015fk\u0131n uyum, etik, i\u00e7 denetim, suistimal inceleme, veri analiti\u011fi ve risk y\u00f6netimi tecr\u00fcbesine sahip olan Dr. G\u00f6khan Y\u0131lmaz, \u00a0uzun y\u0131llar i\u00e7 denet\u00e7ilik g\u00f6revlerinde bulunduktan sonra KPMG\u2019de k\u0131demli m\u00fcd\u00fcr olarak d\u00fcnyan\u0131n \u00f6nde gelen firmalar\u0131 i\u00e7in bir\u00e7ok i\u00e7 denetim, risk [&hellip;]<\/p>\n","protected":false},"author":497,"featured_media":0,"parent":1166,"menu_order":0,"comment_status":"closed","ping_status":"closed","template":"elementor_header_footer","meta":{"_bbp_topic_count":0,"_bbp_reply_count":0,"_bbp_total_topic_count":0,"_bbp_total_reply_count":0,"_bbp_voice_count":0,"_bbp_anonymous_reply_count":0,"_bbp_topic_count_hidden":0,"_bbp_reply_count_hidden":0,"_bbp_forum_subforum_count":0,"footnotes":""},"class_list":["post-1268","page","type-page","status-publish","hentry"],"_links":{"self":[{"href":"https:\/\/teidakademi.com\/index.php\/wp-json\/wp\/v2\/pages\/1268","targetHints":{"allow":["GET"]}}],"collection":[{"href":"https:\/\/teidakademi.com\/index.php\/wp-json\/wp\/v2\/pages"}],"about":[{"href":"https:\/\/teidakademi.com\/index.php\/wp-json\/wp\/v2\/types\/page"}],"author":[{"embeddable":true,"href":"https:\/\/teidakademi.com\/index.php\/wp-json\/wp\/v2\/users\/497"}],"replies":[{"embeddable":true,"href":"https:\/\/teidakademi.com\/index.php\/wp-json\/wp\/v2\/comments?post=1268"}],"version-history":[{"count":0,"href":"https:\/\/teidakademi.com\/index.php\/wp-json\/wp\/v2\/pages\/1268\/revisions"}],"up":[{"embeddable":true,"href":"https:\/\/teidakademi.com\/index.php\/wp-json\/wp\/v2\/pages\/1166"}],"wp:attachment":[{"href":"https:\/\/teidakademi.com\/index.php\/wp-json\/wp\/v2\/media?parent=1268"}],"curies":[{"name":"wp","href":"https:\/\/api.w.org\/{rel}","templated":true}]}}