{"id":1291,"date":"2021-11-16T09:27:46","date_gmt":"2021-11-16T09:27:46","guid":{"rendered":"https:\/\/teidakademi.mucizefikironline.com\/?page_id=1291"},"modified":"2021-11-16T09:27:46","modified_gmt":"2021-11-16T09:27:46","slug":"fikret-sebilcioglu","status":"publish","type":"page","link":"https:\/\/teidakademi.com\/index.php\/ekibimiz\/fikret-sebilcioglu\/","title":{"rendered":"Fikret Sebilcio\u011flu"},"content":{"rendered":"\t\t<div data-elementor-type=\"wp-page\" data-elementor-id=\"1291\" class=\"elementor elementor-1291\" data-elementor-settings=\"{&quot;ha_cmc_init_switcher&quot;:&quot;no&quot;}\" data-elementor-post-type=\"page\">\n\t\t\t\t\t\t<section class=\"elementor-section elementor-top-section elementor-element elementor-element-bc39e38 elementor-section-boxed elementor-section-height-default elementor-section-height-default\" data-id=\"bc39e38\" data-element_type=\"section\" data-e-type=\"section\" data-settings=\"{&quot;_ha_eqh_enable&quot;:false}\">\n\t\t\t\t\t\t<div class=\"elementor-container elementor-column-gap-default\">\n\t\t\t\t\t<div class=\"elementor-column elementor-col-100 elementor-top-column elementor-element elementor-element-8a8309a\" data-id=\"8a8309a\" data-element_type=\"column\" data-e-type=\"column\">\n\t\t\t<div class=\"elementor-widget-wrap elementor-element-populated\">\n\t\t\t\t\t\t<div class=\"elementor-element elementor-element-ab264a5 elementor-widget elementor-widget-image\" data-id=\"ab264a5\" data-element_type=\"widget\" data-e-type=\"widget\" data-widget_type=\"image.default\">\n\t\t\t\t<div class=\"elementor-widget-container\">\n\t\t\t\t\t\t\t\t\t\t\t\t\t\t\t<img decoding=\"async\" src=\"http:\/\/teidakademi.mucizefikironline.com\/wp-content\/uploads\/2021\/11\/fikret.png\" title=\"\" alt=\"\" loading=\"lazy\" \/>\t\t\t\t\t\t\t\t\t\t\t\t\t\t\t<\/div>\n\t\t\t\t<\/div>\n\t\t\t\t<div class=\"elementor-element elementor-element-7199dcd elementor-widget elementor-widget-heading\" data-id=\"7199dcd\" data-element_type=\"widget\" data-e-type=\"widget\" data-widget_type=\"heading.default\">\n\t\t\t\t<div class=\"elementor-widget-container\">\n\t\t\t\t\t<h2 class=\"elementor-heading-title elementor-size-default\">Fikret Sebilcio\u011flu\n<\/h2>\t\t\t\t<\/div>\n\t\t\t\t<\/div>\n\t\t\t\t<div class=\"elementor-element elementor-element-be5a027 elementor-widget elementor-widget-heading\" data-id=\"be5a027\" data-element_type=\"widget\" data-e-type=\"widget\" data-widget_type=\"heading.default\">\n\t\t\t\t<div class=\"elementor-widget-container\">\n\t\t\t\t\t<h2 class=\"elementor-heading-title elementor-size-default\">Cerebra CPAs &amp; Advisors\n<\/h2>\t\t\t\t<\/div>\n\t\t\t\t<\/div>\n\t\t\t\t<div class=\"elementor-element elementor-element-a5e92dd elementor-widget elementor-widget-text-editor\" data-id=\"a5e92dd\" data-element_type=\"widget\" data-e-type=\"widget\" data-widget_type=\"text-editor.default\">\n\t\t\t\t<div class=\"elementor-widget-container\">\n\t\t\t\t\t\t\t\t\t<p><strong>SMMM, CFE, TRACE Anti-Bribery Specialist<\/strong><\/p><p><strong>TE\u0130D 2021-2023 D\u00f6nemi Y\u00f6netim Kurulu Yedek \u00dcyesi, Cerebra Muhasebe Denetim Dan\u0131\u015fmanl\u0131k<\/strong><\/p><p>Cerebra Muhasebe Denetim ve Dan\u0131\u015fmanl\u0131k Firmas\u0131\u2019n\u0131n\u00a0y\u00f6netici orta\u011f\u0131d\u0131r.\u00a0Muhasebe, ba\u011f\u0131ms\u0131z denetim, finansal raporlama, i\u00e7 kontroller, adli muhasebe ve suistimal denetimleri ile uyum programlar\u0131 konular\u0131nda 20 y\u0131ldan daha fazla tecr\u00fcbeye sahiptir.<\/p><p>T\u00fcrkiye\u2019de yerle\u015fik\u00a0bir\u00e7ok uluslararas\u0131 \u015firkete\u00a0UFRS, U.S. GAAP, i\u00e7 kontroller, i\u00e7 denetim ve Sarbanes &amp; Oxley Kanunu\u2019na uyum alanlar\u0131nda hizmet vermi\u015ftir. \u0130\u00e7 kontrol sistemlerinin tasarlanmas\u0131 ve uygulanmas\u0131 ile operasyonel etkinliklerinin test edilmesi; i\u00e7 denetim mekanizmas\u0131n\u0131n tasarlanmas\u0131 ve i\u00e7 denetim faaliyetlerinin y\u00fcr\u00fct\u00fclmesi; finansal raporlama sistemlerinin ve raporlama paketlerinin tasarlanmas\u0131 ile muhasebe politika ve prosed\u00fcrlerinin olu\u015fturulmas\u0131 konular\u0131nda spesifik tecr\u00fcbeye sahiptir.<\/p><p>2009 y\u0131l\u0131ndan itibaren beyaz yakal\u0131 suistimalleri, varl\u0131klar\u0131n k\u00f6t\u00fcye kullan\u0131lmas\u0131, r\u00fc\u015fvet, fatura komisyonlar\u0131 (kickback), hileli finansal tablolar, Foreign Corrupt Practices Act and UK Bribery Act kanunlar\u0131na uyum ile\u00a0karma\u015f\u0131k adli muhasebe alanlar\u0131nda bir\u00e7ok hassas projeler y\u00f6netmi\u015ftir.\u00a0Ayr\u0131ca r\u00fc\u015fvet ile m\u00fccadele programlar\u0131, kurum i\u00e7i inceleme programlar\u0131 ile etik ve uyum programlar\u0131na ili\u015fkin\u00a0projelerde\u00a0yer alm\u0131\u015ft\u0131r.<\/p><p>A\u011f\u0131rl\u0131kl\u0131 olarak\u00a0beyaz yakal\u0131 suistimal vakalar\u0131, \u015firket al\u0131mlar\u0131 sonras\u0131nda ortaya \u00e7\u0131kan ihtilaflar, suistimal incelemeleri ve karma\u015f\u0131k finansal ve muhasebe konular\u0131nda\u00a0bir\u00e7ok uluslararas\u0131 ve yerel\u00a0hukuk b\u00fcrolar\u0131na, ceza ve medeni hukuk davalar\u0131n\u0131 ili\u015fkin dan\u0131\u015fmanl\u0131k hizmeti vermi\u015ftir. Ayr\u0131ca ICC kurallar\u0131na g\u00f6re y\u00fcr\u00fct\u00fclen tahkim davalar\u0131na konu olan ihtilaflara ili\u015fkin projelerden yer alm\u0131\u015ft\u0131r.<\/p><p>Cerebra\u2019dan \u00f6nce, PwC \u0130stanbul ve Rotterdam ofislerinde\u00a01993-2008 y\u0131llar\u0131 aras\u0131nda \u00e7al\u0131\u015fm\u0131\u015ft\u0131r.<\/p><p>Serbest Muhasebeci Mali M\u00fc\u015favirlik (SMMM), Suistimal \u0130nceleme Uzmanl\u0131\u011f\u0131 (CFE), TRACE Yolsuzlukla M\u00fccadele Uzmanl\u0131\u011f\u0131 ve KGK Ba\u011f\u0131ms\u0131z Denet\u00e7i unvanlar\u0131na sahiptir.<\/p><p>Bir\u00e7ok sivil toplum \u00f6rg\u00fct\u00fcnde aktif bir \u015fekilde g\u00f6rev almaktad\u0131r.\u00a0Etik ve \u0130tibar Derne\u011fi ve ACFE T\u00fcrkiye Y\u00f6netim Kurulu \u00dcyesi ve TKYD Denetim Kurulu \u00fcyesidir.<\/p><p>4., 5. ve 6. D\u00f6nemlerde Y\u00f6netim Kurulu \u00dcyesi olarak da g\u00f6rev yapm\u0131\u015ft\u0131r.\u00a0\u00a0<\/p>\t\t\t\t\t\t\t\t<\/div>\n\t\t\t\t<\/div>\n\t\t\t\t\t<\/div>\n\t\t<\/div>\n\t\t\t\t\t<\/div>\n\t\t<\/section>\n\t\t\t\t<\/div>\n\t\t","protected":false},"excerpt":{"rendered":"<p>Fikret Sebilcio\u011flu Cerebra CPAs &#038; Advisors SMMM, CFE, TRACE Anti-Bribery Specialist TE\u0130D 2021-2023 D\u00f6nemi Y\u00f6netim Kurulu Yedek \u00dcyesi, Cerebra Muhasebe Denetim Dan\u0131\u015fmanl\u0131k Cerebra Muhasebe Denetim ve Dan\u0131\u015fmanl\u0131k Firmas\u0131\u2019n\u0131n\u00a0y\u00f6netici orta\u011f\u0131d\u0131r.\u00a0Muhasebe, ba\u011f\u0131ms\u0131z denetim, finansal raporlama, i\u00e7 kontroller, adli muhasebe ve suistimal denetimleri ile uyum programlar\u0131 konular\u0131nda 20 y\u0131ldan daha fazla tecr\u00fcbeye sahiptir. T\u00fcrkiye\u2019de yerle\u015fik\u00a0bir\u00e7ok uluslararas\u0131 \u015firkete\u00a0UFRS, U.S. [&hellip;]<\/p>\n","protected":false},"author":497,"featured_media":0,"parent":1166,"menu_order":0,"comment_status":"closed","ping_status":"closed","template":"elementor_header_footer","meta":{"_bbp_topic_count":0,"_bbp_reply_count":0,"_bbp_total_topic_count":0,"_bbp_total_reply_count":0,"_bbp_voice_count":0,"_bbp_anonymous_reply_count":0,"_bbp_topic_count_hidden":0,"_bbp_reply_count_hidden":0,"_bbp_forum_subforum_count":0,"footnotes":""},"class_list":["post-1291","page","type-page","status-publish","hentry"],"_links":{"self":[{"href":"https:\/\/teidakademi.com\/index.php\/wp-json\/wp\/v2\/pages\/1291","targetHints":{"allow":["GET"]}}],"collection":[{"href":"https:\/\/teidakademi.com\/index.php\/wp-json\/wp\/v2\/pages"}],"about":[{"href":"https:\/\/teidakademi.com\/index.php\/wp-json\/wp\/v2\/types\/page"}],"author":[{"embeddable":true,"href":"https:\/\/teidakademi.com\/index.php\/wp-json\/wp\/v2\/users\/497"}],"replies":[{"embeddable":true,"href":"https:\/\/teidakademi.com\/index.php\/wp-json\/wp\/v2\/comments?post=1291"}],"version-history":[{"count":0,"href":"https:\/\/teidakademi.com\/index.php\/wp-json\/wp\/v2\/pages\/1291\/revisions"}],"up":[{"embeddable":true,"href":"https:\/\/teidakademi.com\/index.php\/wp-json\/wp\/v2\/pages\/1166"}],"wp:attachment":[{"href":"https:\/\/teidakademi.com\/index.php\/wp-json\/wp\/v2\/media?parent=1291"}],"curies":[{"name":"wp","href":"https:\/\/api.w.org\/{rel}","templated":true}]}}