{"id":1310,"date":"2021-11-16T09:31:13","date_gmt":"2021-11-16T09:31:13","guid":{"rendered":"https:\/\/teidakademi.mucizefikironline.com\/?page_id=1310"},"modified":"2021-11-16T09:31:13","modified_gmt":"2021-11-16T09:31:13","slug":"idil-gurdil","status":"publish","type":"page","link":"https:\/\/teidakademi.com\/index.php\/ekibimiz\/idil-gurdil\/","title":{"rendered":"\u0130dil G\u00fcrdil"},"content":{"rendered":"\t\t<div data-elementor-type=\"wp-page\" data-elementor-id=\"1310\" class=\"elementor elementor-1310\" data-elementor-settings=\"{&quot;ha_cmc_init_switcher&quot;:&quot;no&quot;}\" data-elementor-post-type=\"page\">\n\t\t\t\t\t\t<section class=\"elementor-section elementor-top-section elementor-element elementor-element-bc39e38 elementor-section-boxed elementor-section-height-default elementor-section-height-default\" data-id=\"bc39e38\" data-element_type=\"section\" data-e-type=\"section\" data-settings=\"{&quot;_ha_eqh_enable&quot;:false}\">\n\t\t\t\t\t\t<div class=\"elementor-container elementor-column-gap-default\">\n\t\t\t\t\t<div class=\"elementor-column elementor-col-100 elementor-top-column elementor-element elementor-element-8a8309a\" data-id=\"8a8309a\" data-element_type=\"column\" data-e-type=\"column\">\n\t\t\t<div class=\"elementor-widget-wrap elementor-element-populated\">\n\t\t\t\t\t\t<div class=\"elementor-element elementor-element-ab264a5 elementor-widget elementor-widget-image\" data-id=\"ab264a5\" data-element_type=\"widget\" data-e-type=\"widget\" data-widget_type=\"image.default\">\n\t\t\t\t<div class=\"elementor-widget-container\">\n\t\t\t\t\t\t\t\t\t\t\t\t\t\t\t<img decoding=\"async\" src=\"http:\/\/teidakademi.mucizefikironline.com\/wp-content\/uploads\/2021\/11\/idil_gurdil-1.png\" title=\"\" alt=\"\" loading=\"lazy\" \/>\t\t\t\t\t\t\t\t\t\t\t\t\t\t\t<\/div>\n\t\t\t\t<\/div>\n\t\t\t\t<div class=\"elementor-element elementor-element-7199dcd elementor-widget elementor-widget-heading\" data-id=\"7199dcd\" data-element_type=\"widget\" data-e-type=\"widget\" data-widget_type=\"heading.default\">\n\t\t\t\t<div class=\"elementor-widget-container\">\n\t\t\t\t\t<h2 class=\"elementor-heading-title elementor-size-default\">\u0130dil G\u00fcrdil\n<\/h2>\t\t\t\t<\/div>\n\t\t\t\t<\/div>\n\t\t\t\t<div class=\"elementor-element elementor-element-a5e92dd elementor-widget elementor-widget-text-editor\" data-id=\"a5e92dd\" data-element_type=\"widget\" data-e-type=\"widget\" data-widget_type=\"text-editor.default\">\n\t\t\t\t<div class=\"elementor-widget-container\">\n\t\t\t\t\t\t\t\t\t<p><strong>TE\u0130D 2019-2021 D\u00f6nemi Y\u00f6netim Kurulu As\u0131l \u00dcyesi,\u00a0 Dan\u0131\u015fman<\/strong><\/p><p>18 y\u0131ldan fazla denetim, dan\u0131\u015fmanl\u0131k ve reel sekt\u00f6r tecr\u00fcbesine sahip olan \u0130dil G\u00fcrdil, Ortado\u011fu Teknik \u00dcniversitesi\u2019nde \u0130\u015fletme B\u00f6l\u00fcm\u00fc\u2019nden mezun olmu\u015ftur. Certified Fraud Examiner (CFE), Certified Public Accountant (CPA) ve Serbest Muhasebeci Mali M\u00fc\u015favir olan G\u00fcrdil, ayn\u0131 zamanda Sermaye Piyasas\u0131\u2019nda Ba\u011f\u0131ms\u0131z Denetim Lisans\u0131\u2019na da sahiptir.\u00a0<\/p>\t\t\t\t\t\t\t\t<\/div>\n\t\t\t\t<\/div>\n\t\t\t\t\t<\/div>\n\t\t<\/div>\n\t\t\t\t\t<\/div>\n\t\t<\/section>\n\t\t\t\t<\/div>\n\t\t","protected":false},"excerpt":{"rendered":"<p>\u0130dil G\u00fcrdil TE\u0130D 2019-2021 D\u00f6nemi Y\u00f6netim Kurulu As\u0131l \u00dcyesi,\u00a0 Dan\u0131\u015fman 18 y\u0131ldan fazla denetim, dan\u0131\u015fmanl\u0131k ve reel sekt\u00f6r tecr\u00fcbesine sahip olan \u0130dil G\u00fcrdil, Ortado\u011fu Teknik \u00dcniversitesi\u2019nde \u0130\u015fletme B\u00f6l\u00fcm\u00fc\u2019nden mezun olmu\u015ftur. Certified Fraud Examiner (CFE), Certified Public Accountant (CPA) ve Serbest Muhasebeci Mali M\u00fc\u015favir olan G\u00fcrdil, ayn\u0131 zamanda Sermaye Piyasas\u0131\u2019nda Ba\u011f\u0131ms\u0131z Denetim Lisans\u0131\u2019na da sahiptir.\u00a0<\/p>\n","protected":false},"author":497,"featured_media":0,"parent":1166,"menu_order":0,"comment_status":"closed","ping_status":"closed","template":"elementor_header_footer","meta":{"_bbp_topic_count":0,"_bbp_reply_count":0,"_bbp_total_topic_count":0,"_bbp_total_reply_count":0,"_bbp_voice_count":0,"_bbp_anonymous_reply_count":0,"_bbp_topic_count_hidden":0,"_bbp_reply_count_hidden":0,"_bbp_forum_subforum_count":0,"footnotes":""},"class_list":["post-1310","page","type-page","status-publish","hentry"],"_links":{"self":[{"href":"https:\/\/teidakademi.com\/index.php\/wp-json\/wp\/v2\/pages\/1310","targetHints":{"allow":["GET"]}}],"collection":[{"href":"https:\/\/teidakademi.com\/index.php\/wp-json\/wp\/v2\/pages"}],"about":[{"href":"https:\/\/teidakademi.com\/index.php\/wp-json\/wp\/v2\/types\/page"}],"author":[{"embeddable":true,"href":"https:\/\/teidakademi.com\/index.php\/wp-json\/wp\/v2\/users\/497"}],"replies":[{"embeddable":true,"href":"https:\/\/teidakademi.com\/index.php\/wp-json\/wp\/v2\/comments?post=1310"}],"version-history":[{"count":0,"href":"https:\/\/teidakademi.com\/index.php\/wp-json\/wp\/v2\/pages\/1310\/revisions"}],"up":[{"embeddable":true,"href":"https:\/\/teidakademi.com\/index.php\/wp-json\/wp\/v2\/pages\/1166"}],"wp:attachment":[{"href":"https:\/\/teidakademi.com\/index.php\/wp-json\/wp\/v2\/media?parent=1310"}],"curies":[{"name":"wp","href":"https:\/\/api.w.org\/{rel}","templated":true}]}}