{"id":1329,"date":"2021-11-16T09:34:11","date_gmt":"2021-11-16T09:34:11","guid":{"rendered":"https:\/\/teidakademi.mucizefikironline.com\/?page_id=1329"},"modified":"2021-11-16T09:34:11","modified_gmt":"2021-11-16T09:34:11","slug":"nevra-ugurlu","status":"publish","type":"page","link":"https:\/\/teidakademi.com\/index.php\/ekibimiz\/nevra-ugurlu\/","title":{"rendered":"Nevra U\u011furlu"},"content":{"rendered":"\t\t<div data-elementor-type=\"wp-page\" data-elementor-id=\"1329\" class=\"elementor elementor-1329\" data-elementor-settings=\"{&quot;ha_cmc_init_switcher&quot;:&quot;no&quot;}\" data-elementor-post-type=\"page\">\n\t\t\t\t\t\t<section class=\"elementor-section elementor-top-section elementor-element elementor-element-bc39e38 elementor-section-boxed elementor-section-height-default elementor-section-height-default\" data-id=\"bc39e38\" data-element_type=\"section\" data-e-type=\"section\" data-settings=\"{&quot;_ha_eqh_enable&quot;:false}\">\n\t\t\t\t\t\t<div class=\"elementor-container elementor-column-gap-default\">\n\t\t\t\t\t<div class=\"elementor-column elementor-col-100 elementor-top-column elementor-element elementor-element-8a8309a\" data-id=\"8a8309a\" data-element_type=\"column\" data-e-type=\"column\">\n\t\t\t<div class=\"elementor-widget-wrap elementor-element-populated\">\n\t\t\t\t\t\t<div class=\"elementor-element elementor-element-ab264a5 elementor-widget elementor-widget-image\" data-id=\"ab264a5\" data-element_type=\"widget\" data-e-type=\"widget\" data-widget_type=\"image.default\">\n\t\t\t\t<div class=\"elementor-widget-container\">\n\t\t\t\t\t\t\t\t\t\t\t\t\t\t\t<img decoding=\"async\" src=\"http:\/\/teidakademi.mucizefikironline.com\/wp-content\/uploads\/2021\/11\/Nevra-Ug\u0306urlu-foto-akademi.jpg\" title=\"\" alt=\"\" loading=\"lazy\" \/>\t\t\t\t\t\t\t\t\t\t\t\t\t\t\t<\/div>\n\t\t\t\t<\/div>\n\t\t\t\t<div class=\"elementor-element elementor-element-7199dcd elementor-widget elementor-widget-heading\" data-id=\"7199dcd\" data-element_type=\"widget\" data-e-type=\"widget\" data-widget_type=\"heading.default\">\n\t\t\t\t<div class=\"elementor-widget-container\">\n\t\t\t\t\t<h2 class=\"elementor-heading-title elementor-size-default\">Nevra U\u011furlu\n\n<\/h2>\t\t\t\t<\/div>\n\t\t\t\t<\/div>\n\t\t\t\t<div class=\"elementor-element elementor-element-be5a027 elementor-widget elementor-widget-heading\" data-id=\"be5a027\" data-element_type=\"widget\" data-e-type=\"widget\" data-widget_type=\"heading.default\">\n\t\t\t\t<div class=\"elementor-widget-container\">\n\t\t\t\t\t<h2 class=\"elementor-heading-title elementor-size-default\">Allianz T\u00fcrkiye\n<\/h2>\t\t\t\t<\/div>\n\t\t\t\t<\/div>\n\t\t\t\t<div class=\"elementor-element elementor-element-a5e92dd elementor-widget elementor-widget-text-editor\" data-id=\"a5e92dd\" data-element_type=\"widget\" data-e-type=\"widget\" data-widget_type=\"text-editor.default\">\n\t\t\t\t<div class=\"elementor-widget-container\">\n\t\t\t\t\t\t\t\t\t<p>2006 y\u0131l\u0131nda Marmara \u00dcniversitesi Siyaset Bilimi ve Uluslararas\u0131 \u0130li\u015fkiler B\u00f6l\u00fcm\u00fc\u2019nden mezun olmu\u015ftur. \u0130\u015f hayat\u0131na ilk olarak bir lojistik firmas\u0131nda ba\u015flam\u0131\u015f, 2007 y\u0131l\u0131nda sigorta sekt\u00f6r\u00fcne ge\u00e7i\u015f yapm\u0131\u015ft\u0131r. 2007 y\u0131l\u0131ndan bu yana Birlik (Halk) Sigorta ve Zurich Sigorta \u015firketlerinin reas\u00fcrans ve uyum departmanlar\u0131nda g\u00f6rev alan Nevra U\u011furlu, 2015 y\u0131l\u0131ndan itibaren Allianz T\u00fcrkiye b\u00fcnyesinde Uyum M\u00fcd\u00fcr\u00fc ve Veri Mahremiyeti G\u00f6revlisi (DPO) olarak g\u00f6revini s\u00fcrd\u00fcrmektedir. Bu kapsamda ki\u015fisel verilerin korunmas\u0131, su\u00e7 gelirlerinin aklanmas\u0131 ve ter\u00f6r\u00fcn finansman\u0131n \u00f6nlenmesi, ekonomik yapt\u0131r\u0131mlara uyum, yolsuzlukla m\u00fccadele, suistimalle m\u00fccadele, sat\u0131\u015f ilkeleri uyum program\u0131, \u00e7\u0131kar \u00e7at\u0131\u015fmalar\u0131n\u0131n y\u00f6netilmesi gibi uyum programlar\u0131n\u0131n yan\u0131 s\u0131ra etik k\u00fclt\u00fcr\u00fcn yayg\u0131nla\u015ft\u0131r\u0131lmas\u0131 ve fark\u0131ndal\u0131\u011f\u0131n art\u0131r\u0131lmas\u0131 konular\u0131nda \u00e7al\u0131\u015fmaktad\u0131r.<\/p><p>Ayn\u0131 zamanda T\u00fcrkiye Sigorta, Reas\u00fcrans ve Emeklilik \u015eirketleri Birli\u011fi b\u00fcnyesinde MASAK \u0130nceleme ve Ara\u015ft\u0131rma Komitesi Ba\u015fkan\u0131 olarak g\u00f6rev yapmakta olup, su\u00e7 gelirlerinin aklanmas\u0131 ve ter\u00f6r\u00fcn finansman\u0131n \u00f6nlenmesi konusunda sigorta sekt\u00f6r\u00fcnde aktif rol oynamaktad\u0131r.\u00a0\u00a0<\/p>\t\t\t\t\t\t\t\t<\/div>\n\t\t\t\t<\/div>\n\t\t\t\t\t<\/div>\n\t\t<\/div>\n\t\t\t\t\t<\/div>\n\t\t<\/section>\n\t\t\t\t<\/div>\n\t\t","protected":false},"excerpt":{"rendered":"<p>Nevra U\u011furlu Allianz T\u00fcrkiye 2006 y\u0131l\u0131nda Marmara \u00dcniversitesi Siyaset Bilimi ve Uluslararas\u0131 \u0130li\u015fkiler B\u00f6l\u00fcm\u00fc\u2019nden mezun olmu\u015ftur. \u0130\u015f hayat\u0131na ilk olarak bir lojistik firmas\u0131nda ba\u015flam\u0131\u015f, 2007 y\u0131l\u0131nda sigorta sekt\u00f6r\u00fcne ge\u00e7i\u015f yapm\u0131\u015ft\u0131r. 2007 y\u0131l\u0131ndan bu yana Birlik (Halk) Sigorta ve Zurich Sigorta \u015firketlerinin reas\u00fcrans ve uyum departmanlar\u0131nda g\u00f6rev alan Nevra U\u011furlu, 2015 y\u0131l\u0131ndan itibaren Allianz T\u00fcrkiye b\u00fcnyesinde [&hellip;]<\/p>\n","protected":false},"author":497,"featured_media":0,"parent":1166,"menu_order":0,"comment_status":"closed","ping_status":"closed","template":"elementor_header_footer","meta":{"_bbp_topic_count":0,"_bbp_reply_count":0,"_bbp_total_topic_count":0,"_bbp_total_reply_count":0,"_bbp_voice_count":0,"_bbp_anonymous_reply_count":0,"_bbp_topic_count_hidden":0,"_bbp_reply_count_hidden":0,"_bbp_forum_subforum_count":0,"footnotes":""},"class_list":["post-1329","page","type-page","status-publish","hentry"],"_links":{"self":[{"href":"https:\/\/teidakademi.com\/index.php\/wp-json\/wp\/v2\/pages\/1329","targetHints":{"allow":["GET"]}}],"collection":[{"href":"https:\/\/teidakademi.com\/index.php\/wp-json\/wp\/v2\/pages"}],"about":[{"href":"https:\/\/teidakademi.com\/index.php\/wp-json\/wp\/v2\/types\/page"}],"author":[{"embeddable":true,"href":"https:\/\/teidakademi.com\/index.php\/wp-json\/wp\/v2\/users\/497"}],"replies":[{"embeddable":true,"href":"https:\/\/teidakademi.com\/index.php\/wp-json\/wp\/v2\/comments?post=1329"}],"version-history":[{"count":0,"href":"https:\/\/teidakademi.com\/index.php\/wp-json\/wp\/v2\/pages\/1329\/revisions"}],"up":[{"embeddable":true,"href":"https:\/\/teidakademi.com\/index.php\/wp-json\/wp\/v2\/pages\/1166"}],"wp:attachment":[{"href":"https:\/\/teidakademi.com\/index.php\/wp-json\/wp\/v2\/media?parent=1329"}],"curies":[{"name":"wp","href":"https:\/\/api.w.org\/{rel}","templated":true}]}}