{"id":1839,"date":"2022-03-29T11:37:17","date_gmt":"2022-03-29T11:37:17","guid":{"rendered":"https:\/\/teidakademi.mucizefikironline.com\/?page_id=1839"},"modified":"2022-03-29T11:37:17","modified_gmt":"2022-03-29T11:37:17","slug":"mehmet-tolga-incaz","status":"publish","type":"page","link":"https:\/\/teidakademi.com\/index.php\/ekibimiz\/mehmet-tolga-incaz\/","title":{"rendered":"Mehmet Tolga \u0130ncaz"},"content":{"rendered":"\t\t<div data-elementor-type=\"wp-page\" data-elementor-id=\"1839\" class=\"elementor elementor-1839\" data-elementor-settings=\"{&quot;ha_cmc_init_switcher&quot;:&quot;no&quot;}\" data-elementor-post-type=\"page\">\n\t\t\t\t\t\t<section class=\"elementor-section elementor-top-section elementor-element elementor-element-bc39e38 elementor-section-boxed elementor-section-height-default elementor-section-height-default\" data-id=\"bc39e38\" data-element_type=\"section\" data-e-type=\"section\" data-settings=\"{&quot;_ha_eqh_enable&quot;:false}\">\n\t\t\t\t\t\t<div class=\"elementor-container elementor-column-gap-default\">\n\t\t\t\t\t<div class=\"elementor-column elementor-col-100 elementor-top-column elementor-element elementor-element-8a8309a\" data-id=\"8a8309a\" data-element_type=\"column\" data-e-type=\"column\">\n\t\t\t<div class=\"elementor-widget-wrap elementor-element-populated\">\n\t\t\t\t\t\t<div class=\"elementor-element elementor-element-ab264a5 elementor-widget elementor-widget-image\" data-id=\"ab264a5\" data-element_type=\"widget\" data-e-type=\"widget\" data-widget_type=\"image.default\">\n\t\t\t\t<div class=\"elementor-widget-container\">\n\t\t\t\t\t\t\t\t\t\t\t\t\t\t\t<img decoding=\"async\" src=\"http:\/\/teidakademi.mucizefikironline.com\/wp-content\/uploads\/2022\/03\/Mehmet-Tolga-I\u0307ncaz.jpg\" title=\"\" alt=\"\" loading=\"lazy\" \/>\t\t\t\t\t\t\t\t\t\t\t\t\t\t\t<\/div>\n\t\t\t\t<\/div>\n\t\t\t\t<div class=\"elementor-element elementor-element-7199dcd elementor-widget elementor-widget-heading\" data-id=\"7199dcd\" data-element_type=\"widget\" data-e-type=\"widget\" data-widget_type=\"heading.default\">\n\t\t\t\t<div class=\"elementor-widget-container\">\n\t\t\t\t\t<h2 class=\"elementor-heading-title elementor-size-default\">Yap\u0131 ve Kredi Bankas\u0131 A.\u015e.<\/h2>\t\t\t\t<\/div>\n\t\t\t\t<\/div>\n\t\t\t\t<div class=\"elementor-element elementor-element-be5a027 elementor-widget elementor-widget-heading\" data-id=\"be5a027\" data-element_type=\"widget\" data-e-type=\"widget\" data-widget_type=\"heading.default\">\n\t\t\t\t<div class=\"elementor-widget-container\">\n\t\t\t\t\t<h2 class=\"elementor-heading-title elementor-size-default\">Mehmet Tolga \u0130ncaz, Yap\u0131 ve Kredi Bankas\u0131 Finansal Grup Mali Su\u00e7lar\u0131 \u00d6nleme Direkt\u00f6ru\u0308\/Finansal Grup Uyum G\u00f6revlisi Yard\u0131mc\u0131s\u0131<\/h2>\t\t\t\t<\/div>\n\t\t\t\t<\/div>\n\t\t\t\t<div class=\"elementor-element elementor-element-a5e92dd elementor-widget elementor-widget-text-editor\" data-id=\"a5e92dd\" data-element_type=\"widget\" data-e-type=\"widget\" data-widget_type=\"text-editor.default\">\n\t\t\t\t<div class=\"elementor-widget-container\">\n\t\t\t\t\t\t\t\t\t<p class=\"p2\">Kariyerine Yap\u0131 ve Kredi Bankas\u0131 A.\u015e.\u2019 de ba\u015flam\u0131\u015ft\u0131r. Toplamda 25 y\u0131ll\u0131k Bankac\u0131l\u0131k tecr\u00fcbesinin ilk 14 y\u0131l\u0131 Sahtecilik ve Doland\u0131r\u0131c\u0131l\u0131klar\u0131n \u00d6nlenmesi ve Tespiti, son 11 y\u0131l\u0131 ise MASAK Mevzuat\u0131 Uyum konusundad\u0131r. Y\u00fcksek Lisans\u0131n\u0131 Kredi Kart\u0131 Doland\u0131r\u0131c\u0131l\u0131k Tespit Sistemlerinde M\u00fc\u015fteri davran\u0131\u015flar\u0131n\u0131n kullan\u0131lmas\u0131 konusunda proje ile tamamlam\u0131\u015ft\u0131r.<\/p><p class=\"p2\">Bu s\u00fcre i\u00e7erisinde\u00a0<b>Visa Europe, Risk Dan\u0131\u015fma Komitesi \u00dcyesi\u00a0<\/b>ve\u00a0<b>Association of Certified Fraud Examiners (ACFE)\u00a0<\/b>Global Dan\u0131\u015fma Konseyi \u00dcyesi gibi g\u00f6revlerde bulunmu\u015ftur.<\/p><p class=\"p2\"><b>CFE\u00a0<\/b>(Certified Fraud Examiner),\u00a0<b>CAMS\u00a0<\/b>(Certified Anti-Money Laundering Specialist) ve\u00a0<b>CGSS\u00a0<\/b>(Certified Global Sanctions Specialist) Sertifikalar\u0131na sahiptir.<\/p><p class=\"p2\">\u2018\u2018<b>NATO Science for Peace and Security<\/b>\u201d serisinin,\u00a0<b>Calibration of Customer Risk Scoring via Classification Techniques for Money Laundering Prevention\u00a0<\/b>isimli kitab\u0131nda yer alan,\u00a0<b>Use of Risk Analysis in Computer-Aided Persuasion\u00a0<\/b>k\u0131sm\u0131na di\u011fer yazarlardan birisi olarak katk\u0131 sa\u011flam\u0131\u015ft\u0131r.<\/p><p class=\"p2\">Uyum konusunda ulusal ve uluslararas\u0131 \u00e7ok say\u0131da e\u011fitim ve seminere kat\u0131lm\u0131\u015f, ayr\u0131ca ulusal ve uluslararas\u0131 platformlarda (Azerbaycan Bankalar Birli\u011fi \u00fcyesi Bankalar ve yerel otoritenin kat\u0131ld\u0131\u011f\u0131) e\u011fitimler vermi\u015f ve konu\u015fmac\u0131 olarak yer alm\u0131\u015ft\u0131r. Bankac\u0131l\u0131k kariyeri i\u00e7erisinde, ulusal ve uluslararas\u0131 bir \u00e7ok kurulu\u015fla \u00e7al\u0131\u015fmalarda bulunmu\u015f, Kredi kartlar\u0131 doland\u0131r\u0131c\u0131l\u0131\u011f\u0131 konusunda bilirki\u015fi olarak yer alm\u0131\u015ft\u0131r.<\/p><p class=\"p2\">Halen Yap\u0131 ve Kredi Bankas\u0131 A.\u015e\u2019de Finansal Grup Mali Su\u00e7lar\u0131 \u00d6nleme Direkt\u00f6r\u00fc ve Finansal Grup Uyum G\u00f6revlisi Yard\u0131mc\u0131s\u0131 olarak g\u00f6rev yapmaktad\u0131r. Ayn\u0131 zamanda T\u00fcrkiye Bankalar Birli\u011fi MASAK \u00c7al\u0131\u015fma Grubu \u00dcyesi olan Mehmet Tolga \u0130ncaz Mevzuat Uyum Derne\u011fi\u2019 nin kurucu \u00fcyesi ve Y\u00f6netim Kurulu \u00dcyesi\u2019dir.<\/p>\t\t\t\t\t\t\t\t<\/div>\n\t\t\t\t<\/div>\n\t\t\t\t\t<\/div>\n\t\t<\/div>\n\t\t\t\t\t<\/div>\n\t\t<\/section>\n\t\t\t\t<\/div>\n\t\t","protected":false},"excerpt":{"rendered":"<p>Yap\u0131 ve Kredi Bankas\u0131 A.\u015e. Mehmet Tolga \u0130ncaz, Yap\u0131 ve Kredi Bankas\u0131 Finansal Grup Mali Su\u00e7lar\u0131 \u00d6nleme Direkt\u00f6ru\u0308\/Finansal Grup Uyum G\u00f6revlisi Yard\u0131mc\u0131s\u0131 Kariyerine Yap\u0131 ve Kredi Bankas\u0131 A.\u015e.\u2019 de ba\u015flam\u0131\u015ft\u0131r. Toplamda 25 y\u0131ll\u0131k Bankac\u0131l\u0131k tecr\u00fcbesinin ilk 14 y\u0131l\u0131 Sahtecilik ve Doland\u0131r\u0131c\u0131l\u0131klar\u0131n \u00d6nlenmesi ve Tespiti, son 11 y\u0131l\u0131 ise MASAK Mevzuat\u0131 Uyum konusundad\u0131r. Y\u00fcksek Lisans\u0131n\u0131 Kredi [&hellip;]<\/p>\n","protected":false},"author":497,"featured_media":0,"parent":1166,"menu_order":0,"comment_status":"closed","ping_status":"closed","template":"elementor_header_footer","meta":{"_bbp_topic_count":0,"_bbp_reply_count":0,"_bbp_total_topic_count":0,"_bbp_total_reply_count":0,"_bbp_voice_count":0,"_bbp_anonymous_reply_count":0,"_bbp_topic_count_hidden":0,"_bbp_reply_count_hidden":0,"_bbp_forum_subforum_count":0,"footnotes":""},"class_list":["post-1839","page","type-page","status-publish","hentry"],"_links":{"self":[{"href":"https:\/\/teidakademi.com\/index.php\/wp-json\/wp\/v2\/pages\/1839","targetHints":{"allow":["GET"]}}],"collection":[{"href":"https:\/\/teidakademi.com\/index.php\/wp-json\/wp\/v2\/pages"}],"about":[{"href":"https:\/\/teidakademi.com\/index.php\/wp-json\/wp\/v2\/types\/page"}],"author":[{"embeddable":true,"href":"https:\/\/teidakademi.com\/index.php\/wp-json\/wp\/v2\/users\/497"}],"replies":[{"embeddable":true,"href":"https:\/\/teidakademi.com\/index.php\/wp-json\/wp\/v2\/comments?post=1839"}],"version-history":[{"count":0,"href":"https:\/\/teidakademi.com\/index.php\/wp-json\/wp\/v2\/pages\/1839\/revisions"}],"up":[{"embeddable":true,"href":"https:\/\/teidakademi.com\/index.php\/wp-json\/wp\/v2\/pages\/1166"}],"wp:attachment":[{"href":"https:\/\/teidakademi.com\/index.php\/wp-json\/wp\/v2\/media?parent=1839"}],"curies":[{"name":"wp","href":"https:\/\/api.w.org\/{rel}","templated":true}]}}