{"id":1861,"date":"2022-03-29T11:48:43","date_gmt":"2022-03-29T11:48:43","guid":{"rendered":"https:\/\/teidakademi.mucizefikironline.com\/?page_id=1861"},"modified":"2022-03-29T11:48:43","modified_gmt":"2022-03-29T11:48:43","slug":"sinan-camlik","status":"publish","type":"page","link":"https:\/\/teidakademi.com\/index.php\/ekibimiz\/sinan-camlik\/","title":{"rendered":"Sinan \u00c7aml\u0131k"},"content":{"rendered":"\t\t<div data-elementor-type=\"wp-page\" data-elementor-id=\"1861\" class=\"elementor elementor-1861\" data-elementor-settings=\"{&quot;ha_cmc_init_switcher&quot;:&quot;no&quot;}\" data-elementor-post-type=\"page\">\n\t\t\t\t\t\t<section class=\"elementor-section elementor-top-section elementor-element elementor-element-bc39e38 elementor-section-boxed elementor-section-height-default elementor-section-height-default\" data-id=\"bc39e38\" data-element_type=\"section\" data-e-type=\"section\" data-settings=\"{&quot;_ha_eqh_enable&quot;:false}\">\n\t\t\t\t\t\t<div class=\"elementor-container elementor-column-gap-default\">\n\t\t\t\t\t<div class=\"elementor-column elementor-col-100 elementor-top-column elementor-element elementor-element-8a8309a\" data-id=\"8a8309a\" data-element_type=\"column\" data-e-type=\"column\">\n\t\t\t<div class=\"elementor-widget-wrap elementor-element-populated\">\n\t\t\t\t\t\t<div class=\"elementor-element elementor-element-ab264a5 elementor-widget elementor-widget-image\" data-id=\"ab264a5\" data-element_type=\"widget\" data-e-type=\"widget\" data-widget_type=\"image.default\">\n\t\t\t\t<div class=\"elementor-widget-container\">\n\t\t\t\t\t\t\t\t\t\t\t\t\t\t\t<img decoding=\"async\" src=\"http:\/\/teidakademi.mucizefikironline.com\/wp-content\/uploads\/2022\/03\/sinan_camlik150x150.jpg\" title=\"\" alt=\"\" loading=\"lazy\" \/>\t\t\t\t\t\t\t\t\t\t\t\t\t\t\t<\/div>\n\t\t\t\t<\/div>\n\t\t\t\t<div class=\"elementor-element elementor-element-7199dcd elementor-widget elementor-widget-heading\" data-id=\"7199dcd\" data-element_type=\"widget\" data-e-type=\"widget\" data-widget_type=\"heading.default\">\n\t\t\t\t<div class=\"elementor-widget-container\">\n\t\t\t\t\t<h2 class=\"elementor-heading-title elementor-size-default\">Ko\u00e7 Holding A.\u015e.<\/h2>\t\t\t\t<\/div>\n\t\t\t\t<\/div>\n\t\t\t\t<div class=\"elementor-element elementor-element-be5a027 elementor-widget elementor-widget-heading\" data-id=\"be5a027\" data-element_type=\"widget\" data-e-type=\"widget\" data-widget_type=\"heading.default\">\n\t\t\t\t<div class=\"elementor-widget-container\">\n\t\t\t\t\t<h2 class=\"elementor-heading-title elementor-size-default\">Ko\u00e7 Holding A.\u015e. K\u0131demli Uyum Y\u00f6neticisi<\/h2>\t\t\t\t<\/div>\n\t\t\t\t<\/div>\n\t\t\t\t<div class=\"elementor-element elementor-element-a5e92dd elementor-widget elementor-widget-text-editor\" data-id=\"a5e92dd\" data-element_type=\"widget\" data-e-type=\"widget\" data-widget_type=\"text-editor.default\">\n\t\t\t\t<div class=\"elementor-widget-container\">\n\t\t\t\t\t\t\t\t\t<p>Sinan \u00c7aml\u0131k, Aral\u0131k 2020 tarihinden itibaren Ko\u00e7 Holding A.\u015e. b\u00fcnyesinde K\u0131demli Uyum Y\u00f6neticisi olarak g\u00f6rev yapmaktad\u0131r. Ko\u00e7 Holding b\u00fcnyesine kat\u0131lmadan \u00f6nce 6 y\u0131l boyunca KPMG\u2019de \u00e7al\u0131\u015fm\u0131\u015f, son olarak Suistimal \u00d6nleme ve \u0130nceleme B\u00f6l\u00fcm\u00fc Direkt\u00f6r\u00fc olarak g\u00f6rev alm\u0131\u015ft\u0131r. KPMG\u2019den \u00f6nce ise Deloitte b\u00fcnyesinde ayn\u0131 departmanda K\u0131demli Dan\u0131\u015fman olarak, bundan \u00f6nce ise Citibank ve farkl\u0131 2 yerel bankada M\u00fcfetti\u015f olarak g\u00f6rev yapm\u0131\u015ft\u0131r. Bilkent \u00dcniversitesi Bankac\u0131l\u0131k ve Finans B\u00f6l\u00fcm\u00fc mezunu olan \u00c7aml\u0131k, Association of Certified Fraud Examiners (ACFE) Global Dan\u0131\u015fma Kurulu \u00dcyesi olup Certified Fraud Examiner (CFE) ve Certification in Risk Management Assurance (CRMA) sertifikalar\u0131na sahiptir.<\/p><p>\u00a0<\/p><p>Kariyeri boyunca a\u011f\u0131rl\u0131kl\u0131 olarak uyum risk de\u011ferlendirmeleri, suistimal inceleme ve \u00f6nleme projelerinde ekip liderli\u011fi yapan \u00c7aml\u0131k, uyum programlar\u0131n\u0131n dizayn\u0131, uyum politika ve s\u00fcre\u00e7lerinin olu\u015fturulmas\u0131, suistimal risk de\u011ferlendirmeleri ve i\u00e7 kontrol s\u00fcre\u00e7lerinin etkinli\u011finin de\u011ferlendirilmesi konular\u0131nda \u00e7al\u0131\u015fm\u0131\u015ft\u0131r. Ayr\u0131ca operasyonel s\u00fcre\u00e7lerin sonu\u00e7lar\u0131n\u0131 de\u011ferlendirerek kurumlar\u0131n s\u00fcre\u00e7lerine y\u00f6nelik beklenti ve fayda analizleri konular\u0131nda g\u00f6rev alan \u00c7aml\u0131k, Su\u00e7 Gelirlerinin Aklanmas\u0131n\u0131n \u00d6nlenmesi (AML) ve R\u00fc\u015fvet ve Yolsuzlu\u011fun Engellenmesi (ABC) mevzuat\u0131na y\u00f6nelik bir\u00e7ok projede \u00e7al\u0131\u015fm\u0131\u015f, bununla birlikte \u00e7ok say\u0131da suistimal incelemesinde ekip lideri olarak g\u00f6rev yapm\u0131\u015ft\u0131r. Bu do\u011frultuda g\u00f6rev ald\u0131\u011f\u0131 projelerde kurumlar\u0131n i\u015f s\u00fcre\u00e7lerindeki kontrol zay\u0131fl\u0131klar\u0131n\u0131n tespit edilmesi ve \u00f6nem derecesi y\u00fcksek risk fonksiyonlar\u0131n\u0131n etkinli\u011finin sistematik yakla\u015f\u0131mlar \u00e7er\u00e7evesinde incelenmesi a\u015famalar\u0131nda adli teknikler kullanm\u0131\u015f ve s\u00f6z konusu s\u00fcre\u00e7lerin iyile\u015ftirilmesine katk\u0131 sa\u011flam\u0131\u015ft\u0131r.<\/p><p>\u00a0<\/p><p>\u00c7aml\u0131k, m\u00fc\u015fteri, \u00e7al\u0131\u015fan ve di\u011fer payda\u015flardan ula\u015fan ihbarlar\u0131n y\u00f6netimi ve ihbara neden olan s\u00fcre\u00e7lerdeki kontrol eksikliklerinin tespit edilmesi, iyile\u015ftirmeye y\u00f6nelik aksiyon planlar\u0131n\u0131n olu\u015fturulmas\u0131, risklerin minimum seviyelere indirilmesi amac\u0131yla al\u0131nan aksiyonlar\u0131n izlenmesi ve kontrol s\u00fcre\u00e7lerinin olu\u015fturulmas\u0131 konular\u0131nda deneyim sahibi olup \u015firketlerde etik k\u00fclt\u00fcr\u00fcn olu\u015fturulmas\u0131na y\u00f6nelik \u00e7al\u0131\u015ftaylar d\u00fczenlemi\u015f, suistimal fark\u0131ndal\u0131k, suistimal inceleme, soru\u015fturma ve ifade alma teknikleri konular\u0131nda bug\u00fcne kadar bir\u00e7ok e\u011fitim vermi\u015ftir.<\/p>\t\t\t\t\t\t\t\t<\/div>\n\t\t\t\t<\/div>\n\t\t\t\t\t<\/div>\n\t\t<\/div>\n\t\t\t\t\t<\/div>\n\t\t<\/section>\n\t\t\t\t<\/div>\n\t\t","protected":false},"excerpt":{"rendered":"<p>Ko\u00e7 Holding A.\u015e. Ko\u00e7 Holding A.\u015e. K\u0131demli Uyum Y\u00f6neticisi Sinan \u00c7aml\u0131k, Aral\u0131k 2020 tarihinden itibaren Ko\u00e7 Holding A.\u015e. b\u00fcnyesinde K\u0131demli Uyum Y\u00f6neticisi olarak g\u00f6rev yapmaktad\u0131r. Ko\u00e7 Holding b\u00fcnyesine kat\u0131lmadan \u00f6nce 6 y\u0131l boyunca KPMG\u2019de \u00e7al\u0131\u015fm\u0131\u015f, son olarak Suistimal \u00d6nleme ve \u0130nceleme B\u00f6l\u00fcm\u00fc Direkt\u00f6r\u00fc olarak g\u00f6rev alm\u0131\u015ft\u0131r. KPMG\u2019den \u00f6nce ise Deloitte b\u00fcnyesinde ayn\u0131 departmanda K\u0131demli Dan\u0131\u015fman [&hellip;]<\/p>\n","protected":false},"author":497,"featured_media":0,"parent":1166,"menu_order":0,"comment_status":"closed","ping_status":"closed","template":"elementor_header_footer","meta":{"_bbp_topic_count":0,"_bbp_reply_count":0,"_bbp_total_topic_count":0,"_bbp_total_reply_count":0,"_bbp_voice_count":0,"_bbp_anonymous_reply_count":0,"_bbp_topic_count_hidden":0,"_bbp_reply_count_hidden":0,"_bbp_forum_subforum_count":0,"footnotes":""},"class_list":["post-1861","page","type-page","status-publish","hentry"],"_links":{"self":[{"href":"https:\/\/teidakademi.com\/index.php\/wp-json\/wp\/v2\/pages\/1861","targetHints":{"allow":["GET"]}}],"collection":[{"href":"https:\/\/teidakademi.com\/index.php\/wp-json\/wp\/v2\/pages"}],"about":[{"href":"https:\/\/teidakademi.com\/index.php\/wp-json\/wp\/v2\/types\/page"}],"author":[{"embeddable":true,"href":"https:\/\/teidakademi.com\/index.php\/wp-json\/wp\/v2\/users\/497"}],"replies":[{"embeddable":true,"href":"https:\/\/teidakademi.com\/index.php\/wp-json\/wp\/v2\/comments?post=1861"}],"version-history":[{"count":0,"href":"https:\/\/teidakademi.com\/index.php\/wp-json\/wp\/v2\/pages\/1861\/revisions"}],"up":[{"embeddable":true,"href":"https:\/\/teidakademi.com\/index.php\/wp-json\/wp\/v2\/pages\/1166"}],"wp:attachment":[{"href":"https:\/\/teidakademi.com\/index.php\/wp-json\/wp\/v2\/media?parent=1861"}],"curies":[{"name":"wp","href":"https:\/\/api.w.org\/{rel}","templated":true}]}}