{"id":38640,"date":"2016-09-01T12:48:23","date_gmt":"2016-09-01T09:48:23","guid":{"rendered":"https:\/\/teidakademi.com\/?page_id=38640"},"modified":"2016-09-09T11:48:30","modified_gmt":"2016-09-09T08:48:30","slug":"etik-ve-uyum-yonetimi","status":"publish","type":"page","link":"https:\/\/teidakademi.com\/index.php\/etik-ve-uyum-yonetimi\/","title":{"rendered":"Etik ve Uyum Y\u00f6netimi"},"content":{"rendered":"<h5><strong>1. Temel Program ve Etki Uygulamas\u0131\u00a0<\/strong><\/h5>\n<ul>\n<li>Etkili bir etik program\u0131n\u0131n, risk y\u00f6netiminin ve uyum program\u0131n ba\u015fl\u0131ca rollerini, kaynaklar\u0131n\u0131 ve temellerin kapsaml\u0131 anlat\u0131m\u0131,<\/li>\n<li>Etkili bir etik ve uyum program\u0131 y\u00fcr\u00fctmek i\u00e7in gerekli refleksleri ve \u00e7abalar\u0131 anlamak i\u00e7in bir\u00e7ok misal te\u015fkil edecek vaka \u00fczerinden \u00e7al\u0131\u015fmalar,<\/li>\n<li>Temel risk \u00f6l\u00e7\u00fcm\u00fcnden ortaya \u00e7\u0131kan neticeler \u0131\u015f\u0131\u011f\u0131nda etki y\u00f6netimi olu\u015fturma<\/li>\n<\/ul>\n<p><span style=\"color: #ffffff;\">.<\/span><\/p>\n<h5><strong>2. Etik ve Uyum Program\u0131 De\u011ferlendirmeleri ve Risk Y\u00f6netimi\u00a0<\/strong><\/h5>\n<ul>\n<li>Etkili bir etik ve uyum program de\u011ferlendirmeleri i\u00e7in gerekli uygulamalar<\/li>\n<li>Devlet taraf\u0131ndan \u00f6ng\u00f6r\u00fclen zorunluluklar\u0131n \u015firket etik ve uyum program\u0131ndaki etkileri<\/li>\n<\/ul>\n<p><span style=\"color: #ffffff;\">.<\/span><\/p>\n<h5><strong>3. \u0130leri Yolsuzluk kar\u015f\u0131t\u0131 \/ R\u00fc\u015fvet \u00f6nleme Program\u0131 Uygulamalar\u0131: Zorluklar, Trendler ve Etkili Y\u00f6netim Riski\u00a0<\/strong><\/h5>\n<ul>\n<li>Yeni ortaya \u00e7\u0131kan riskler, maruz kal\u0131nan riskler ve risk y\u00f6netiminin g\u00fc\u00e7lendirilmesi<\/li>\n<li>Yolsuzluk kar\u015f\u0131t\u0131 ve r\u00fc\u015fvet \u00f6nleyici programlar\u0131n globalle\u015fmi\u015f \u015firketler b\u00fcnyesinde benimsenmesi i\u00e7in gerekli teknikler<\/li>\n<li>Risklerin azalt\u0131lmas\u0131 ve risklere kar\u015f\u0131 fark\u0131ndal\u0131k yaratmak i\u00e7in gerekli stratejiler<\/li>\n<\/ul>\n<p><span style=\"color: #ffffff;\">.<\/span><\/p>\n<h5><strong>4. K\u00fcresel Antitr\u00f6st ve Rekabet Hukuku riskleri : Kurulu\u015funuzun kar\u015f\u0131la\u015ft\u0131\u011f\u0131 zorluklar ve onlar\u0131n etkili y\u00f6netim stratejileri\u00a0<\/strong><\/h5>\n<ul>\n<li>Kurulu\u015funuzun kar\u015f\u0131la\u015ft\u0131\u011f\u0131 antitr\u00f6st ve rekabet hukukuna dayal\u0131 risklerin tan\u0131mlanmas\u0131<\/li>\n<li>Etkili bir risk y\u00f6netimi i\u00e7in gerekli stratejiler, ara\u00e7lar ve bilgileri tan\u0131t\u0131lmas\u0131<\/li>\n<li>K\u00fcresel y\u00fcr\u00fctme kurallar\u0131 \u0131\u015f\u0131\u011f\u0131nda nas\u0131l bir uyum program\u0131 kurumun fark yaratmas\u0131n\u0131 sa\u011flar?<\/li>\n<\/ul>\n<p><span style=\"color: #ffffff;\">.<\/span><\/p>\n<h5><strong>5. Globalle\u015fmi\u015f kurumlar i\u00e7in siber g\u00fcvenlik riskleri: Trendler, Zorluklar ve etkili y\u00f6netim i\u00e7in stratejiler\u00a0<\/strong><\/h5>\n<ul>\n<li>Siber su\u00e7lar\u0131n \u015femalar\u0131na ve tehlikelerine genel bir bak\u0131\u015f<\/li>\n<li>Yeni platformlarla eklenen risklerin anlat\u0131m\u0131 ve y\u00f6netimi<\/li>\n<li>Siber sald\u0131r\u0131lara kar\u015f\u0131 risk y\u00f6netimi ve riskleri hafifletmek i\u00e7in al\u0131nm\u0131\u015f \u00f6nlemler hakk\u0131nda bilgiler<\/li>\n<\/ul>\n<p><span style=\"color: #ffffff;\">.<\/span><\/p>\n<h5><strong>6. \u0130\u015fyerinde sosyal medya : Ba\u015far\u0131l\u0131 Uyum y\u00f6netimi altyap\u0131lar\u0131 ve etkili risk y\u00f6netim sistemleri\u00a0<\/strong><\/h5>\n<ul>\n<li>Sosyal medyan\u0131n pazarlama arac\u0131 olarak kullan\u0131lmas\u0131 ve i\u015f hayat\u0131ndaki yerinin gittik\u00e7e b\u00fcy\u00fcmesiyle k\u00fcreselle\u015fmi\u015f kurumlar\u0131n kar\u015f\u0131la\u015ft\u0131\u011f\u0131 y\u00f6netim zorluklar\u0131<\/li>\n<li>\u00c7al\u0131\u015fanlar\u0131m\u0131z kurumumuzu temsil ediyorlar m\u0131? \u0130\u015f ve \u00f6zel hayat aras\u0131ndaki \u00e7izgi nerede?<\/li>\n<li>Bir kurumun kendi sosyal medya altyap\u0131s\u0131n\u0131 yap\u0131land\u0131rma \u00e7al\u0131\u015fmalar\u0131na ortak olal\u0131m<\/li>\n<\/ul>\n<p><span style=\"color: #ffffff;\">.<\/span><\/p>\n<h5>7. Kamu ile \u00e7al\u0131\u015fma ve \u00e7\u0131kar \u00e7at\u0131\u015fmalar\u0131: zorluklar, olanaklar ve etkili risk y\u00f6netim sistemleri<\/h5>\n<ul>\n<li>Y\u00fcklenici taraf\u0131n mesuliyetinin ne kadar \u00f6nem ta\u015f\u0131d\u0131\u011f\u0131n\u0131 \u00f6\u011frenirken kurumsal risklerin nas\u0131l artt\u0131rd\u0131\u011f\u0131na dikkat \u00e7ekelim<\/li>\n<li>\u015eirket de\u011ferlerine uygun etik ve uyum programlar\u0131 ve ba\u011f\u0131ms\u0131z g\u00f6zetim programlar\u0131 \u015firketlere kamu ihalelerinde daha sa\u011flam yerler sa\u011flamaktad\u0131r. Buna ba\u011fl\u0131 olarak nas\u0131l bir etik ve uyum program\u0131n\u0131n gerekli oldu\u011funu ke\u015ffedelim.<\/li>\n<li>Kamu ihalelerine giren y\u00fcklenicilerin \u015firket k\u00fclt\u00fcr\u00fc kapsam\u0131nda bulunan e\u011fitimler, prensipler ve idari disiplin sayesinde i\u00e7 ve d\u0131\u015f risklerini nas\u0131l y\u00f6nettiklerini \u00f6\u011frenelim<\/li>\n<\/ul>\n<p><span style=\"color: #ffffff;\">.<\/span><\/p>\n<h5><strong>8. \u00c7\u0131kar \u00e7at\u0131\u015fmas\u0131 riskleri: Zorluklar, Etkileri ve do\u011fru y\u00f6netim bi\u00e7imleri<\/strong><\/h5>\n<ul>\n<li>Ba\u015fl\u0131ca \u00e7\u0131kar \u00e7at\u0131\u015fmas\u0131 riskleri ve ondan ortaya \u00e7\u0131kan finansal, cezai ve \u015firket itibar\u0131 \u00fczerindeki etkileri<\/li>\n<li>Risk y\u00f6netimi i\u00e7in en uygun \u00e7\u00f6z\u00fcmler ve denetim i\u00e7in t\u00fcyolar<\/li>\n<\/ul>\n<p><span style=\"color: #ffffff;\">.<\/span><\/p>\n<p>&nbsp;<\/p>\n","protected":false},"excerpt":{"rendered":"<p>1. Temel Program ve Etki Uygulamas\u0131\u00a0 Etkili bir etik program\u0131n\u0131n, risk y\u00f6netiminin ve uyum program\u0131n ba\u015fl\u0131ca rollerini, kaynaklar\u0131n\u0131 ve temellerin kapsaml\u0131 anlat\u0131m\u0131, Etkili bir etik ve uyum program\u0131 y\u00fcr\u00fctmek i\u00e7in gerekli refleksleri ve \u00e7abalar\u0131 anlamak i\u00e7in bir\u00e7ok misal te\u015fkil edecek vaka \u00fczerinden \u00e7al\u0131\u015fmalar, Temel risk \u00f6l\u00e7\u00fcm\u00fcnden ortaya \u00e7\u0131kan neticeler \u0131\u015f\u0131\u011f\u0131nda etki y\u00f6netimi olu\u015fturma . 2. [&hellip;]<\/p>\n","protected":false},"author":1,"featured_media":0,"parent":0,"menu_order":0,"comment_status":"closed","ping_status":"closed","template":"","meta":{"_bbp_topic_count":0,"_bbp_reply_count":0,"_bbp_total_topic_count":0,"_bbp_total_reply_count":0,"_bbp_voice_count":0,"_bbp_anonymous_reply_count":0,"_bbp_topic_count_hidden":0,"_bbp_reply_count_hidden":0,"_bbp_forum_subforum_count":0,"footnotes":""},"class_list":["post-38640","page","type-page","status-publish","hentry"],"_links":{"self":[{"href":"https:\/\/teidakademi.com\/index.php\/wp-json\/wp\/v2\/pages\/38640","targetHints":{"allow":["GET"]}}],"collection":[{"href":"https:\/\/teidakademi.com\/index.php\/wp-json\/wp\/v2\/pages"}],"about":[{"href":"https:\/\/teidakademi.com\/index.php\/wp-json\/wp\/v2\/types\/page"}],"author":[{"embeddable":true,"href":"https:\/\/teidakademi.com\/index.php\/wp-json\/wp\/v2\/users\/1"}],"replies":[{"embeddable":true,"href":"https:\/\/teidakademi.com\/index.php\/wp-json\/wp\/v2\/comments?post=38640"}],"version-history":[{"count":8,"href":"https:\/\/teidakademi.com\/index.php\/wp-json\/wp\/v2\/pages\/38640\/revisions"}],"predecessor-version":[{"id":38991,"href":"https:\/\/teidakademi.com\/index.php\/wp-json\/wp\/v2\/pages\/38640\/revisions\/38991"}],"wp:attachment":[{"href":"https:\/\/teidakademi.com\/index.php\/wp-json\/wp\/v2\/media?parent=38640"}],"curies":[{"name":"wp","href":"https:\/\/api.w.org\/{rel}","templated":true}]}}