{"id":42265,"date":"2020-09-08T18:01:53","date_gmt":"2020-09-08T15:01:53","guid":{"rendered":"https:\/\/teidakademi.com\/index.php\/iump-subscription-plan-3\/"},"modified":"2020-09-08T18:01:53","modified_gmt":"2020-09-08T15:01:53","slug":"iump-subscription-plan-3","status":"publish","type":"page","link":"https:\/\/teidakademi.com\/index.php\/iump-subscription-plan-3\/","title":{"rendered":"IUMP &#8211; Subscription Plan"},"content":{"rendered":"<style>.ich_level_wrap{}<\/style><div class=\"ich_level_wrap ihc_level_template_4\"><div class=\"ihc-level-item\"><div class=\"ihc-level-item-wrap\"><div class=\"ihc-level-item-top\"><div class=\"ihc-level-item-title\">TE\u0130D Academy Next Gen 2026<\/div><\/div><div class=\"ihc-level-item-content\"><\/div><div class=\"ihc-level-item-bottom\"><div class=\"ihc-level-item-price\"><\/div><div class=\"ihc-level-item-link-wrap\"><div onClick=\"ihc_buy_new_level('https:\/\/teidakademi.com\/index.php\/iump-register-5\/?lid=26');\" class=\"ihc-level-item-link\" style=\"cursor: pointer;\">\u015eimdi Kaydolun<\/div><\/div><div class=\"iump-clear\"><\/div><\/div><\/div><\/div><div class=\"ihc-level-item\"><div class=\"ihc-level-item-wrap\"><div class=\"ihc-level-item-top\"><div class=\"ihc-level-item-title\">TE\u0130D Academy Next Gen 2023<\/div><\/div><div class=\"ihc-level-item-content\"><\/div><div class=\"ihc-level-item-bottom\"><div class=\"ihc-level-item-price\"><\/div><div class=\"ihc-level-item-link-wrap\"><div onClick=\"ihc_buy_new_level('https:\/\/teidakademi.com\/index.php\/iump-register-5\/?lid=19');\" class=\"ihc-level-item-link\" style=\"cursor: pointer;\">\u015eimdi Kaydolun<\/div><\/div><div class=\"iump-clear\"><\/div><\/div><\/div><\/div><div class=\"ihc-level-item\"><div class=\"ihc-level-item-wrap\"><div class=\"ihc-level-item-top\"><div class=\"ihc-level-item-title\">TE\u0130D Academy Next Gen 2022<\/div><\/div><div class=\"ihc-level-item-content\"><\/div><div class=\"ihc-level-item-bottom\"><div class=\"ihc-level-item-price\"><\/div><div class=\"ihc-level-item-link-wrap\"><div onClick=\"ihc_buy_new_level('https:\/\/teidakademi.com\/index.php\/iump-register-5\/?lid=16');\" class=\"ihc-level-item-link\" style=\"cursor: pointer;\">\u015eimdi Kaydolun<\/div><\/div><div class=\"iump-clear\"><\/div><\/div><\/div><\/div><div class=\"ihc-level-item\"><div class=\"ihc-level-item-wrap\"><div class=\"ihc-level-item-top\"><div class=\"ihc-level-item-title\">\u00d6grenci ve Mezunlar D\u00f6nem 14<\/div><\/div><div class=\"ihc-level-item-content\"><\/div><div class=\"ihc-level-item-bottom\"><div class=\"ihc-level-item-price\"><\/div><div class=\"ihc-level-item-link-wrap\"><div onClick=\"ihc_buy_new_level('https:\/\/teidakademi.com\/index.php\/iump-register-5\/?lid=18');\" class=\"ihc-level-item-link\" style=\"cursor: pointer;\">\u015eimdi Kaydolun<\/div><\/div><div class=\"iump-clear\"><\/div><\/div><\/div><\/div><div class=\"ihc-level-item\"><div class=\"ihc-level-item-wrap\"><div class=\"ihc-level-item-top\"><div class=\"ihc-level-item-title\">Ko\u00e7 Toplulu\u011fu E\u011fitimi 2. D\u00f6nem<\/div><\/div><div class=\"ihc-level-item-content\"><\/div><div class=\"ihc-level-item-bottom\"><div class=\"ihc-level-item-price\"><\/div><div class=\"ihc-level-item-link-wrap\"><div onClick=\"ihc_buy_new_level('https:\/\/teidakademi.com\/index.php\/iump-register-5\/?lid=17');\" class=\"ihc-level-item-link\" style=\"cursor: pointer;\">\u015eimdi Kaydolun<\/div><\/div><div class=\"iump-clear\"><\/div><\/div><\/div><\/div><div class=\"ihc-level-item\"><div class=\"ihc-level-item-wrap\"><div class=\"ihc-level-item-top\"><div class=\"ihc-level-item-title\">\u00d6grenci ve Mezunlar D\u00f6nem 12<\/div><\/div><div class=\"ihc-level-item-content\"><\/div><div class=\"ihc-level-item-bottom\"><div class=\"ihc-level-item-price\"><\/div><div class=\"ihc-level-item-link-wrap\"><div onClick=\"ihc_buy_new_level('https:\/\/teidakademi.com\/index.php\/iump-register-5\/?lid=15');\" class=\"ihc-level-item-link\" style=\"cursor: pointer;\">\u015eimdi Kaydolun<\/div><\/div><div class=\"iump-clear\"><\/div><\/div><\/div><\/div><div class=\"ihc-level-item\"><div class=\"ihc-level-item-wrap\"><div class=\"ihc-level-item-top\"><div class=\"ihc-level-item-title\">\u00d6grenci ve Mezunlar D\u00f6nem 11<\/div><\/div><div class=\"ihc-level-item-content\"><\/div><div class=\"ihc-level-item-bottom\"><div class=\"ihc-level-item-price\"><\/div><div class=\"ihc-level-item-link-wrap\"><div onClick=\"ihc_buy_new_level('https:\/\/teidakademi.com\/index.php\/iump-register-5\/?lid=14');\" class=\"ihc-level-item-link\" style=\"cursor: pointer;\">\u015eimdi Kaydolun<\/div><\/div><div class=\"iump-clear\"><\/div><\/div><\/div><\/div><div class=\"ihc-level-item\"><div class=\"ihc-level-item-wrap\"><div class=\"ihc-level-item-top\"><div class=\"ihc-level-item-title\">Ko\u00e7 Toplulu\u011fu E\u011fitimi<\/div><\/div><div class=\"ihc-level-item-content\">Etik ve Uyum Y\u00f6netimi Sertifika Program\u0131 Mezunlar\u0131 bu sitedeki t\u00fcm i\u00e7eri\u011fe ve gelecekteki g\u00fcncellemelerine \u00fccretsiz ula\u015fabilirler.<\/div><div class=\"ihc-level-item-bottom\"><div class=\"ihc-level-item-price\"><\/div><div class=\"ihc-level-item-link-wrap\"><div onClick=\"ihc_buy_new_level('https:\/\/teidakademi.com\/index.php\/iump-register-5\/?lid=13');\" class=\"ihc-level-item-link\" style=\"cursor: pointer;\">\u015eimdi Kaydolun<\/div><\/div><div class=\"iump-clear\"><\/div><\/div><\/div><\/div><div class=\"ihc-level-item\"><div class=\"ihc-level-item-wrap\"><div class=\"ihc-level-item-top\"><div class=\"ihc-level-item-title\">ogrenci_ve_mezunlar_9donem<\/div><\/div><div class=\"ihc-level-item-content\"><\/div><div class=\"ihc-level-item-bottom\"><div class=\"ihc-level-item-price\"><\/div><div class=\"ihc-level-item-link-wrap\"><div onClick=\"ihc_buy_new_level('https:\/\/teidakademi.com\/index.php\/iump-register-5\/?lid=12');\" class=\"ihc-level-item-link\" style=\"cursor: pointer;\">\u015eimdi Kaydolun<\/div><\/div><div class=\"iump-clear\"><\/div><\/div><\/div><\/div><div class=\"ihc-level-item\"><div class=\"ihc-level-item-wrap\"><div class=\"ihc-level-item-top\"><div class=\"ihc-level-item-title\">ogrenci_ve_mezunlar_8donem<\/div><\/div><div class=\"ihc-level-item-content\"><\/div><div class=\"ihc-level-item-bottom\"><div class=\"ihc-level-item-price\"><\/div><div class=\"ihc-level-item-link-wrap\"><div onClick=\"ihc_buy_new_level('https:\/\/teidakademi.com\/index.php\/iump-register-5\/?lid=11');\" class=\"ihc-level-item-link\" style=\"cursor: pointer;\">\u015eimdi Kaydolun<\/div><\/div><div class=\"iump-clear\"><\/div><\/div><\/div><\/div><div class=\"ihc-level-item\"><div class=\"ihc-level-item-wrap\"><div class=\"ihc-level-item-top\"><div class=\"ihc-level-item-title\">ogrenci_ve_mezunlar_7donem<\/div><\/div><div class=\"ihc-level-item-content\"><\/div><div class=\"ihc-level-item-bottom\"><div class=\"ihc-level-item-price\"><\/div><div class=\"ihc-level-item-link-wrap\"><div onClick=\"ihc_buy_new_level('https:\/\/teidakademi.com\/index.php\/iump-register-5\/?lid=10');\" class=\"ihc-level-item-link\" style=\"cursor: pointer;\">\u015eimdi Kaydolun<\/div><\/div><div class=\"iump-clear\"><\/div><\/div><\/div><\/div><div class=\"ihc-level-item\"><div class=\"ihc-level-item-wrap\"><div class=\"ihc-level-item-top\"><div class=\"ihc-level-item-title\">ogrenci_ve_mezunlar_6donem<\/div><\/div><div class=\"ihc-level-item-content\"><\/div><div class=\"ihc-level-item-bottom\"><div class=\"ihc-level-item-price\"><\/div><div class=\"ihc-level-item-link-wrap\"><div onClick=\"ihc_buy_new_level('https:\/\/teidakademi.com\/index.php\/iump-register-5\/?lid=9');\" class=\"ihc-level-item-link\" style=\"cursor: pointer;\">\u015eimdi Kaydolun<\/div><\/div><div class=\"iump-clear\"><\/div><\/div><\/div><\/div><div class=\"ihc-level-item\"><div class=\"ihc-level-item-wrap\"><div class=\"ihc-level-item-top\"><div class=\"ihc-level-item-title\">ogrenci_ve_mezunlar_5donem<\/div><\/div><div class=\"ihc-level-item-content\">&nbsp;\r\n\r\n&nbsp;\r\n\r\n<a href=\"https:\/\/teidakademi.com\/index.php\/sunumlar-5-donem\/\"><span style=\"text-decoration: underline;\"><strong>Sunumlar \u0130\u00e7in T\u0131klay\u0131n\u0131z<\/strong><\/span><\/a><\/div><div class=\"ihc-level-item-bottom\"><div class=\"ihc-level-item-price\"><\/div><div class=\"ihc-level-item-link-wrap\"><div onClick=\"ihc_buy_new_level('https:\/\/teidakademi.com\/index.php\/iump-register-5\/?lid=8');\" class=\"ihc-level-item-link\" style=\"cursor: pointer;\">\u015eimdi Kaydolun<\/div><\/div><div class=\"iump-clear\"><\/div><\/div><\/div><\/div><div class=\"ihc-level-item\"><div class=\"ihc-level-item-wrap\"><div class=\"ihc-level-item-top\"><div class=\"ihc-level-item-title\">ogrenci-ve-mezunlar-4-donem<\/div><\/div><div class=\"ihc-level-item-content\"><\/div><div class=\"ihc-level-item-bottom\"><div class=\"ihc-level-item-price\"><\/div><div class=\"ihc-level-item-link-wrap\"><div onClick=\"ihc_buy_new_level('https:\/\/teidakademi.com\/index.php\/iump-register-5\/?lid=7');\" class=\"ihc-level-item-link\" style=\"cursor: pointer;\">\u015eimdi Kaydolun<\/div><\/div><div class=\"iump-clear\"><\/div><\/div><\/div><\/div><div class=\"ihc-level-item\"><div class=\"ihc-level-item-wrap\"><div class=\"ihc-level-item-top\"><div class=\"ihc-level-item-title\">ogrenci-ve-mezunlar-3.donem<\/div><\/div><div class=\"ihc-level-item-content\"><\/div><div class=\"ihc-level-item-bottom\"><div class=\"ihc-level-item-price\"><\/div><div class=\"ihc-level-item-link-wrap\"><div onClick=\"ihc_buy_new_level('https:\/\/teidakademi.com\/index.php\/iump-register-5\/?lid=6');\" class=\"ihc-level-item-link\" style=\"cursor: pointer;\">\u015eimdi Kaydolun<\/div><\/div><div class=\"iump-clear\"><\/div><\/div><\/div><\/div><div class=\"ihc-level-item\"><div class=\"ihc-level-item-wrap\"><div class=\"ihc-level-item-top\"><div class=\"ihc-level-item-title\">\u00d6\u011frenci ve Mezunlar<\/div><\/div><div class=\"ihc-level-item-content\">Etik ve Uyum Y\u00f6netimi Sertifika Program\u0131 Mezunlar\u0131 bu sitedeki t\u00fcm i\u00e7eri\u011fe ve gelecekteki g\u00fcncellemelerine \u00fccretsiz ula\u015fabilirler.<\/div><div class=\"ihc-level-item-bottom\"><div class=\"ihc-level-item-price\"><\/div><div class=\"ihc-level-item-link-wrap\"><div onClick=\"ihc_buy_new_level('https:\/\/teidakademi.com\/index.php\/iump-register-5\/?lid=1');\" class=\"ihc-level-item-link\" style=\"cursor: pointer;\">\u015eimdi Kaydolun<\/div><\/div><div class=\"iump-clear\"><\/div><\/div><\/div><\/div><div class=\"ihc-level-item\"><div class=\"ihc-level-item-wrap\"><div class=\"ihc-level-item-top\"><div class=\"ihc-level-item-title\">\u00d6\u011frenci ve Mezunlar 2. D\u00f6nem<\/div><\/div><div class=\"ihc-level-item-content\">Etik ve Uyum Y\u00f6netimi Sertifika Program\u0131 Mezunlar\u0131 bu sitedeki t\u00fcm i\u00e7eri\u011fe ve gelecekteki g\u00fcncellemelerine \u00fccretsiz ula\u015fabilirler.<\/div><div class=\"ihc-level-item-bottom\"><div class=\"ihc-level-item-price\"><\/div><div class=\"ihc-level-item-link-wrap\"><div onClick=\"ihc_buy_new_level('https:\/\/teidakademi.com\/index.php\/iump-register-5\/?lid=5');\" class=\"ihc-level-item-link\" style=\"cursor: pointer;\">\u015eimdi Kaydolun<\/div><\/div><div class=\"iump-clear\"><\/div><\/div><\/div><\/div><div class=\"ihc-level-item\"><div class=\"ihc-level-item-wrap\"><div class=\"ihc-level-item-top\"><div class=\"ihc-level-item-title\">Etik ve Uyum Y\u00f6neticileri A\u011f\u0131<\/div><\/div><div class=\"ihc-level-item-content\">TE\u0130D Etik ve Uyum Y\u00f6neticileri A\u011f\u0131 \u00fcyeleri\u00a0bu sitede yer alan, e\u011fitim materyali d\u0131\u015f\u0131ndaki t\u00fcm alanlardan \u00fccretsiz faydalanabilirler.<\/div><div class=\"ihc-level-item-bottom\"><div class=\"ihc-level-item-price\"><\/div><div class=\"ihc-level-item-link-wrap\"><div onClick=\"ihc_buy_new_level('https:\/\/teidakademi.com\/index.php\/iump-register-5\/?lid=2');\" class=\"ihc-level-item-link\" style=\"cursor: pointer;\">\u015eimdi Kaydolun<\/div><\/div><div class=\"iump-clear\"><\/div><\/div><\/div><\/div><div class=\"ihc-level-item\"><div class=\"ihc-level-item-wrap\"><div class=\"ihc-level-item-top\"><div class=\"ihc-level-item-title\">TE\u0130D Akademi x Coca-Cola \u0130\u00e7ecek 2024<\/div><\/div><div class=\"ihc-level-item-content\"><\/div><div class=\"ihc-level-item-bottom\"><div class=\"ihc-level-item-price\"><\/div><div class=\"ihc-level-item-link-wrap\"><div onClick=\"ihc_buy_new_level('https:\/\/teidakademi.com\/index.php\/iump-register-5\/?lid=20');\" class=\"ihc-level-item-link\" style=\"cursor: pointer;\">\u015eimdi Kaydolun<\/div><\/div><div class=\"iump-clear\"><\/div><\/div><\/div><\/div><div class=\"ihc-level-item\"><div class=\"ihc-level-item-wrap\"><div class=\"ihc-level-item-top\"><div class=\"ihc-level-item-title\">ogrenci_ve_mezunlar_donem_15<\/div><\/div><div class=\"ihc-level-item-content\"><\/div><div class=\"ihc-level-item-bottom\"><div class=\"ihc-level-item-price\"><\/div><div class=\"ihc-level-item-link-wrap\"><div onClick=\"ihc_buy_new_level('https:\/\/teidakademi.com\/index.php\/iump-register-5\/?lid=21');\" class=\"ihc-level-item-link\" style=\"cursor: pointer;\">\u015eimdi Kaydolun<\/div><\/div><div class=\"iump-clear\"><\/div><\/div><\/div><\/div><div class=\"ihc-level-item\"><div class=\"ihc-level-item-wrap\"><div class=\"ihc-level-item-top\"><div class=\"ihc-level-item-title\">\u00d6grenci ve Mezunlar D\u00f6nem 16<\/div><\/div><div class=\"ihc-level-item-content\"><\/div><div class=\"ihc-level-item-bottom\"><div class=\"ihc-level-item-price\"><\/div><div class=\"ihc-level-item-link-wrap\"><div onClick=\"ihc_buy_new_level('https:\/\/teidakademi.com\/index.php\/iump-register-5\/?lid=22');\" class=\"ihc-level-item-link\" style=\"cursor: pointer;\">\u015eimdi Kaydolun<\/div><\/div><div class=\"iump-clear\"><\/div><\/div><\/div><\/div><div class=\"ihc-level-item\"><div class=\"ihc-level-item-wrap\"><div class=\"ihc-level-item-top\"><div class=\"ihc-level-item-title\">Anadolu Grubu E\u011fitimi<\/div><\/div><div class=\"ihc-level-item-content\">Etik ve Uyum Y\u00f6netimi Sertifika Program\u0131 Mezunlar\u0131 bu sitedeki t\u00fcm i\u00e7eri\u011fe ve gelecekteki g\u00fcncellemelerine \u00fccretsiz ula\u015fabilirler.<\/div><div class=\"ihc-level-item-bottom\"><div class=\"ihc-level-item-price\"><\/div><div class=\"ihc-level-item-link-wrap\"><div onClick=\"ihc_buy_new_level('https:\/\/teidakademi.com\/index.php\/iump-register-5\/?lid=23');\" class=\"ihc-level-item-link\" style=\"cursor: pointer;\">\u015eimdi Kaydolun<\/div><\/div><div class=\"iump-clear\"><\/div><\/div><\/div><\/div><div class=\"ihc-level-item\"><div class=\"ihc-level-item-wrap\"><div class=\"ihc-level-item-top\"><div class=\"ihc-level-item-title\">\u00d6grenci ve Mezunlar D\u00f6nem 17<\/div><\/div><div class=\"ihc-level-item-content\"><\/div><div class=\"ihc-level-item-bottom\"><div class=\"ihc-level-item-price\"><\/div><div class=\"ihc-level-item-link-wrap\"><div onClick=\"ihc_buy_new_level('https:\/\/teidakademi.com\/index.php\/iump-register-5\/?lid=24');\" class=\"ihc-level-item-link\" style=\"cursor: pointer;\">\u015eimdi Kaydolun<\/div><\/div><div class=\"iump-clear\"><\/div><\/div><\/div><\/div><div class=\"ihc-level-item\"><div class=\"ihc-level-item-wrap\"><div class=\"ihc-level-item-top\"><div class=\"ihc-level-item-title\">\u00d6grenci ve Mezunlar D\u00f6nem 18<\/div><\/div><div class=\"ihc-level-item-content\">Etik ve Uyum Y\u00f6netimi Sertifika Program\u0131 Mezunlar\u0131 bu sitedeki t\u00fcm i\u00e7eri\u011fe ve gelecekteki g\u00fcncellemelerine \u00fccretsiz ula\u015fabilirler.<\/div><div class=\"ihc-level-item-bottom\"><div class=\"ihc-level-item-price\"><\/div><div class=\"ihc-level-item-link-wrap\"><div onClick=\"ihc_buy_new_level('https:\/\/teidakademi.com\/index.php\/iump-register-5\/?lid=25');\" class=\"ihc-level-item-link\" style=\"cursor: pointer;\">\u015eimdi Kaydolun<\/div><\/div><div class=\"iump-clear\"><\/div><\/div><\/div><\/div><div class=\"ihc-level-item\"><div class=\"ihc-level-item-wrap\"><div class=\"ihc-level-item-top\"><div class=\"ihc-level-item-title\">\u00d6grenci ve Mezunlar D\u00f6nem 19<\/div><\/div><div class=\"ihc-level-item-content\">Etik ve Uyum Y\u00f6netimi Sertifika Program\u0131 Mezunlar\u0131 bu sitedeki t\u00fcm i\u00e7eri\u011fe ve gelecekteki g\u00fcncellemelerine \u00fccretsiz ula\u015fabilirler.<\/div><div class=\"ihc-level-item-bottom\"><div class=\"ihc-level-item-price\"><\/div><div class=\"ihc-level-item-link-wrap\"><div onClick=\"ihc_buy_new_level('https:\/\/teidakademi.com\/index.php\/iump-register-5\/?lid=27');\" class=\"ihc-level-item-link\" style=\"cursor: pointer;\">\u015eimdi Kaydolun<\/div><\/div><div class=\"iump-clear\"><\/div><\/div><\/div><\/div><\/div>\n","protected":false},"excerpt":{"rendered":"","protected":false},"author":1,"featured_media":0,"parent":0,"menu_order":0,"comment_status":"closed","ping_status":"closed","template":"","meta":{"_bbp_topic_count":0,"_bbp_reply_count":0,"_bbp_total_topic_count":0,"_bbp_total_reply_count":0,"_bbp_voice_count":0,"_bbp_anonymous_reply_count":0,"_bbp_topic_count_hidden":0,"_bbp_reply_count_hidden":0,"_bbp_forum_subforum_count":0,"footnotes":""},"class_list":["post-42265","page","type-page","status-publish","hentry"],"_links":{"self":[{"href":"https:\/\/teidakademi.com\/index.php\/wp-json\/wp\/v2\/pages\/42265","targetHints":{"allow":["GET"]}}],"collection":[{"href":"https:\/\/teidakademi.com\/index.php\/wp-json\/wp\/v2\/pages"}],"about":[{"href":"https:\/\/teidakademi.com\/index.php\/wp-json\/wp\/v2\/types\/page"}],"author":[{"embeddable":true,"href":"https:\/\/teidakademi.com\/index.php\/wp-json\/wp\/v2\/users\/1"}],"replies":[{"embeddable":true,"href":"https:\/\/teidakademi.com\/index.php\/wp-json\/wp\/v2\/comments?post=42265"}],"version-history":[{"count":0,"href":"https:\/\/teidakademi.com\/index.php\/wp-json\/wp\/v2\/pages\/42265\/revisions"}],"wp:attachment":[{"href":"https:\/\/teidakademi.com\/index.php\/wp-json\/wp\/v2\/media?parent=42265"}],"curies":[{"name":"wp","href":"https:\/\/api.w.org\/{rel}","templated":true}]}}