{"id":43743,"date":"2022-08-17T22:47:00","date_gmt":"2022-08-17T19:47:00","guid":{"rendered":"https:\/\/teidakademi.com\/?page_id=43743"},"modified":"2022-10-14T12:31:32","modified_gmt":"2022-10-14T09:31:32","slug":"teid-akademi-12-donemi","status":"publish","type":"page","link":"https:\/\/teidakademi.com\/index.php\/teid-akademi-12-donemi\/","title":{"rendered":"TE\u0130D Akademi 12. D\u00f6nemi"},"content":{"rendered":"\t\t<div data-elementor-type=\"wp-page\" data-elementor-id=\"43743\" class=\"elementor elementor-43743\" data-elementor-settings=\"{&quot;ha_cmc_init_switcher&quot;:&quot;no&quot;}\" data-elementor-post-type=\"page\">\n\t\t\t\t\t\t<section class=\"elementor-section elementor-top-section elementor-element elementor-element-bc39e38 elementor-section-boxed elementor-section-height-default elementor-section-height-default\" data-id=\"bc39e38\" data-element_type=\"section\" data-e-type=\"section\" data-settings=\"{&quot;_ha_eqh_enable&quot;:false}\">\n\t\t\t\t\t\t<div class=\"elementor-container elementor-column-gap-default\">\n\t\t\t\t\t<div class=\"elementor-column elementor-col-100 elementor-top-column elementor-element elementor-element-8a8309a\" data-id=\"8a8309a\" data-element_type=\"column\" data-e-type=\"column\">\n\t\t\t<div class=\"elementor-widget-wrap elementor-element-populated\">\n\t\t\t\t\t\t<div class=\"elementor-element elementor-element-73037e2 elementor-widget elementor-widget-text-editor\" data-id=\"73037e2\" data-element_type=\"widget\" data-e-type=\"widget\" data-widget_type=\"text-editor.default\">\n\t\t\t\t<div class=\"elementor-widget-container\">\n\t\t\t\t\t\t\t\t\t<p>G\u00fcn 1 Cuma \u2013 07.10.2022<br \/>G\u00fcn 2\u00a0Ctesi\u00a0\u2013 08.10.2022<br \/>G\u00fcn 3 Cuma \u2013 14.10.2022<br \/>G\u00fcn 4\u00a0Ctesi\u00a0\u2013 15.10.2022<br \/><strong><em>G\u00fcn 5\u00a0Per\u015f\u00a0\u2013 20.10.2022*<br \/><\/em><\/strong>G\u00fcn 6 Cuma \u2013 21.10.2022<br \/>G\u00fcn 7\u00a0Ctesi\u00a0\u2013 22.10.2022<br \/>G\u00fcn 8 Cuma \u2013 04.11.2022<br \/>G\u00fcn 9\u00a0Ctesi\u00a0\u2013 05.11.2022<br \/>G\u00fcn 10 Cuma \u2013 11.11.2022<br \/>G\u00fcn 11\u00a0Ctesi\u00a0\u2013 12.11.2022<br \/>G\u00fcn 12 Cuma \u2013 18.11.2022<br \/>G\u00fcn 13 Ctesi \u2013 19.11.2022<\/p><p>*G\u00fcn 5 istisnai bir \u015fekilde Per\u015fembe g\u00fcn\u00fc saat 13.00\u2019den sonra ger\u00e7ekle\u015ftirilecektir.\u00a0<br \/>Sunum\/ Mezuniyet: 12 Ocak ve\/veya 13 Ocak 2023 g\u00fcnleri<\/p><h4>E\u011fitim \u00dccreti<\/h4><p>TE\u0130D Akademi \u00dccreti: <strong>24.300 TL + KDV*\u2019dir.<\/strong> <br \/>Erken kay\u0131t indirimli fiyat: <strong>21.600 TL + KDV\u2019dir.<\/strong> Program ba\u015flang\u0131c\u0131ndan en az bir ay \u00f6nce yap\u0131lacak \u00f6demelerde erken kay\u0131t indirimi uygulan\u0131r. <br \/>TE\u0130D Kurumsal \u00dcyelerinin \u00e7al\u0131\u015fanlar\u0131ndan \u00fcye kurum ba\u015f\u0131na \u00fc\u00e7 kat\u0131l\u0131mc\u0131, kat\u0131l\u0131mc\u0131 ba\u015f\u0131na <strong>15.750 TL + KDV<\/strong>\u2018lik avantajl\u0131 indirim fiyat\u0131ndan yararlanabilir. <br \/>*KDV oran\u0131 %18\u2019dir.\u00a0<\/p>\t\t\t\t\t\t\t\t<\/div>\n\t\t\t\t<\/div>\n\t\t\t\t\t<\/div>\n\t\t<\/div>\n\t\t\t\t\t<\/div>\n\t\t<\/section>\n\t\t\t\t<\/div>\n\t\t","protected":false},"excerpt":{"rendered":"<p>G\u00fcn 1 Cuma \u2013 07.10.2022G\u00fcn 2\u00a0Ctesi\u00a0\u2013 08.10.2022G\u00fcn 3 Cuma \u2013 14.10.2022G\u00fcn 4\u00a0Ctesi\u00a0\u2013 15.10.2022G\u00fcn 5\u00a0Per\u015f\u00a0\u2013 20.10.2022*G\u00fcn 6 Cuma \u2013 21.10.2022G\u00fcn 7\u00a0Ctesi\u00a0\u2013 22.10.2022G\u00fcn 8 Cuma \u2013 04.11.2022G\u00fcn 9\u00a0Ctesi\u00a0\u2013 05.11.2022G\u00fcn 10 Cuma \u2013 11.11.2022G\u00fcn 11\u00a0Ctesi\u00a0\u2013 12.11.2022G\u00fcn 12 Cuma \u2013 18.11.2022G\u00fcn 13 Ctesi \u2013 19.11.2022 *G\u00fcn 5 istisnai bir \u015fekilde Per\u015fembe g\u00fcn\u00fc saat 13.00\u2019den sonra ger\u00e7ekle\u015ftirilecektir.\u00a0Sunum\/ Mezuniyet: 12 Ocak [&hellip;]<\/p>\n","protected":false},"author":1,"featured_media":0,"parent":0,"menu_order":0,"comment_status":"closed","ping_status":"closed","template":"elementor_header_footer","meta":{"_bbp_topic_count":0,"_bbp_reply_count":0,"_bbp_total_topic_count":0,"_bbp_total_reply_count":0,"_bbp_voice_count":0,"_bbp_anonymous_reply_count":0,"_bbp_topic_count_hidden":0,"_bbp_reply_count_hidden":0,"_bbp_forum_subforum_count":0,"footnotes":""},"class_list":["post-43743","page","type-page","status-publish","hentry"],"_links":{"self":[{"href":"https:\/\/teidakademi.com\/index.php\/wp-json\/wp\/v2\/pages\/43743","targetHints":{"allow":["GET"]}}],"collection":[{"href":"https:\/\/teidakademi.com\/index.php\/wp-json\/wp\/v2\/pages"}],"about":[{"href":"https:\/\/teidakademi.com\/index.php\/wp-json\/wp\/v2\/types\/page"}],"author":[{"embeddable":true,"href":"https:\/\/teidakademi.com\/index.php\/wp-json\/wp\/v2\/users\/1"}],"replies":[{"embeddable":true,"href":"https:\/\/teidakademi.com\/index.php\/wp-json\/wp\/v2\/comments?post=43743"}],"version-history":[{"count":23,"href":"https:\/\/teidakademi.com\/index.php\/wp-json\/wp\/v2\/pages\/43743\/revisions"}],"predecessor-version":[{"id":44073,"href":"https:\/\/teidakademi.com\/index.php\/wp-json\/wp\/v2\/pages\/43743\/revisions\/44073"}],"wp:attachment":[{"href":"https:\/\/teidakademi.com\/index.php\/wp-json\/wp\/v2\/media?parent=43743"}],"curies":[{"name":"wp","href":"https:\/\/api.w.org\/{rel}","templated":true}]}}