{"id":44493,"date":"2023-03-17T14:39:20","date_gmt":"2023-03-17T11:39:20","guid":{"rendered":"https:\/\/teidakademi.com\/?page_id=44493"},"modified":"2024-07-22T19:39:12","modified_gmt":"2024-07-22T16:39:12","slug":"teid-academy-next-gen-mezunlarimiz","status":"publish","type":"page","link":"https:\/\/teidakademi.com\/index.php\/teid-academy-next-gen-mezunlarimiz\/","title":{"rendered":"TE\u0130D Academy Next Gen Mezunlar\u0131m\u0131z"},"content":{"rendered":"\t\t<div data-elementor-type=\"wp-page\" data-elementor-id=\"44493\" class=\"elementor elementor-44493\" data-elementor-settings=\"{&quot;ha_cmc_init_switcher&quot;:&quot;no&quot;}\" data-elementor-post-type=\"page\">\n\t\t\t\t\t\t<section class=\"elementor-section elementor-top-section elementor-element elementor-element-e6f02da elementor-section-boxed elementor-section-height-default elementor-section-height-default\" data-id=\"e6f02da\" data-element_type=\"section\" data-e-type=\"section\" data-settings=\"{&quot;_ha_eqh_enable&quot;:false}\">\n\t\t\t\t\t\t<div class=\"elementor-container elementor-column-gap-default\">\n\t\t\t\t\t<div class=\"elementor-column elementor-col-100 elementor-top-column elementor-element elementor-element-09c546b\" data-id=\"09c546b\" data-element_type=\"column\" data-e-type=\"column\">\n\t\t\t<div class=\"elementor-widget-wrap elementor-element-populated\">\n\t\t\t\t\t\t<div class=\"elementor-element elementor-element-229c19c elementor-widget elementor-widget-heading\" data-id=\"229c19c\" data-element_type=\"widget\" data-e-type=\"widget\" data-widget_type=\"heading.default\">\n\t\t\t\t<div class=\"elementor-widget-container\">\n\t\t\t\t\t<h2 class=\"elementor-heading-title elementor-size-default\">TE\u0130D ACADEMY NEXT GEN  2. D\u00d6NEM MEZUNLARIMIZ<\/h2>\t\t\t\t<\/div>\n\t\t\t\t<\/div>\n\t\t\t\t<div class=\"elementor-element elementor-element-edb31b6 elementor-widget elementor-widget-text-editor\" data-id=\"edb31b6\" data-element_type=\"widget\" data-e-type=\"widget\" data-widget_type=\"text-editor.default\">\n\t\t\t\t<div class=\"elementor-widget-container\">\n\t\t\t\t\t\t\t\t\t<table width=\"1153\">\n<tbody>\n<tr>\n<td width=\"87\">1<\/td>\n<td width=\"267\">A. Burak Bu\u011fday<\/td>\n<td width=\"267\">Marmara \u00dcniversitesi<\/td>\n<td width=\"267\">Hukuk<\/td>\n<\/tr>\n<tr>\n<td width=\"87\">2<\/td>\n<td width=\"267\">Ahmet Bayram<\/td>\n<td width=\"267\">\u0130stanbul \u00dcniversitesi<\/td>\n<td width=\"267\">Hukuk<\/td>\n<\/tr>\n<tr>\n<td width=\"87\">3<\/td>\n<td width=\"267\">Alk\u0131m Azmio\u011flu<\/td>\n<td width=\"267\">\u0130stanbul \u00dcniversitesi<\/td>\n<td width=\"267\">Hukuk<\/td>\n<\/tr>\n<tr>\n<td width=\"87\">4<\/td>\n<td width=\"267\">Beg\u00fcm G\u00fcng\u00f6r<\/td>\n<td width=\"267\">\u0130stanbul \u00dcniversitesi<\/td>\n<td width=\"267\">Hukuk<\/td>\n<\/tr>\n<tr>\n<td width=\"87\">5<\/td>\n<td width=\"267\">Behl\u00fcl \u00c7elikkol<\/td>\n<td width=\"267\">\u0130zmir Katip \u00c7elebi \u00dcniversitesi<\/td>\n<td width=\"267\">\u0130ktisadi ve \u0130dari Bilimler Fak\u00fcltesi<\/td>\n<\/tr>\n<tr>\n<td width=\"87\">6<\/td>\n<td width=\"267\">Beytullah Toker<\/td>\n<td width=\"267\">\u0130stanbul \u00dcniversitesi<\/td>\n<td width=\"267\">Hukuk<\/td>\n<\/tr>\n<tr>\n<td width=\"87\">7<\/td>\n<td width=\"267\">Binnaz G\u00f6nen<\/td>\n<td width=\"267\">\u0130stanbul Bilgi \u00dcniversitesi<\/td>\n<td width=\"267\">Hukuk<\/td>\n<\/tr>\n<tr>\n<td width=\"87\">8<\/td>\n<td width=\"267\">\u00a0Ceren Oba<\/td>\n<td width=\"267\">\u0130stanbul Bilgi \u00dcniversitesi<\/td>\n<td width=\"267\">Hukuk<\/td>\n<\/tr>\n<tr>\n<td width=\"87\">9<\/td>\n<td width=\"267\">Ceren Saruhan<\/td>\n<td width=\"267\">\u0130stanbul \u00dcniversitesi<\/td>\n<td width=\"267\">Hukuk<\/td>\n<\/tr>\n<tr>\n<td width=\"87\">10<\/td>\n<td width=\"267\">Deniz Alkano\u011flu<\/td>\n<td width=\"267\">\u0130stanbul Bilgi \u00dcniversitesi<\/td>\n<td width=\"267\">Hukuk<\/td>\n<\/tr>\n<tr>\n<td width=\"87\">11<\/td>\n<td width=\"267\">Dilan Ak\u00e7in<\/td>\n<td width=\"267\">\u0130stanbul \u00dcniversitesi<\/td>\n<td width=\"267\">Hukuk<\/td>\n<\/tr>\n<tr>\n<td width=\"87\">12<\/td>\n<td width=\"267\">Do\u011fa Ta\u015fp\u0131nar<\/td>\n<td width=\"267\">Bah\u00e7e\u015fehir \u00dcniversitesi<\/td>\n<td width=\"267\">Hukuk<\/td>\n<\/tr>\n<tr>\n<td width=\"87\">13<\/td>\n<td width=\"267\">Do\u011fan Arslan<\/td>\n<td width=\"267\">\u0130stanbul \u00dcniversitesi<\/td>\n<td width=\"267\">Hukuk<\/td>\n<\/tr>\n<tr>\n<td width=\"87\">14<\/td>\n<td width=\"267\">Ece Berenis Demir<\/td>\n<td width=\"267\">\u0130hsan Do\u011framac\u0131 Bilkent \u00dcniversitesi<\/td>\n<td width=\"267\">Hukuk<\/td>\n<\/tr>\n<tr>\n<td width=\"87\">15<\/td>\n<td width=\"267\">Emine Nazsu Duman<\/td>\n<td width=\"267\">\u0130stanbul \u00dcniversitesi<\/td>\n<td width=\"267\">Hukuk<\/td>\n<\/tr>\n<tr>\n<td width=\"87\">16<\/td>\n<td width=\"267\">Emre Usta<\/td>\n<td width=\"267\">Marmara \u00fcniversitesi<\/td>\n<td width=\"267\">Siyasal Bilgiler Fak\u00fcltesi<\/td>\n<\/tr>\n<tr>\n<td width=\"87\">17<\/td>\n<td width=\"267\">Esra Arat<\/td>\n<td width=\"267\">\u0130stanbul \u00dcniversitesi<\/td>\n<td width=\"267\">Hukuk<\/td>\n<\/tr>\n<tr>\n<td width=\"87\">18<\/td>\n<td width=\"267\">Furkan Keskin<\/td>\n<td width=\"267\">T\u00fcrk-Alman \u00dcniversitesi<\/td>\n<td width=\"267\">Hukuk<\/td>\n<\/tr>\n<tr>\n<td width=\"87\">19<\/td>\n<td width=\"267\">\u0130rem Naz Y\u0131ld\u0131z<\/td>\n<td width=\"267\">MEF \u00dcniversitesi<\/td>\n<td width=\"267\">Hukuk<\/td>\n<\/tr>\n<tr>\n<td width=\"87\">20<\/td>\n<td width=\"267\">Karya Canl\u0131<\/td>\n<td width=\"267\">TOBB Ekonomi ve Teknoloji \u00dcniversitesi<\/td>\n<td width=\"267\">Hukuk<\/td>\n<\/tr>\n<tr>\n<td width=\"87\">21<\/td>\n<td width=\"267\">M\u00fccahit Karabulut<\/td>\n<td width=\"267\">\u0130stanbul \u00dcniversitesi<\/td>\n<td width=\"267\">Hukuk<\/td>\n<\/tr>\n<tr>\n<td width=\"87\">22<\/td>\n<td width=\"267\">Nur Ceyda Bekta\u015f<\/td>\n<td width=\"267\">Dokuz Eyl\u00fcl \u00dcniversitesi<\/td>\n<td width=\"267\">Hukuk<\/td>\n<\/tr>\n<tr>\n<td width=\"87\">23<\/td>\n<td width=\"267\">Rabia Dila Y\u0131lmaz<\/td>\n<td width=\"267\">TOBB Ekonomi ve Teknoloji \u00dcniversitesi<\/td>\n<td width=\"267\">Hukuk<\/td>\n<\/tr>\n<tr>\n<td width=\"87\">24<\/td>\n<td width=\"267\">R\u00fcmeysa \u00dcreten<\/td>\n<td width=\"267\">\u0130stanbul \u00dcniversitesi<\/td>\n<td width=\"267\">Hukuk<\/td>\n<\/tr>\n<tr>\n<td width=\"87\">25<\/td>\n<td width=\"267\">Samet Yaz\u0131c\u0131<\/td>\n<td width=\"267\">Afyon Kocatepe \u00dcniversitesi<\/td>\n<td width=\"267\">Hukuk<\/td>\n<\/tr>\n<tr>\n<td width=\"87\">26<\/td>\n<td width=\"267\">Senem Ya\u011fmur Uysal<\/td>\n<td width=\"267\">T\u00fcrk-Alman \u00dcniversitesi<\/td>\n<td width=\"267\">\u0130ktisadi ve \u0130dari Bilimler Fak\u00fcltesi<\/td>\n<\/tr>\n<tr>\n<td width=\"87\">27<\/td>\n<td width=\"267\">\u015eeyma G\u00fcr\u00fcn<\/td>\n<td width=\"267\">TOBB Ekonomi ve Teknoloji \u00dcniversitesi<\/td>\n<td width=\"267\">Hukuk<\/td>\n<\/tr>\n<tr>\n<td width=\"87\">28<\/td>\n<td width=\"267\">Sinem Ayd\u0131n<\/td>\n<td width=\"267\">\u0130zmir Katip \u00c7elebi \u00dcniversitesi<\/td>\n<td width=\"267\">Hukuk<\/td>\n<\/tr>\n<tr>\n<td width=\"87\">29<\/td>\n<td width=\"267\">Suat Can Belik\u0131r\u0131k<\/td>\n<td width=\"267\">\u0130stanbul \u00dcniversitesi<\/td>\n<td width=\"267\">Hukuk<\/td>\n<\/tr>\n<tr>\n<td width=\"87\">30<\/td>\n<td width=\"267\">Tuana Korkmaz<\/td>\n<td width=\"267\">\u0130stanbul \u00dcniversitesi<\/td>\n<td width=\"267\">Hukuk<\/td>\n<\/tr>\n<tbody>\n<tr>\n<td width=\"87\">31<\/td>\n<td width=\"267\">Zeynep Sinay TALAS<\/td>\n<td width=\"267\">\u0130stanbul \u00dcniversitesi<\/td>\n<td width=\"267\">Hukuk<\/td>\n<\/tr>\n<tr>\n<td width=\"87\">32<\/td>\n<td width=\"267\">Zeynep Yaman<\/td>\n<td width=\"267\">\u0130ktisadi ve \u0130dari Bilimler Fak\u00fcltesi<\/td>\n<td width=\"267\">Hukuk<\/td>\n<\/tbody>\n<\/table>\n<p style=\"font-weight: 400;\"><\/p>\t\t\t\t\t\t\t\t<\/div>\n\t\t\t\t<\/div>\n\t\t\t\t\t<\/div>\n\t\t<\/div>\n\t\t\t\t\t<\/div>\n\t\t<\/section>\n\t\t\t\t<section class=\"elementor-section elementor-top-section elementor-element elementor-element-97d39f5 elementor-section-boxed elementor-section-height-default elementor-section-height-default\" data-id=\"97d39f5\" data-element_type=\"section\" data-e-type=\"section\" data-settings=\"{&quot;_ha_eqh_enable&quot;:false}\">\n\t\t\t\t\t\t<div class=\"elementor-container elementor-column-gap-default\">\n\t\t\t\t\t<div class=\"elementor-column elementor-col-100 elementor-top-column elementor-element elementor-element-f016188\" data-id=\"f016188\" data-element_type=\"column\" data-e-type=\"column\">\n\t\t\t<div class=\"elementor-widget-wrap elementor-element-populated\">\n\t\t\t\t\t\t<div class=\"elementor-element elementor-element-afe9099 elementor-widget elementor-widget-heading\" data-id=\"afe9099\" data-element_type=\"widget\" data-e-type=\"widget\" data-widget_type=\"heading.default\">\n\t\t\t\t<div class=\"elementor-widget-container\">\n\t\t\t\t\t<h2 class=\"elementor-heading-title elementor-size-default\">TE\u0130D ACADEMY NEXT GEN  1. D\u00d6NEM MEZUNLARIMIZ<\/h2>\t\t\t\t<\/div>\n\t\t\t\t<\/div>\n\t\t\t\t<div class=\"elementor-element elementor-element-e38adf7 elementor-widget elementor-widget-text-editor\" data-id=\"e38adf7\" data-element_type=\"widget\" data-e-type=\"widget\" data-widget_type=\"text-editor.default\">\n\t\t\t\t<div class=\"elementor-widget-container\">\n\t\t\t\t\t\t\t\t\t<table width=\"1153\">\n<tbody>\n<tr>\n<td width=\"87\">1<\/td>\n<td width=\"267\">Aynur Halil<\/td>\n<td width=\"267\">Band\u0131rma Onyedi Eyl\u00fcl \u00dcniversitesi<\/td>\n<td width=\"267\">\u0130ktisadi ve \u0130dari Bilimler Fak\u00fcltesi<\/td>\n<\/tr>\n<tr>\n<td width=\"87\">2<\/td>\n<td width=\"267\">Ay\u015fe G\u00fczel<\/td>\n<td width=\"267\">\u0130stanbul \u00dcniversitesi<\/td>\n<td width=\"267\">Hukuk<\/td>\n<\/tr>\n<tr>\n<td width=\"87\">3<\/td>\n<td width=\"267\">Ay\u015fe K\u0131l\u0131\u00e7<\/td>\n<td width=\"267\">\u0130stanbul \u00dcniversitesi<\/td>\n<td width=\"267\">Hukuk<\/td>\n<\/tr>\n<tr>\n<td width=\"87\">4<\/td>\n<td width=\"267\">Bet\u00fcl Demir<\/td>\n<td width=\"267\">Marmara \u00dcniversitesi<\/td>\n<td width=\"267\">Siyasal Bilgiler Fak\u00fcltesi<\/td>\n<\/tr>\n<tr>\n<td width=\"87\">5<\/td>\n<td width=\"267\">Buket \u00d6zkan<\/td>\n<td width=\"267\">\u0130stanbul \u00dcniversitesi<\/td>\n<td width=\"267\">Hukuk<\/td>\n<\/tr>\n<tr>\n<td width=\"87\">6<\/td>\n<td width=\"267\">B\u00fc\u015fra \u015eeker<\/td>\n<td width=\"267\">\u0130stanbul \u00dcniversitesi<\/td>\n<td width=\"267\">Hukuk<\/td>\n<\/tr>\n<tr>\n<td width=\"87\">7<\/td>\n<td width=\"267\">Erva Be\u015fli<\/td>\n<td width=\"267\">Galatasaray \u00dcniversitesi<\/td>\n<td width=\"267\">Hukuk<\/td>\n<\/tr>\n<tr>\n<td width=\"87\">8<\/td>\n<td width=\"267\">Fatma \u015eeng\u00fcn<\/td>\n<td width=\"267\">\u0130stanbul \u00dcniversitesi<\/td>\n<td width=\"267\">Hukuk<\/td>\n<\/tr>\n<tr>\n<td width=\"87\">9<\/td>\n<td width=\"267\">G\u00fcne\u015f Ceylan<\/td>\n<td width=\"267\">Ko\u00e7 \u00dcniversitesi<\/td>\n<td width=\"267\">Hukuk &#8211; Kar\u015f\u0131la\u015ft\u0131rmal\u0131 Edebiyat<\/td>\n<\/tr>\n<tr>\n<td width=\"87\">10<\/td>\n<td width=\"267\">\u0130pek Atan<\/td>\n<td width=\"267\">\u0130stanbul \u00dcniversitesi<\/td>\n<td width=\"267\">Hukuk<\/td>\n<\/tr>\n<tr>\n<td width=\"87\">11<\/td>\n<td width=\"267\">K\u00fcbra Nur Oflaz<\/td>\n<td width=\"267\">Band\u0131rma Onyedi Eyl\u00fcl \u00dcniversitesi<\/td>\n<td width=\"267\">\u0130\u0130BF\/ Siyaset Bilimi ve Kamu Y\u00f6netimi<\/td>\n<\/tr>\n<tr>\n<td width=\"87\">12<\/td>\n<td width=\"267\">Melike G\u00fcl\u015fah Yard\u0131mc\u0131<\/td>\n<td width=\"267\">Ankara \u00dcniversitesi<\/td>\n<td width=\"267\">Hukuk Fak\u00fcltesi<\/td>\n<\/tr>\n<tr>\n<td width=\"87\">13<\/td>\n<td width=\"267\">Mete R\u0131za Nemlio\u011flu<\/td>\n<td width=\"267\">\u0130stanbul \u00dcniversitesi<\/td>\n<td width=\"267\">Hukuk Fak\u00fcltesi<\/td>\n<\/tr>\n<tr>\n<td width=\"87\">14<\/td>\n<td width=\"267\">\u00d6mer Emin Y\u0131lmaz<\/td>\n<td width=\"267\">T\u00fcrk-Alman \u00dcniversitesi<\/td>\n<td width=\"267\">Hukuk Fak\u00fcltesi<\/td>\n<\/tr>\n<tr>\n<td width=\"87\">15<\/td>\n<td width=\"267\">\u00d6zge Keskin<\/td>\n<td width=\"267\">\u0130stanbul \u00dcniversitesi<\/td>\n<td width=\"267\">Hukuk<\/td>\n<\/tr>\n<tr>\n<td width=\"87\">16<\/td>\n<td width=\"267\">Rabia G\u00fcls\u00fcm S\u00fcs<\/td>\n<td width=\"267\">\u0130stanbul \u00dcniversitesi<\/td>\n<td width=\"267\">Hukuk Fak\u00fcltesi<\/td>\n<\/tr>\n<tr>\n<td width=\"87\">17<\/td>\n<td width=\"267\">Rabia Hilal \u015eener<\/td>\n<td width=\"267\">Bilkent \u00dcniversitesi<\/td>\n<td width=\"267\">Hukuk Fak\u00fcltesi<\/td>\n<\/tr>\n<tr>\n<td width=\"87\">18<\/td>\n<td width=\"267\">Sel\u00e7uk Eray Tekeli<\/td>\n<td width=\"267\">\u0130stanbul \u00dcniversitesi<\/td>\n<td width=\"267\">Hukuk<\/td>\n<\/tr>\n<tr>\n<td width=\"87\">19<\/td>\n<td width=\"267\">Selin \u00c7elik<\/td>\n<td width=\"267\">\u0130stanbul \u00dcniversitesi<\/td>\n<td width=\"267\">Hukuk<\/td>\n<\/tr>\n<tr>\n<td width=\"87\">20<\/td>\n<td width=\"267\">Sena Kay\u0131\u015f<\/td>\n<td width=\"267\">\u0130stanbul \u00dcniversitesi<\/td>\n<td width=\"267\">Hukuk<\/td>\n<\/tr>\n<tr>\n<td width=\"87\">21<\/td>\n<td width=\"267\">\u015eerife Atik<\/td>\n<td width=\"267\">\u0130stanbul \u00dcniversitesi<\/td>\n<td width=\"267\">Hukuk<\/td>\n<\/tr>\n<tr>\n<td width=\"87\">22<\/td>\n<td width=\"267\">Taha Umut Zeybek<\/td>\n<td width=\"267\">\u0130stanbul \u00dcniversitesi<\/td>\n<td width=\"267\">HUKUK<\/td>\n<\/tr>\n<tr>\n<td width=\"87\">23<\/td>\n<td width=\"267\">Ya\u011fmur Buse \u00c7ap\u0131<\/td>\n<td width=\"267\">\u0130stanbul \u00dcniversitesi<\/td>\n<td width=\"267\">Hukuk<\/td>\n<\/tr>\n<tr>\n<td width=\"87\">24<\/td>\n<td width=\"267\">Zeynep \u00c7akmak<\/td>\n<td width=\"267\">\u0130stanbul \u00dcniversitesi<\/td>\n<td width=\"267\">Hukuk<\/td>\n<\/tr>\n<\/tbody>\n<\/table>\n<p style=\"font-weight: 400;\"><\/p>\t\t\t\t\t\t\t\t<\/div>\n\t\t\t\t<\/div>\n\t\t\t\t\t<\/div>\n\t\t<\/div>\n\t\t\t\t\t<\/div>\n\t\t<\/section>\n\t\t\t\t<\/div>\n\t\t","protected":false},"excerpt":{"rendered":"<p>TE\u0130D ACADEMY NEXT GEN 2. D\u00d6NEM MEZUNLARIMIZ 1 A. Burak Bu\u011fday Marmara \u00dcniversitesi Hukuk 2 Ahmet Bayram \u0130stanbul \u00dcniversitesi Hukuk 3 Alk\u0131m Azmio\u011flu \u0130stanbul \u00dcniversitesi Hukuk 4 Beg\u00fcm G\u00fcng\u00f6r \u0130stanbul \u00dcniversitesi Hukuk 5 Behl\u00fcl \u00c7elikkol \u0130zmir Katip \u00c7elebi \u00dcniversitesi \u0130ktisadi ve \u0130dari Bilimler Fak\u00fcltesi 6 Beytullah Toker \u0130stanbul \u00dcniversitesi Hukuk 7 Binnaz G\u00f6nen \u0130stanbul Bilgi [&hellip;]<\/p>\n","protected":false},"author":1,"featured_media":0,"parent":0,"menu_order":0,"comment_status":"closed","ping_status":"closed","template":"elementor_header_footer","meta":{"_bbp_topic_count":0,"_bbp_reply_count":0,"_bbp_total_topic_count":0,"_bbp_total_reply_count":0,"_bbp_voice_count":0,"_bbp_anonymous_reply_count":0,"_bbp_topic_count_hidden":0,"_bbp_reply_count_hidden":0,"_bbp_forum_subforum_count":0,"footnotes":""},"class_list":["post-44493","page","type-page","status-publish","hentry"],"_links":{"self":[{"href":"https:\/\/teidakademi.com\/index.php\/wp-json\/wp\/v2\/pages\/44493","targetHints":{"allow":["GET"]}}],"collection":[{"href":"https:\/\/teidakademi.com\/index.php\/wp-json\/wp\/v2\/pages"}],"about":[{"href":"https:\/\/teidakademi.com\/index.php\/wp-json\/wp\/v2\/types\/page"}],"author":[{"embeddable":true,"href":"https:\/\/teidakademi.com\/index.php\/wp-json\/wp\/v2\/users\/1"}],"replies":[{"embeddable":true,"href":"https:\/\/teidakademi.com\/index.php\/wp-json\/wp\/v2\/comments?post=44493"}],"version-history":[{"count":22,"href":"https:\/\/teidakademi.com\/index.php\/wp-json\/wp\/v2\/pages\/44493\/revisions"}],"predecessor-version":[{"id":47545,"href":"https:\/\/teidakademi.com\/index.php\/wp-json\/wp\/v2\/pages\/44493\/revisions\/47545"}],"wp:attachment":[{"href":"https:\/\/teidakademi.com\/index.php\/wp-json\/wp\/v2\/media?parent=44493"}],"curies":[{"name":"wp","href":"https:\/\/api.w.org\/{rel}","templated":true}]}}