{"id":44724,"date":"2023-09-22T14:34:29","date_gmt":"2023-09-22T11:34:29","guid":{"rendered":"https:\/\/teidakademi.com\/index.php\/iump-reset-password-5\/"},"modified":"2023-09-22T14:34:29","modified_gmt":"2023-09-22T11:34:29","slug":"iump-reset-password-5","status":"publish","type":"page","link":"https:\/\/teidakademi.com\/index.php\/iump-reset-password-5\/","title":{"rendered":"IUMP &#8211; Reset Password"},"content":{"rendered":"<div class=\"ihc-pass-form-wrap ihc-login-template-3\"><form action=\"\" method=\"post\" ><input name=\"ihcaction\" type=\"hidden\" value=\"reset_pass\"><div class=\"impu-form-line-fr\"><input type=\"text\" value=\"\" name=\"email_or_userlogin\" placeholder=\"Kullan\u0131c\u0131 Ad\u0131 ya da E-posta\" \/><\/div><div class=\"impu-form-submit\"><input type=\"submit\" value=\"Yeni Parola Al\u0131n\" name=\"Submit\" class=\"button button-primary button-large\"><\/div><\/form><\/div>\n","protected":false},"excerpt":{"rendered":"","protected":false},"author":1,"featured_media":0,"parent":0,"menu_order":0,"comment_status":"closed","ping_status":"closed","template":"","meta":{"_bbp_topic_count":0,"_bbp_reply_count":0,"_bbp_total_topic_count":0,"_bbp_total_reply_count":0,"_bbp_voice_count":0,"_bbp_anonymous_reply_count":0,"_bbp_topic_count_hidden":0,"_bbp_reply_count_hidden":0,"_bbp_forum_subforum_count":0,"footnotes":""},"class_list":["post-44724","page","type-page","status-publish","hentry"],"_links":{"self":[{"href":"https:\/\/teidakademi.com\/index.php\/wp-json\/wp\/v2\/pages\/44724","targetHints":{"allow":["GET"]}}],"collection":[{"href":"https:\/\/teidakademi.com\/index.php\/wp-json\/wp\/v2\/pages"}],"about":[{"href":"https:\/\/teidakademi.com\/index.php\/wp-json\/wp\/v2\/types\/page"}],"author":[{"embeddable":true,"href":"https:\/\/teidakademi.com\/index.php\/wp-json\/wp\/v2\/users\/1"}],"replies":[{"embeddable":true,"href":"https:\/\/teidakademi.com\/index.php\/wp-json\/wp\/v2\/comments?post=44724"}],"version-history":[{"count":0,"href":"https:\/\/teidakademi.com\/index.php\/wp-json\/wp\/v2\/pages\/44724\/revisions"}],"wp:attachment":[{"href":"https:\/\/teidakademi.com\/index.php\/wp-json\/wp\/v2\/media?parent=44724"}],"curies":[{"name":"wp","href":"https:\/\/api.w.org\/{rel}","templated":true}]}}