{"id":44954,"date":"2023-11-25T11:23:48","date_gmt":"2023-11-25T08:23:48","guid":{"rendered":"https:\/\/teidakademi.com\/?page_id=44954"},"modified":"2026-03-10T14:12:49","modified_gmt":"2026-03-10T11:12:49","slug":"teid-academy-next-gen","status":"publish","type":"page","link":"https:\/\/teidakademi.com\/index.php\/teid-academy-next-gen\/","title":{"rendered":"TEID Academy Next Gen"},"content":{"rendered":"\t\t<div data-elementor-type=\"wp-page\" data-elementor-id=\"44954\" class=\"elementor elementor-44954\" data-elementor-settings=\"{&quot;ha_cmc_init_switcher&quot;:&quot;no&quot;}\" data-elementor-post-type=\"page\">\n\t\t\t\t<div class=\"elementor-element elementor-element-02aeea3 e-flex e-con-boxed e-con e-parent\" data-id=\"02aeea3\" data-element_type=\"container\" data-e-type=\"container\" data-settings=\"{&quot;_ha_eqh_enable&quot;:false}\">\n\t\t\t\t\t<div class=\"e-con-inner\">\n\t\t\t\t<div class=\"elementor-element elementor-element-d784c9f elementor-widget elementor-widget-text-editor\" data-id=\"d784c9f\" data-element_type=\"widget\" data-e-type=\"widget\" data-widget_type=\"text-editor.default\">\n\t\t\t\t<div class=\"elementor-widget-container\">\n\t\t\t\t\t\t\t\t\t<p style=\"text-align: justify;\">Ara\u015ft\u0131rmalar, bireylerin i\u015f hayat\u0131nda etik davran\u0131\u015flar sergileyebilmesi ve g\u00fcnl\u00fck ya\u015famlar\u0131nda da do\u011fru kararlar alabilmesi i\u00e7in etik konular\u0131na ili\u015fkin e\u011fitimin \u00fcniversite, lise ve hatta ilkokul \u00e7a\u011flar\u0131ndan itibaren verilmesinin \u00f6nemine i\u015faret etmektedir.<\/p><p style=\"text-align: justify;\">Etik ve \u0130tibar Derne\u011fi olarak, \u00fclkemizde faaliyet g\u00f6steren \u00e7e\u015fitli sekt\u00f6rlerdeki \u015firket ve \u00e7al\u0131\u015fanlara y\u00f6nelik projelerimizin yan\u0131 s\u0131ra gen\u00e7 nesillerde etik, uyum ve itibar konular\u0131na ili\u015fkin fark\u0131ndal\u0131\u011f\u0131 art\u0131rmay\u0131 hedefleyen \u00e7al\u0131\u015fmalar\u0131m\u0131za da devam ediyoruz.<\/p><p style=\"text-align: justify;\">\u201cGelece\u011fin Etik Liderleri\u201d projesi kapsam\u0131nda hayata ge\u00e7irilen TEID Academy Next Gen e\u011fitim program\u0131n\u0131n \u00fc\u00e7\u00fcnc\u00fc d\u00f6nemi 2026 y\u0131l\u0131nda d\u00fczenlenmi\u015ftir. Program ile \u00fcniversite 3. ve 4. s\u0131n\u0131f \u00f6\u011frencileri ile yeni mezunlara \u201cEtik ve Uyum Y\u00f6neticili\u011fi\u201d mesle\u011finin ihtiya\u00e7 ve gereklilikleri, bu pozisyonun gerektirdi\u011fi temel bilgi ve yetkinlikler aktar\u0131lmaktad\u0131r.<\/p><p style=\"text-align: justify;\">\u0130stanbul \u00dcniversitesi Giri\u015fimcilik Kul\u00fcb\u00fc (\u0130GK) i\u015f birli\u011fiyle ger\u00e7ekle\u015ftirilen program\u0131n 3. d\u00f6nemi 17 \u015eubat 2026 tarihinde ba\u015flam\u0131\u015f, gen\u00e7 kat\u0131l\u0131mc\u0131larla etik ve uyum alan\u0131na y\u00f6nelik temel fark\u0131ndal\u0131k ve bilgi payla\u015f\u0131m\u0131n\u0131n g\u00fc\u00e7lendirilmesi ama\u00e7lanm\u0131\u015ft\u0131r.<\/p>\t\t\t\t\t\t\t\t<\/div>\n\t\t\t\t<\/div>\n\t\t\t\t\t<\/div>\n\t\t\t\t<\/div>\n\t\t\t\t<section class=\"elementor-section elementor-top-section elementor-element elementor-element-e3f9c99 elementor-section-boxed elementor-section-height-default elementor-section-height-default\" data-id=\"e3f9c99\" data-element_type=\"section\" data-e-type=\"section\" data-settings=\"{&quot;_ha_eqh_enable&quot;:false}\">\n\t\t\t\t\t\t<div class=\"elementor-container elementor-column-gap-default\">\n\t\t\t\t\t<div class=\"elementor-column elementor-col-33 elementor-top-column elementor-element elementor-element-8005bba\" data-id=\"8005bba\" data-element_type=\"column\" data-e-type=\"column\">\n\t\t\t<div class=\"elementor-widget-wrap elementor-element-populated\">\n\t\t\t\t\t\t<div class=\"elementor-element elementor-element-92d3d56 elementor-widget elementor-widget-image\" data-id=\"92d3d56\" data-element_type=\"widget\" data-e-type=\"widget\" data-widget_type=\"image.default\">\n\t\t\t\t<div class=\"elementor-widget-container\">\n\t\t\t\t\t\t\t\t\t\t\t\t\t\t\t\t<a href=\"https:\/\/teidakademi.com\/index.php\/2022\/12\/12\/teid-akademi-next-gen-egitim-programi\/\" target=\"_blank\">\n\t\t\t\t\t\t\t<img fetchpriority=\"high\" decoding=\"async\" width=\"2008\" height=\"1181\" src=\"https:\/\/teidakademi.com\/wp-content\/uploads\/2023\/11\/next-gen-1.jpg\" class=\"attachment-full size-full wp-image-44955\" alt=\"\" srcset=\"https:\/\/teidakademi.com\/wp-content\/uploads\/2023\/11\/next-gen-1-300x176.jpg 300w, https:\/\/teidakademi.com\/wp-content\/uploads\/2023\/11\/next-gen-1-768x452.jpg 768w, https:\/\/teidakademi.com\/wp-content\/uploads\/2023\/11\/next-gen-1-1024x602.jpg 1024w, https:\/\/teidakademi.com\/wp-content\/uploads\/2023\/11\/next-gen-1-1536x903.jpg 1536w, https:\/\/teidakademi.com\/wp-content\/uploads\/2023\/11\/next-gen-1.jpg 2008w\" sizes=\"(max-width: 2008px) 100vw, 2008px\" \/>\t\t\t\t\t\t\t\t<\/a>\n\t\t\t\t\t\t\t\t\t\t\t\t\t\t\t<\/div>\n\t\t\t\t<\/div>\n\t\t\t\t\t<\/div>\n\t\t<\/div>\n\t\t\t\t<div class=\"elementor-column elementor-col-33 elementor-top-column elementor-element elementor-element-c0a4355\" data-id=\"c0a4355\" data-element_type=\"column\" data-e-type=\"column\">\n\t\t\t<div class=\"elementor-widget-wrap elementor-element-populated\">\n\t\t\t\t\t\t<div class=\"elementor-element elementor-element-cf396b6 elementor-widget elementor-widget-image\" data-id=\"cf396b6\" data-element_type=\"widget\" data-e-type=\"widget\" data-widget_type=\"image.default\">\n\t\t\t\t<div class=\"elementor-widget-container\">\n\t\t\t\t\t\t\t\t\t\t\t\t\t\t\t\t<a href=\"https:\/\/teidakademi.com\/index.php\/2023\/11\/13\/teid-academy-next-gen-2-donemi\/\" target=\"_blank\">\n\t\t\t\t\t\t\t<img decoding=\"async\" width=\"2008\" height=\"1181\" src=\"https:\/\/teidakademi.com\/wp-content\/uploads\/2023\/11\/next-gen-2.jpg\" class=\"attachment-full size-full wp-image-44956\" alt=\"\" srcset=\"https:\/\/teidakademi.com\/wp-content\/uploads\/2023\/11\/next-gen-2-300x176.jpg 300w, https:\/\/teidakademi.com\/wp-content\/uploads\/2023\/11\/next-gen-2-768x452.jpg 768w, https:\/\/teidakademi.com\/wp-content\/uploads\/2023\/11\/next-gen-2-1024x602.jpg 1024w, https:\/\/teidakademi.com\/wp-content\/uploads\/2023\/11\/next-gen-2-1536x903.jpg 1536w, https:\/\/teidakademi.com\/wp-content\/uploads\/2023\/11\/next-gen-2.jpg 2008w\" sizes=\"(max-width: 2008px) 100vw, 2008px\" \/>\t\t\t\t\t\t\t\t<\/a>\n\t\t\t\t\t\t\t\t\t\t\t\t\t\t\t<\/div>\n\t\t\t\t<\/div>\n\t\t\t\t<div class=\"elementor-element elementor-element-f394042 elementor-widget elementor-widget-image\" data-id=\"f394042\" data-element_type=\"widget\" data-e-type=\"widget\" data-widget_type=\"image.default\">\n\t\t\t\t<div class=\"elementor-widget-container\">\n\t\t\t\t\t\t\t\t\t\t\t\t\t\t\t\t<a href=\"https:\/\/teidakademi.com\/index.php\/2023\/03\/17\/teid-academy-next-gen-ilk-donem-mezunlarini-verdi\/\" target=\"_blank\">\n\t\t\t\t\t\t\t<img decoding=\"async\" width=\"2008\" height=\"1181\" src=\"https:\/\/teidakademi.com\/wp-content\/uploads\/2023\/11\/next-gen-mezunlarimiz.jpg\" class=\"attachment-full size-full wp-image-44957\" alt=\"\" srcset=\"https:\/\/teidakademi.com\/wp-content\/uploads\/2023\/11\/next-gen-mezunlarimiz-300x176.jpg 300w, https:\/\/teidakademi.com\/wp-content\/uploads\/2023\/11\/next-gen-mezunlarimiz-768x452.jpg 768w, https:\/\/teidakademi.com\/wp-content\/uploads\/2023\/11\/next-gen-mezunlarimiz-1024x602.jpg 1024w, https:\/\/teidakademi.com\/wp-content\/uploads\/2023\/11\/next-gen-mezunlarimiz-1536x903.jpg 1536w, https:\/\/teidakademi.com\/wp-content\/uploads\/2023\/11\/next-gen-mezunlarimiz.jpg 2008w\" sizes=\"(max-width: 2008px) 100vw, 2008px\" \/>\t\t\t\t\t\t\t\t<\/a>\n\t\t\t\t\t\t\t\t\t\t\t\t\t\t\t<\/div>\n\t\t\t\t<\/div>\n\t\t\t\t\t<\/div>\n\t\t<\/div>\n\t\t\t\t<div class=\"elementor-column elementor-col-33 elementor-top-column elementor-element elementor-element-1ad5cfc\" data-id=\"1ad5cfc\" data-element_type=\"column\" data-e-type=\"column\">\n\t\t\t<div class=\"elementor-widget-wrap elementor-element-populated\">\n\t\t\t\t\t\t<div class=\"elementor-element elementor-element-a0d1beb elementor-widget elementor-widget-image\" data-id=\"a0d1beb\" data-element_type=\"widget\" data-e-type=\"widget\" data-widget_type=\"image.default\">\n\t\t\t\t<div class=\"elementor-widget-container\">\n\t\t\t\t\t\t\t\t\t\t\t\t\t\t\t\t<a href=\"https:\/\/teidakademi.com\/index.php\/2026\/01\/22\/teid-academy-next-gen-3-donemi\/\" target=\"_blank\">\n\t\t\t\t\t\t\t<img loading=\"lazy\" decoding=\"async\" width=\"2008\" height=\"1181\" src=\"https:\/\/teidakademi.com\/wp-content\/uploads\/2026\/01\/next-gen-3-donem.jpg\" class=\"attachment-full size-full wp-image-48977\" alt=\"\" srcset=\"https:\/\/teidakademi.com\/wp-content\/uploads\/2026\/01\/next-gen-3-donem-300x176.jpg 300w, https:\/\/teidakademi.com\/wp-content\/uploads\/2026\/01\/next-gen-3-donem-768x452.jpg 768w, https:\/\/teidakademi.com\/wp-content\/uploads\/2026\/01\/next-gen-3-donem-1024x602.jpg 1024w, https:\/\/teidakademi.com\/wp-content\/uploads\/2026\/01\/next-gen-3-donem-1536x903.jpg 1536w, https:\/\/teidakademi.com\/wp-content\/uploads\/2026\/01\/next-gen-3-donem.jpg 2008w\" sizes=\"(max-width: 2008px) 100vw, 2008px\" \/>\t\t\t\t\t\t\t\t<\/a>\n\t\t\t\t\t\t\t\t\t\t\t\t\t\t\t<\/div>\n\t\t\t\t<\/div>\n\t\t\t\t\t<\/div>\n\t\t<\/div>\n\t\t\t\t\t<\/div>\n\t\t<\/section>\n\t\t\t\t<\/div>\n\t\t","protected":false},"excerpt":{"rendered":"<p>Ara\u015ft\u0131rmalar, bireylerin i\u015f hayat\u0131nda etik davran\u0131\u015flar sergileyebilmesi ve g\u00fcnl\u00fck ya\u015famlar\u0131nda da do\u011fru kararlar alabilmesi i\u00e7in etik konular\u0131na ili\u015fkin e\u011fitimin \u00fcniversite, lise ve hatta ilkokul \u00e7a\u011flar\u0131ndan itibaren verilmesinin \u00f6nemine i\u015faret etmektedir. Etik ve \u0130tibar Derne\u011fi olarak, \u00fclkemizde faaliyet g\u00f6steren \u00e7e\u015fitli sekt\u00f6rlerdeki \u015firket ve \u00e7al\u0131\u015fanlara y\u00f6nelik projelerimizin yan\u0131 s\u0131ra gen\u00e7 nesillerde etik, uyum ve itibar konular\u0131na ili\u015fkin [&hellip;]<\/p>\n","protected":false},"author":1,"featured_media":0,"parent":0,"menu_order":0,"comment_status":"closed","ping_status":"closed","template":"","meta":{"_bbp_topic_count":0,"_bbp_reply_count":0,"_bbp_total_topic_count":0,"_bbp_total_reply_count":0,"_bbp_voice_count":0,"_bbp_anonymous_reply_count":0,"_bbp_topic_count_hidden":0,"_bbp_reply_count_hidden":0,"_bbp_forum_subforum_count":0,"footnotes":""},"class_list":["post-44954","page","type-page","status-publish","hentry"],"_links":{"self":[{"href":"https:\/\/teidakademi.com\/index.php\/wp-json\/wp\/v2\/pages\/44954","targetHints":{"allow":["GET"]}}],"collection":[{"href":"https:\/\/teidakademi.com\/index.php\/wp-json\/wp\/v2\/pages"}],"about":[{"href":"https:\/\/teidakademi.com\/index.php\/wp-json\/wp\/v2\/types\/page"}],"author":[{"embeddable":true,"href":"https:\/\/teidakademi.com\/index.php\/wp-json\/wp\/v2\/users\/1"}],"replies":[{"embeddable":true,"href":"https:\/\/teidakademi.com\/index.php\/wp-json\/wp\/v2\/comments?post=44954"}],"version-history":[{"count":18,"href":"https:\/\/teidakademi.com\/index.php\/wp-json\/wp\/v2\/pages\/44954\/revisions"}],"predecessor-version":[{"id":49154,"href":"https:\/\/teidakademi.com\/index.php\/wp-json\/wp\/v2\/pages\/44954\/revisions\/49154"}],"wp:attachment":[{"href":"https:\/\/teidakademi.com\/index.php\/wp-json\/wp\/v2\/media?parent=44954"}],"curies":[{"name":"wp","href":"https:\/\/api.w.org\/{rel}","templated":true}]}}