{"id":46911,"date":"2024-01-30T11:49:54","date_gmt":"2024-01-30T08:49:54","guid":{"rendered":"https:\/\/teidakademi.com\/?page_id=46911"},"modified":"2024-01-30T13:41:39","modified_gmt":"2024-01-30T10:41:39","slug":"teid-akademi-15-donemi","status":"publish","type":"page","link":"https:\/\/teidakademi.com\/index.php\/teid-akademi-15-donemi\/","title":{"rendered":"TE\u0130D Akademi 15. D\u00f6nemi"},"content":{"rendered":"\t\t<div data-elementor-type=\"wp-page\" data-elementor-id=\"46911\" class=\"elementor elementor-46911\" data-elementor-settings=\"{&quot;ha_cmc_init_switcher&quot;:&quot;no&quot;}\" data-elementor-post-type=\"page\">\n\t\t\t\t\t\t<section class=\"elementor-section elementor-top-section elementor-element elementor-element-bc39e38 elementor-section-boxed elementor-section-height-default elementor-section-height-default\" data-id=\"bc39e38\" data-element_type=\"section\" data-e-type=\"section\" data-settings=\"{&quot;_ha_eqh_enable&quot;:false}\">\n\t\t\t\t\t\t<div class=\"elementor-container elementor-column-gap-default\">\n\t\t\t\t\t<div class=\"elementor-column elementor-col-100 elementor-top-column elementor-element elementor-element-8a8309a\" data-id=\"8a8309a\" data-element_type=\"column\" data-e-type=\"column\">\n\t\t\t<div class=\"elementor-widget-wrap elementor-element-populated\">\n\t\t\t\t\t\t<div class=\"elementor-element elementor-element-73037e2 elementor-widget elementor-widget-text-editor\" data-id=\"73037e2\" data-element_type=\"widget\" data-e-type=\"widget\" data-widget_type=\"text-editor.default\">\n\t\t\t\t<div class=\"elementor-widget-container\">\n\t\t\t\t\t\t\t\t\t<h6><b style=\"caret-color: #000000; font-family: Calibri, sans-serif; font-size: 14.6667px; text-size-adjust: auto;\"><span style=\"font-size: 18pt;\">E\u011e\u0130T\u0130M B\u0130LG\u0130LER\u0130:<br \/><\/span><\/b><b style=\"caret-color: #000000; font-family: Calibri, sans-serif; font-size: 14.6667px; text-size-adjust: auto;\"><span style=\"font-size: 10.5pt;\">Format:<br \/><\/span><\/b><strong><span style=\"caret-color: #000000; font-family: Calibri, sans-serif; text-size-adjust: auto; font-size: 10.5pt;\">Zoom platformu \u00fczerinden Online S\u0131n\u0131f Dersleri ve Offline Videolar<\/span><\/strong><\/h6><h6><b>Ders Program\u0131:\u00a0<br \/><\/b><strong>G\u00fcn 1: 14 Mart 2024 Per\u015fembe<br \/><\/strong><strong>G\u00fcn 2: 15 Mart 2024 Cuma<br \/><\/strong><strong>G\u00fcn 3: 16 Mart 2024 Cumartesi<br \/><\/strong><strong>G\u00fcn 4: 21 Mart 2024 Per\u015fembe<br \/><\/strong><strong>G\u00fcn 5: 22 Mart 2024 Cuma<br \/><\/strong><strong>G\u00fcn 6: 23 Mart 2024 Cumartesi<br \/><\/strong><strong>G\u00fcn 7: 28 Mart 2024 Per\u015fembe<br \/><\/strong><strong style=\"font-size: 16px;\">G\u00fcn 8: 29 Mart 2024 Cuma<br \/><\/strong><strong>G\u00fcn 9: 30 Mart 2024 Cumartesi<br \/><\/strong><strong>G\u00fcn 10: 18 Nisan 2024 Per\u015fembe<br \/><\/strong><strong>G\u00fcn 11: 19 Nisan 2024 Cuma<br \/><\/strong><strong>G\u00fcn 12: 20 Nisan 2024 Cumartesi<br \/><\/strong><strong style=\"font-size: 16px;\">G\u00fcn 13: 26 Nisan 2024 Cuma<\/strong><\/h6><p><span lang=\"TR\">Dersler <\/span><strong>Per\u015fembe<\/strong> <span lang=\"TR\">ve <strong>Cuma <\/strong><\/span>g\u00fcn<span lang=\"TR\">leri<\/span> <strong>saat 13.00<\/strong>\u2019den sonra<span lang=\"TR\">, <strong>Cumartesi<\/strong> sabahlar\u0131 ise <strong>saat 10.00<\/strong>\u2019dan itibaren yar\u0131m g\u00fcn olarak <\/span>\u00a0ger\u00e7ekle\u015ftirilecektir.\u00a0<b><br \/><\/b><\/p><p><b>INpracticum Sunum \/ Mezuniyet: <span lang=\"TR\">12\/13 Haziran<\/span> 2024\u00a0g\u00fcnleri \u2013 kat\u0131l\u0131m zorunludur \u2013\u00a0<\/b><\/p><p>S\u00fcre: 53 Saat (40 saat online s\u0131n\u0131f dersi ve 13 saat offline video dersler)*<\/p><p><b>\u00a0<\/b><\/p>\t\t\t\t\t\t\t\t<\/div>\n\t\t\t\t<\/div>\n\t\t\t\t\t<\/div>\n\t\t<\/div>\n\t\t\t\t\t<\/div>\n\t\t<\/section>\n\t\t\t\t<section class=\"elementor-section elementor-top-section elementor-element elementor-element-90b28aa elementor-section-boxed elementor-section-height-default elementor-section-height-default\" data-id=\"90b28aa\" data-element_type=\"section\" data-e-type=\"section\" data-settings=\"{&quot;_ha_eqh_enable&quot;:false}\">\n\t\t\t\t\t\t<div class=\"elementor-container elementor-column-gap-default\">\n\t\t\t\t\t<div class=\"elementor-column elementor-col-100 elementor-top-column elementor-element elementor-element-5561320\" data-id=\"5561320\" data-element_type=\"column\" data-e-type=\"column\">\n\t\t\t<div class=\"elementor-widget-wrap elementor-element-populated\">\n\t\t\t\t\t\t<div class=\"elementor-element elementor-element-38d247f elementor-widget elementor-widget-text-editor\" data-id=\"38d247f\" data-element_type=\"widget\" data-e-type=\"widget\" data-widget_type=\"text-editor.default\">\n\t\t\t\t<div class=\"elementor-widget-container\">\n\t\t\t\t\t\t\t\t\t<p style=\"text-align: left;\">*<b><u>En az 40\u00a0saat<\/u><\/b>\u00a0ders devam zorunlulu\u011fu vard\u0131r.<br \/>**Program sonunda\u00a0sunulacak\u00a0<b>INpracticum bitirme projesi vard\u0131r<\/b>.<span style=\"font-size: 13pt;\"><br \/><\/span><span style=\"font-size: 13pt;\"><br \/>TE\u0130D Akademi &#8220;Kurumsal Etik ve Uyum Y\u00f6netimi&#8221;\u00a0<\/span><span lang=\"TR\" style=\"font-size: 13pt;\">E\u011fitim\u00a0<\/span><span style=\"font-size: 13pt;\">Program Bedeli<\/span><span lang=\"TR\" style=\"font-size: 13pt;\">: <strong>67<\/strong><\/span><b><span style=\"font-size: 13pt;\">.500 TL + KDV<\/span><\/b><span style=\"font-size: 13pt;\">\u2019dir.<br \/><\/span><b><br \/>Erken Kay\u0131t<\/b> indirimli fiyat: <strong>59<\/strong><b>.500 TL + KDV<\/b>&#8216;dir.<br \/><b><i>14 \u015eubat 2024 g\u00fcn\u00fc saat 17.00&#8217;ye kadar yap\u0131lacak \u00f6demeler i\u00e7in <\/i><\/b><strong><i>ge\u00e7erlidi<\/i>r.<br \/><br \/><\/strong><b>TE\u0130D Kurumsal \u00dcyeleri<\/b>nin \u00e7al\u0131\u015fanlar\u0131ndan<span style=\"font-size: 13pt;\">\u00a0<\/span><b><u><span style=\"font-size: 13pt;\">\u00fcye kurum ba\u015f\u0131na maksimum <br \/>3 kat\u0131l\u0131mc\u0131<\/span><\/u><\/b><b><span style=\"font-size: 13pt;\"> ki\u015fi ba\u015f\u0131 44.000 TL + KDV<\/span><\/b><span style=\"font-size: 13pt;\">\u2019lik avantajl\u0131 indirimli fiyattan yararlanabilir.\u00a0<\/span><\/p><p style=\"text-align: left;\">\u00d6deme Se\u00e7enekleri: Banka havalesi\/EFT ile \u00f6deme<br \/>Kredi kart\u0131 ile \u00f6deme al\u0131nmamaktad\u0131r.<br \/>*KDV bedeli %20&#8217;dir.<br \/>**E\u011fitimin ilk g\u00fcn\u00fcnden\u00a0<u>en az 3 g\u00fcn \u00f6nce<\/u>\u00a0e\u011fitim bedelinin \u00f6denmesi gerekmektedir.<br \/>***E\u011fitimin ilk g\u00fcn\u00fcnden\u00a0<u>2 g\u00fcn \u00f6ncesine kadar<\/u>\u00a0iptaller ger\u00e7ekle\u015ftirilebilir, bu tarihten sonra yap\u0131lan iptallerde \u00fccret geri \u00f6denmez.<br \/><b style=\"font-size: 14.6667px; text-align: center; text-size-adjust: auto;\"><i><\/i><\/b><\/p><p style=\"text-align: left;\"><strong><span style=\"font-size: 15pt;\">E\u011fitim program\u0131na kat\u0131l\u0131m kontenjan ile s\u0131n\u0131rl\u0131d\u0131r.<br \/><\/span><span style=\"font-size: 15pt;\">Kontenjan s\u0131ras\u0131\u00a0e\u011fitim bedelinin \u00f6denme tarihi ile belirlenmektedir.\u00a0<\/span><\/strong><\/p>\t\t\t\t\t\t\t\t<\/div>\n\t\t\t\t<\/div>\n\t\t\t\t\t<\/div>\n\t\t<\/div>\n\t\t\t\t\t<\/div>\n\t\t<\/section>\n\t\t\t\t<section class=\"elementor-section elementor-top-section elementor-element elementor-element-6cf7046 elementor-section-boxed elementor-section-height-default elementor-section-height-default\" data-id=\"6cf7046\" data-element_type=\"section\" data-e-type=\"section\" data-settings=\"{&quot;_ha_eqh_enable&quot;:false}\">\n\t\t\t\t\t\t<div class=\"elementor-container elementor-column-gap-default\">\n\t\t\t\t\t<div class=\"elementor-column elementor-col-100 elementor-top-column elementor-element elementor-element-198686d\" data-id=\"198686d\" data-element_type=\"column\" data-e-type=\"column\">\n\t\t\t<div class=\"elementor-widget-wrap elementor-element-populated\">\n\t\t\t\t\t\t<div class=\"elementor-element elementor-element-1439511 elementor-align-center elementor-widget elementor-widget-button\" data-id=\"1439511\" data-element_type=\"widget\" data-e-type=\"widget\" data-widget_type=\"button.default\">\n\t\t\t\t<div class=\"elementor-widget-container\">\n\t\t\t\t\t\t\t\t\t<div class=\"elementor-button-wrapper\">\n\t\t\t\t\t<a class=\"elementor-button elementor-button-link elementor-size-md\" href=\"https:\/\/tr.surveymonkey.com\/r\/GC2R5LC\" target=\"_blank\">\n\t\t\t\t\t\t<span class=\"elementor-button-content-wrapper\">\n\t\t\t\t\t\t\t\t\t<span class=\"elementor-button-text\">Kay\u0131t \u0130\u00e7in T\u0131klay\u0131n<\/span>\n\t\t\t\t\t<\/span>\n\t\t\t\t\t<\/a>\n\t\t\t\t<\/div>\n\t\t\t\t\t\t\t\t<\/div>\n\t\t\t\t<\/div>\n\t\t\t\t\t<\/div>\n\t\t<\/div>\n\t\t\t\t\t<\/div>\n\t\t<\/section>\n\t\t\t\t<\/div>\n\t\t","protected":false},"excerpt":{"rendered":"","protected":false},"author":1,"featured_media":0,"parent":0,"menu_order":0,"comment_status":"closed","ping_status":"closed","template":"elementor_header_footer","meta":{"_bbp_topic_count":0,"_bbp_reply_count":0,"_bbp_total_topic_count":0,"_bbp_total_reply_count":0,"_bbp_voice_count":0,"_bbp_anonymous_reply_count":0,"_bbp_topic_count_hidden":0,"_bbp_reply_count_hidden":0,"_bbp_forum_subforum_count":0,"footnotes":""},"class_list":["post-46911","page","type-page","status-publish","hentry"],"_links":{"self":[{"href":"https:\/\/teidakademi.com\/index.php\/wp-json\/wp\/v2\/pages\/46911","targetHints":{"allow":["GET"]}}],"collection":[{"href":"https:\/\/teidakademi.com\/index.php\/wp-json\/wp\/v2\/pages"}],"about":[{"href":"https:\/\/teidakademi.com\/index.php\/wp-json\/wp\/v2\/types\/page"}],"author":[{"embeddable":true,"href":"https:\/\/teidakademi.com\/index.php\/wp-json\/wp\/v2\/users\/1"}],"replies":[{"embeddable":true,"href":"https:\/\/teidakademi.com\/index.php\/wp-json\/wp\/v2\/comments?post=46911"}],"version-history":[{"count":4,"href":"https:\/\/teidakademi.com\/index.php\/wp-json\/wp\/v2\/pages\/46911\/revisions"}],"predecessor-version":[{"id":46915,"href":"https:\/\/teidakademi.com\/index.php\/wp-json\/wp\/v2\/pages\/46911\/revisions\/46915"}],"wp:attachment":[{"href":"https:\/\/teidakademi.com\/index.php\/wp-json\/wp\/v2\/media?parent=46911"}],"curies":[{"name":"wp","href":"https:\/\/api.w.org\/{rel}","templated":true}]}}