{"id":47395,"date":"2024-05-20T17:57:01","date_gmt":"2024-05-20T14:57:01","guid":{"rendered":"https:\/\/teidakademi.com\/?page_id=47395"},"modified":"2024-05-21T15:51:42","modified_gmt":"2024-05-21T12:51:42","slug":"iletisim-ve-sosyal-medya-gruplari-kurallari","status":"publish","type":"page","link":"https:\/\/teidakademi.com\/index.php\/iletisim-ve-sosyal-medya-gruplari-kurallari\/","title":{"rendered":"\u0130leti\u015fim ve Sosyal Medya Gruplar\u0131 Kurallar\u0131"},"content":{"rendered":"\t\t<div data-elementor-type=\"wp-page\" data-elementor-id=\"47395\" class=\"elementor elementor-47395\" data-elementor-settings=\"{&quot;ha_cmc_init_switcher&quot;:&quot;no&quot;}\" data-elementor-post-type=\"page\">\n\t\t\t\t<div class=\"elementor-element elementor-element-f654e1b e-flex e-con-boxed e-con e-parent\" data-id=\"f654e1b\" data-element_type=\"container\" data-e-type=\"container\" data-settings=\"{&quot;_ha_eqh_enable&quot;:false}\">\n\t\t\t\t\t<div class=\"e-con-inner\">\n\t\t<div class=\"elementor-element elementor-element-feae9e7 e-con-full e-flex e-con e-child\" data-id=\"feae9e7\" data-element_type=\"container\" data-e-type=\"container\" data-settings=\"{&quot;_ha_eqh_enable&quot;:false}\">\n\t\t\t\t<\/div>\n\t\t<div class=\"elementor-element elementor-element-0dd3f60 e-con-full e-flex e-con e-child\" data-id=\"0dd3f60\" data-element_type=\"container\" data-e-type=\"container\" data-settings=\"{&quot;_ha_eqh_enable&quot;:false}\">\n\t\t\t\t<div class=\"elementor-element elementor-element-91e87ee elementor-widget elementor-widget-button\" data-id=\"91e87ee\" data-element_type=\"widget\" data-e-type=\"widget\" data-widget_type=\"button.default\">\n\t\t\t\t<div class=\"elementor-widget-container\">\n\t\t\t\t\t\t\t\t\t<div class=\"elementor-button-wrapper\">\n\t\t\t\t\t<a class=\"elementor-button elementor-button-link elementor-size-sm\" href=\"https:\/\/teidakademi.com\/wp-content\/uploads\/2024\/05\/TEID-Akademi-WhatsApp-Kurallari-4.pdf\" target=\"_blank\">\n\t\t\t\t\t\t<span class=\"elementor-button-content-wrapper\">\n\t\t\t\t\t\t\t\t\t<span class=\"elementor-button-text\">TE\u0130D Akademi ve TEID Academy Next Gen \u0130leti\u015fim ve Sosyal Medya Gruplar\u0131 Kurallar\u0131<\/span>\n\t\t\t\t\t<\/span>\n\t\t\t\t\t<\/a>\n\t\t\t\t<\/div>\n\t\t\t\t\t\t\t\t<\/div>\n\t\t\t\t<\/div>\n\t\t\t\t<div class=\"elementor-element elementor-element-67750ab elementor-widget elementor-widget-image\" data-id=\"67750ab\" data-element_type=\"widget\" data-e-type=\"widget\" data-widget_type=\"image.default\">\n\t\t\t\t<div class=\"elementor-widget-container\">\n\t\t\t\t\t\t\t\t\t\t\t\t\t\t\t\t<a href=\"https:\/\/teidakademi.com\/wp-content\/uploads\/2024\/05\/TEID-Akademi-WhatsApp-Kurallari-4.pdf\" target=\"_blank\">\n\t\t\t\t\t\t\t<img fetchpriority=\"high\" decoding=\"async\" width=\"1250\" height=\"1640\" src=\"https:\/\/teidakademi.com\/wp-content\/uploads\/2024\/05\/Kurallar-3.png\" class=\"attachment-full size-full wp-image-47432\" alt=\"\" srcset=\"https:\/\/teidakademi.com\/wp-content\/uploads\/2024\/05\/Kurallar-3-229x300.png 229w, https:\/\/teidakademi.com\/wp-content\/uploads\/2024\/05\/Kurallar-3-768x1008.png 768w, https:\/\/teidakademi.com\/wp-content\/uploads\/2024\/05\/Kurallar-3-780x1024.png 780w, https:\/\/teidakademi.com\/wp-content\/uploads\/2024\/05\/Kurallar-3-1171x1536.png 1171w, https:\/\/teidakademi.com\/wp-content\/uploads\/2024\/05\/Kurallar-3.png 1250w\" sizes=\"(max-width: 1250px) 100vw, 1250px\" \/>\t\t\t\t\t\t\t\t<\/a>\n\t\t\t\t\t\t\t\t\t\t\t\t\t\t\t<\/div>\n\t\t\t\t<\/div>\n\t\t\t\t<\/div>\n\t\t<div class=\"elementor-element elementor-element-09e271f e-con-full e-flex e-con e-child\" data-id=\"09e271f\" data-element_type=\"container\" data-e-type=\"container\" data-settings=\"{&quot;_ha_eqh_enable&quot;:false}\">\n\t\t\t\t<\/div>\n\t\t\t\t\t<\/div>\n\t\t\t\t<\/div>\n\t\t\t\t<\/div>\n\t\t","protected":false},"excerpt":{"rendered":"<p>TE\u0130D Akademi ve TEID Academy Next Gen \u0130leti\u015fim ve Sosyal Medya Gruplar\u0131 Kurallar\u0131<\/p>\n","protected":false},"author":1,"featured_media":0,"parent":0,"menu_order":0,"comment_status":"closed","ping_status":"closed","template":"","meta":{"_bbp_topic_count":0,"_bbp_reply_count":0,"_bbp_total_topic_count":0,"_bbp_total_reply_count":0,"_bbp_voice_count":0,"_bbp_anonymous_reply_count":0,"_bbp_topic_count_hidden":0,"_bbp_reply_count_hidden":0,"_bbp_forum_subforum_count":0,"footnotes":""},"class_list":["post-47395","page","type-page","status-publish","hentry"],"_links":{"self":[{"href":"https:\/\/teidakademi.com\/index.php\/wp-json\/wp\/v2\/pages\/47395","targetHints":{"allow":["GET"]}}],"collection":[{"href":"https:\/\/teidakademi.com\/index.php\/wp-json\/wp\/v2\/pages"}],"about":[{"href":"https:\/\/teidakademi.com\/index.php\/wp-json\/wp\/v2\/types\/page"}],"author":[{"embeddable":true,"href":"https:\/\/teidakademi.com\/index.php\/wp-json\/wp\/v2\/users\/1"}],"replies":[{"embeddable":true,"href":"https:\/\/teidakademi.com\/index.php\/wp-json\/wp\/v2\/comments?post=47395"}],"version-history":[{"count":19,"href":"https:\/\/teidakademi.com\/index.php\/wp-json\/wp\/v2\/pages\/47395\/revisions"}],"predecessor-version":[{"id":47444,"href":"https:\/\/teidakademi.com\/index.php\/wp-json\/wp\/v2\/pages\/47395\/revisions\/47444"}],"wp:attachment":[{"href":"https:\/\/teidakademi.com\/index.php\/wp-json\/wp\/v2\/media?parent=47395"}],"curies":[{"name":"wp","href":"https:\/\/api.w.org\/{rel}","templated":true}]}}