{"id":48936,"date":"2026-01-14T10:47:50","date_gmt":"2026-01-14T07:47:50","guid":{"rendered":"https:\/\/teidakademi.com\/?page_id=48936"},"modified":"2026-01-14T11:04:04","modified_gmt":"2026-01-14T08:04:04","slug":"teid-akademi-19-donemi","status":"publish","type":"page","link":"https:\/\/teidakademi.com\/index.php\/teid-akademi-19-donemi\/","title":{"rendered":"TE\u0130D Akademi 19. D\u00f6nemi"},"content":{"rendered":"\t\t<div data-elementor-type=\"wp-page\" data-elementor-id=\"48936\" class=\"elementor elementor-48936\" data-elementor-settings=\"{&quot;ha_cmc_init_switcher&quot;:&quot;no&quot;}\" data-elementor-post-type=\"page\">\n\t\t\t\t\t\t<section class=\"elementor-section elementor-top-section elementor-element elementor-element-bc39e38 elementor-section-boxed elementor-section-height-default elementor-section-height-default\" data-id=\"bc39e38\" data-element_type=\"section\" data-e-type=\"section\" data-settings=\"{&quot;_ha_eqh_enable&quot;:false}\">\n\t\t\t\t\t\t<div class=\"elementor-container elementor-column-gap-default\">\n\t\t\t\t\t<div class=\"elementor-column elementor-col-100 elementor-top-column elementor-element elementor-element-8a8309a\" data-id=\"8a8309a\" data-element_type=\"column\" data-e-type=\"column\">\n\t\t\t<div class=\"elementor-widget-wrap elementor-element-populated\">\n\t\t\t\t\t\t<div class=\"elementor-element elementor-element-73037e2 elementor-widget elementor-widget-text-editor\" data-id=\"73037e2\" data-element_type=\"widget\" data-e-type=\"widget\" data-widget_type=\"text-editor.default\">\n\t\t\t\t<div class=\"elementor-widget-container\">\n\t\t\t\t\t\t\t\t\t<p style=\"text-align: center;\"><b style=\"caret-color: #000000; font-family: Calibri, sans-serif; font-size: 14.6667px; text-size-adjust: auto;\"><span style=\"font-size: 18pt;\"><br \/>E\u011e\u0130T\u0130M B\u0130LG\u0130LER\u0130:<br \/><\/span><\/b><b style=\"caret-color: #000000; font-family: Calibri, sans-serif; font-size: 14.6667px; text-size-adjust: auto;\"><span style=\"font-size: 10.5pt;\">Format:<br \/><\/span><\/b><strong>Zoom veya MS Teams platformu \u00fczerinden Online S\u0131n\u0131f Dersleri ve Offline Videolar<\/strong><\/p><h6 style=\"text-align: center;\"><b>Ders Program\u0131:\u00a0<br \/><\/b><\/h6><p style=\"text-align: center;\"><strong>G\u00fcn 0 \u00c7ar\u015famba &#8211; 1 Nisan 2026<\/strong><\/p><p style=\"text-align: center;\"><strong>G\u00fcn 1 Per\u015fembe &#8211; 2 Nisan 2026<\/strong><\/p><p style=\"text-align: center;\"><strong>G\u00fcn 2 Cuma &#8211; 3 Nisan 2026<\/strong><\/p><p style=\"text-align: center;\"><strong>G\u00fcn 3 Cumartesi &#8211; 4 Nisan 2026<\/strong><\/p><p style=\"text-align: center;\"><strong>G\u00fcn 4 \u00c7ar\u015famba \u2013 8 Nisan 2026<\/strong><\/p><p style=\"text-align: center;\"><strong>G\u00fcn 5 Per\u015fembe &#8211; 9 Nisan 2026<\/strong><\/p><p style=\"text-align: center;\"><strong>G\u00fcn 6 Cuma &#8211; 10 Nisan 2026<\/strong><\/p><p style=\"text-align: center;\"><strong>G\u00fcn 7 Cumartesi &#8211; 11 Nisan 2026<\/strong><\/p><p style=\"text-align: center;\"><strong>G\u00fcn 8 \u00c7ar\u015famba \u2013 15 Nisan 2026<\/strong><\/p><p style=\"text-align: center;\"><strong>G\u00fcn 9 Per\u015fembe &#8211; 16 Nisan 2026<\/strong><\/p><p style=\"text-align: center;\"><strong>G\u00fcn 10 Cuma &#8211; 17 Nisan 2026<\/strong><\/p><p style=\"text-align: center;\"><strong>G\u00fcn 11 Cumartesi &#8211; 18 Nisan 2026<\/strong><\/p><p style=\"text-align: center;\"><strong>G\u00fcn 12 Per\u015f &#8211; 7 May\u0131s 2026<\/strong><\/p><p style=\"text-align: center;\"><strong>G\u00fcn 13 Cuma &#8211; 8 May\u0131s 2026<\/strong><\/p><h6 style=\"text-align: center;\"><strong>Sunum &amp; Mezuniyet: 24 ve 25 Haziran 2026 g\u00fcnleri t\u00fcm g\u00fcn \u2013 kat\u0131l\u0131m zorunludur \u2013<\/strong><\/h6><p style=\"text-align: center;\"><strong>\u00c7ar\u015famba, Per\u015fembe ve Cuma g\u00fcnleri olan dersler saat 13\u2019den sonra yar\u0131m g\u00fcn,<br \/>Cumartesi g\u00fcnleri olan dersler ise saat 10.00\u2019dan itibaren yar\u0131m g\u00fcn \u015feklinde ger\u00e7ekle\u015ftirilmektedir.<\/strong><\/p><h6 style=\"text-align: center;\"><strong>S\u00fcre: 59 Saat (43 saat online s\u0131n\u0131f dersi ve 16 saat offline video dersler)*<\/strong><br \/><span style=\"font-size: 16px;\"><br \/><\/span><\/h6><p style=\"text-align: left;\"><strong>TE\u0130D Akademi Ba\u015far\u0131 Belgesine hak kazanmak i\u00e7in:<\/strong><\/p><ul><li style=\"text-align: left;\">En az <strong>46 saat ders kat\u0131l\u0131m\u0131<\/strong><\/li><li style=\"text-align: left;\">Program sonunda tamamlanacak online bir test<\/li><li style=\"text-align: left;\">Program sonunda haz\u0131rlanacak ve sunulacak Inpracticum \u00c7al\u0131\u015fmas\u0131 \u2013 takvim detaylar\u0131 program kapsam\u0131nda payla\u015f\u0131lacakt\u0131r.<\/li><\/ul><div style=\"text-align: left;\">\u00a0<\/div><p style=\"text-align: center;\"><strong>\u00dcCRET B\u0130LG\u0130LER\u0130:<\/strong><br \/><br \/>TE\u0130D Akademi &#8220;Kurumsal Etik ve Uyum Y\u00f6netimi&#8221; Program Bedeli\u00a0<br \/><strong>142.000 TL + KDV<\/strong>\u2019dir.\u00a0<br \/><br \/><strong>Erken Kay\u0131t<\/strong>\u00a0indirimli fiyat:\u00a0<strong>125.000 TL + KDV<\/strong>&#8216;dir.<br \/><strong><em>27 \u015eubat 2026 g\u00fcn\u00fc saat 17.00&#8217;ye kadar yap\u0131lacak \u00f6demeler i\u00e7in ge\u00e7erlidi<\/em><\/strong>r.<br \/><br \/><br \/><strong>TE\u0130D Kurumsal \u00dcyeleri<\/strong>nin \u00e7al\u0131\u015fanlar\u0131ndan <strong><u>\u00fcye kurum ba\u015f\u0131na maksimum 3 kat\u0131l\u0131mc\u0131 i\u00e7in uygulanacak<\/u>\u00a0 <br \/>ki\u015fi ba\u015f\u0131 92.500 TL + KDV<\/strong>\u2019lik avantajl\u0131 indirimli fiyattan yararlanabilir.\u00a0<\/p><h6 style=\"text-align: center;\">\u00d6deme Se\u00e7enekleri: Banka havalesi\/EFT ile \u00f6deme Kredi kart\u0131 ile \u00f6deme al\u0131nmamaktad\u0131r.\u00a0<br \/><br \/>*KDV bedeli %20&#8217;dir.<br \/>**E\u011fitime kat\u0131l\u0131m i\u00e7in en ge\u00e7\u00a0<strong><u>27 Mart 2026 g\u00fcn\u00fcne dek\u00a0<\/u><\/strong>e\u011fitim bedelinin \u00f6denmesi gerekmektedir.<br \/>***E\u011fitimin ilk g\u00fcn\u00fcnden\u00a0<strong><u>2 i\u015f g\u00fcn\u00fc \u00f6ncesine kadar<\/u><\/strong>\u00a0iptaller ger\u00e7ekle\u015ftirilebilir, bu tarihten sonra yap\u0131lan iptallerde \u00fccret geri \u00f6denmez.<br \/><br \/><\/h6><p><strong><em>E\u011fitim program\u0131na kat\u0131l\u0131m kontenjan ile s\u0131n\u0131rl\u0131d\u0131r.<br \/>Kontenjan s\u0131ras\u0131\u00a0e\u011fitim bedelinin \u00f6denme tarihi ile belirlenmektedir.\u00a0<br \/><br \/><\/em><\/strong><\/p><h6 style=\"text-align: center;\"><a href=\"https:\/\/tr.surveymonkey.com\/r\/Akademi19D\" target=\"_blank\" rel=\"noopener\"><span style=\"text-decoration: underline;\"><span style=\"color: #800080;\"><b>TE\u0130D Akademi &#8220;Kurumsal Etik ve Uyum Y\u00f6netimi&#8221; <br \/>19. D\u00f6nem Kay\u0131t Formu\u00a0<\/b><\/span><\/span><\/a><\/h6>\t\t\t\t\t\t\t\t<\/div>\n\t\t\t\t<\/div>\n\t\t\t\t\t<\/div>\n\t\t<\/div>\n\t\t\t\t\t<\/div>\n\t\t<\/section>\n\t\t\t\t<\/div>\n\t\t","protected":false},"excerpt":{"rendered":"<p>E\u011e\u0130T\u0130M B\u0130LG\u0130LER\u0130:Format:Zoom veya MS Teams platformu \u00fczerinden Online S\u0131n\u0131f Dersleri ve Offline Videolar Ders Program\u0131:\u00a0 G\u00fcn 0 \u00c7ar\u015famba &#8211; 1 Nisan 2026 G\u00fcn 1 Per\u015fembe &#8211; 2 Nisan 2026 G\u00fcn 2 Cuma &#8211; 3 Nisan 2026 G\u00fcn 3 Cumartesi &#8211; 4 Nisan 2026 G\u00fcn 4 \u00c7ar\u015famba \u2013 8 Nisan 2026 G\u00fcn 5 Per\u015fembe &#8211; 9 [&hellip;]<\/p>\n","protected":false},"author":1,"featured_media":0,"parent":0,"menu_order":0,"comment_status":"closed","ping_status":"closed","template":"elementor_header_footer","meta":{"_bbp_topic_count":0,"_bbp_reply_count":0,"_bbp_total_topic_count":0,"_bbp_total_reply_count":0,"_bbp_voice_count":0,"_bbp_anonymous_reply_count":0,"_bbp_topic_count_hidden":0,"_bbp_reply_count_hidden":0,"_bbp_forum_subforum_count":0,"footnotes":""},"class_list":["post-48936","page","type-page","status-publish","hentry"],"_links":{"self":[{"href":"https:\/\/teidakademi.com\/index.php\/wp-json\/wp\/v2\/pages\/48936","targetHints":{"allow":["GET"]}}],"collection":[{"href":"https:\/\/teidakademi.com\/index.php\/wp-json\/wp\/v2\/pages"}],"about":[{"href":"https:\/\/teidakademi.com\/index.php\/wp-json\/wp\/v2\/types\/page"}],"author":[{"embeddable":true,"href":"https:\/\/teidakademi.com\/index.php\/wp-json\/wp\/v2\/users\/1"}],"replies":[{"embeddable":true,"href":"https:\/\/teidakademi.com\/index.php\/wp-json\/wp\/v2\/comments?post=48936"}],"version-history":[{"count":7,"href":"https:\/\/teidakademi.com\/index.php\/wp-json\/wp\/v2\/pages\/48936\/revisions"}],"predecessor-version":[{"id":48946,"href":"https:\/\/teidakademi.com\/index.php\/wp-json\/wp\/v2\/pages\/48936\/revisions\/48946"}],"wp:attachment":[{"href":"https:\/\/teidakademi.com\/index.php\/wp-json\/wp\/v2\/media?parent=48936"}],"curies":[{"name":"wp","href":"https:\/\/api.w.org\/{rel}","templated":true}]}}